{"id":57803,"date":"2025-06-16T12:22:04","date_gmt":"2025-06-16T15:22:04","guid":{"rendered":"https:\/\/ebpbahia.com.br\/jornadas\/2025\/?page_id=57803"},"modified":"2025-11-16T06:23:31","modified_gmt":"2025-11-16T09:23:31","slug":"bilhete-clinico","status":"publish","type":"page","link":"https:\/\/ebpbahia.com.br\/jornadas\/2025\/jornada_clinica\/bilhete-clinico\/","title":{"rendered":"Bilhete Cl\u00ednico"},"content":{"rendered":"<div class=\"wpb-content-wrapper\"><p>[vc_row][vc_column][vc_column_text css=&#8221;&#8221;]<\/p>\n<h2><span style=\"color: #ff0000;\">O Bilhete Cl\u00ednico: uma escrita para fazer ver<\/span><\/h2>\n<p>A proposta do Bilhete Cl\u00ednico inscreve-se na rubrica JORNADAS CL\u00cdNICAS , espa\u00e7o concebido como um verdadeiro mosaico de ideias, onde se come\u00e7a a aquecer as turbinas da nossa Jornada.<\/p>\n<p>Entre linhas e palavras, entre escuta e escrita, entre leitura e restos \u2014 \u00e9 nesse entre que se desenha o Bilhete Cl\u00ednico. Trata-se de uma escrita breve, ao modo da entrevista preliminar que, ENTRE VISTAS, recolhe o que se deixou marcar, escrever, equivocar.<\/p>\n<p>Se, como nos ensina Lacan, toda entrada em an\u00e1lise \u00e9 precipitada por um ponto de opacidade \u2014 por um n\u00e3o-saber que se encarna em uma pergunta \u2014, o Bilhete Cl\u00ednico se oferece como esse ponto de partida. Seja um recorte de caso, uma cena de filme, uma frase de livro, uma imagem ou som que reverberou, o que ali se prop\u00f5e n\u00e3o \u00e9 ilustrar conceitos, mas extrair efeitos cl\u00ednicos e de transmiss\u00e3o que nos ajudem a pensar a atualidade da pr\u00e1xis.<\/p>\n<p>A aposta dessa escrita \u00e9 a de fazer emergir o singular do caso a caso, na medida em prop\u00f5e circunscrever um real \u2014 a redu\u00e7\u00e3o, o corte e sua consequ\u00eancia na experi\u00eancia anal\u00edtica.<\/p>\n<p>Este pequeno artefato discursivo n\u00e3o busca converter-se em um saber aplicado universalmente, mas, antes, instaurar um vazio fecundo que nos convoque ao trabalho. Que ele possa, assim, desencadear o desejo de saber, o desejo de ler, o desejo de escrever&#8230;[\/vc_column_text][vc_separator color=&#8221;juicy_pink&#8221; css=&#8221;&#8221;][vc_empty_space][\/vc_column][\/vc_row][vc_row][vc_column][vc_column_text css=&#8221;&#8221;]<\/p>\n<h5><strong>Pablo Sauce<\/strong><\/h5>\n<h3><span style=\"color: #ff0000;\"><strong>Esthela Solano-Su\u00e1rez com Lacan<\/strong><\/span><\/h3>\n<p>E. S.-S. telefona e pede uma consulta. Lacan disse: <em>\u201cUma consulta para que\u0302?\u201d.<\/em> Ela respondeu que queria fazer uma ana\u0301lise. Lacan perguntou se era <em>urgente<\/em>. Ela disse que na\u0303o&#8230; ao que ele respondeu: <em>\u201cVenha imediatamente!\u201d<\/em>. Na primeira sess\u00e3o Lacan perguntou <em>por que<\/em> queria fazer uma ana\u0301lise: ela disse que queria <em>tornar-se analista<\/em>&#8230; A resposta dele foi: <em>\u201cE qual e\u0301 o seu sintoma?&#8230; o que e\u0301 que a faz sofrer?\u201d.<\/em> Ela balbuciou, nunca tinha pensado nisso&#8230; <em>\u201cO que lhe deixou a ana\u0301lise que voce\u0302 fez com B.?<\/em>[\/vc_column_text]<style type=\"text\/css\" data-type=\"the7_shortcodes-inline-css\">#default-btn-3f5c565053ece569ee45ca0be66470c7.ico-right-side > i {\n  margin-right: 0px;\n  margin-left: 8px;\n}\n#default-btn-3f5c565053ece569ee45ca0be66470c7 > i {\n  margin-right: 8px;\n}<\/style><a href=\"https:\/\/ebpbahia.com.br\/jornadas\/2025\/bilhete-clinico-6\/\" class=\"default-btn-shortcode dt-btn dt-btn-s link-hover-off btn-inline-left \" id=\"default-btn-3f5c565053ece569ee45ca0be66470c7\" title=\"Bilhete Cl\u00ednico 1\"><span>Leia +<\/span><\/a>[\/vc_column][\/vc_row][vc_row][vc_column][vc_empty_space][vc_separator color=&#8221;juicy_pink&#8221; css=&#8221;&#8221;][vc_empty_space][\/vc_column][\/vc_row][vc_row][vc_column][vc_column_text css=&#8221;&#8221;]<\/p>\n<h5>Carla Fernandes<\/h5>\n<h3><span style=\"color: #ff0000;\"><strong>O ato anal\u00edtico nas entrevistas preliminares<\/strong><\/span><\/h3>\n<p>Um candidato a analisante pede an\u00e1lise com Lacan. Pierre Rey, jornalista e escritor. Em uma das consultas, nas entrevistas preliminares, sabendo que o paciente dormia at\u00e9 tarde, Lacan se despede marcando: \u201cAt\u00e9 amanh\u00e3 \u00e0s seis\u201d.[\/vc_column_text]<style type=\"text\/css\" data-type=\"the7_shortcodes-inline-css\">#default-btn-f834a8b2200ef7c87022ef6b902505ea.ico-right-side > i {\n  margin-right: 0px;\n  margin-left: 8px;\n}\n#default-btn-f834a8b2200ef7c87022ef6b902505ea > i {\n  margin-right: 8px;\n}<\/style><a href=\"https:\/\/ebpbahia.com.br\/jornadas\/2025\/bilhete-clinico-5\/\" class=\"default-btn-shortcode dt-btn dt-btn-s link-hover-off btn-inline-left \" id=\"default-btn-f834a8b2200ef7c87022ef6b902505ea\" title=\"Bilhete Cl\u00ednico 1\"><span>Leia +<\/span><\/a>[\/vc_column][\/vc_row][vc_row][vc_column][vc_empty_space][vc_separator color=&#8221;juicy_pink&#8221; css=&#8221;&#8221;][vc_empty_space][\/vc_column][\/vc_row][vc_row][vc_column][vc_column_text css=&#8221;&#8221;]<\/p>\n<h5>R\u00f4mulo Ferreira da Silva<\/h5>\n<h3><span style=\"color: #ff0000;\">\u201cSou bi\u201d<\/span><\/h3>\n<p>F\u00e9lix, de 17 anos, se apresenta para o tratamento com Ligia Gorini<a href=\"https:\/\/ebpbahia.com.br\/jornadas\/2025\/bilhete-clinico-4\/#_ftn1\" name=\"_ftnref1\">[1]<\/a>\u00a0dizendo \u201cEu sou bi\u201d. Sempre esteve em relacionamento heterossexual e se orgulha de ser o preferido das mulheres, estabelecendo rela\u00e7\u00f5es plat\u00f4nicas e de cumplicidade, em uma s\u00e9rie de imagens duplicadas de si mesmo.[\/vc_column_text]<style type=\"text\/css\" data-type=\"the7_shortcodes-inline-css\">#default-btn-e057d9d465cc947e109d26f14133fff3.ico-right-side > i {\n  margin-right: 0px;\n  margin-left: 8px;\n}\n#default-btn-e057d9d465cc947e109d26f14133fff3 > i {\n  margin-right: 8px;\n}<\/style><a href=\"https:\/\/ebpbahia.com.br\/jornadas\/2025\/bilhete-clinico-4\/\" class=\"default-btn-shortcode dt-btn dt-btn-s link-hover-off btn-inline-left \" id=\"default-btn-e057d9d465cc947e109d26f14133fff3\" title=\"Bilhete Cl\u00ednico 1\"><span>Leia +<\/span><\/a>[\/vc_column][\/vc_row][vc_row][vc_column][vc_empty_space][vc_separator color=&#8221;juicy_pink&#8221; css=&#8221;&#8221;][vc_empty_space][\/vc_column][\/vc_row][vc_row][vc_column][vc_column_text css=&#8221;&#8221;]<\/p>\n<h5>T\u00e2nia Abreu<\/h5>\n<h3><span style=\"color: #ff0000;\">\u201cA Eleg\u00e2ncia de um destino\u201d<\/span><\/h3>\n<p>Com essa express\u00e3o, Miller definiu o percurso de Bernardino Horne na vida, intimamente ligada \u00e0 psican\u00e1lise.<\/p>\n<p>O sujeito volta a Paris para dar continuidade \u00e0s entrevistas preliminares, centrado em um problema com o saber&#8230;[\/vc_column_text]<style type=\"text\/css\" data-type=\"the7_shortcodes-inline-css\">#default-btn-c5e44bca0dd61e3106640215199654a1.ico-right-side > i {\n  margin-right: 0px;\n  margin-left: 8px;\n}\n#default-btn-c5e44bca0dd61e3106640215199654a1 > i {\n  margin-right: 8px;\n}<\/style><a href=\"https:\/\/ebpbahia.com.br\/jornadas\/2025\/bilhete-clinico-3\/\" class=\"default-btn-shortcode dt-btn dt-btn-s link-hover-off btn-inline-left \" id=\"default-btn-c5e44bca0dd61e3106640215199654a1\" title=\"Bilhete Cl\u00ednico 1\"><span>Leia +<\/span><\/a>[\/vc_column][\/vc_row][vc_row][vc_column][vc_empty_space][vc_separator color=&#8221;juicy_pink&#8221; css=&#8221;&#8221;][vc_empty_space][\/vc_column][\/vc_row][vc_row][vc_column][vc_column_text css=&#8221;&#8221;]<\/p>\n<h5>Al\u00e9ssia Fontenelle<\/h5>\n<h3><span style=\"color: #ff0000;\">Descolamento<\/span><\/h3>\n<p>A demanda de atendimento com urg\u00eancia chega por WhatsApp, em uma sexta-feira \u00e0 noite, ap\u00f3s anos levando na bolsa, de um lado para o outro, a indica\u00e7\u00e3o do analista. \u00c0 proposta de hor\u00e1rio \u2014 &#8220;Sexta-feira, \u00e0s 19 horas?&#8221; \u2014 a resposta vem imediata, confirmando o hor\u00e1rio, por\u00e9m, para a semana seguinte.[\/vc_column_text]<style type=\"text\/css\" data-type=\"the7_shortcodes-inline-css\">#default-btn-6ed9230d0d2532b1db2556f3dddbf213.ico-right-side > i {\n  margin-right: 0px;\n  margin-left: 8px;\n}\n#default-btn-6ed9230d0d2532b1db2556f3dddbf213 > i {\n  margin-right: 8px;\n}<\/style><a href=\"https:\/\/ebpbahia.com.br\/jornadas\/2025\/bilhete-clinico-2\/\" class=\"default-btn-shortcode dt-btn dt-btn-s link-hover-off btn-inline-left \" id=\"default-btn-6ed9230d0d2532b1db2556f3dddbf213\" title=\"Bilhete Cl\u00ednico 1\"><span>Leia +<\/span><\/a>[\/vc_column][\/vc_row][vc_row][vc_column][vc_empty_space][vc_separator color=&#8221;juicy_pink&#8221; css=&#8221;&#8221;][vc_empty_space][\/vc_column][\/vc_row][vc_row][vc_column][vc_column_text css=&#8221;&#8221;]<\/p>\n<h3><span style=\"color: #ff0000;\">A hero\u00edna<\/span><\/h3>\n<h6>Pablo Sauce<\/h6>\n<p><em>Hero<\/em>, ativista pol\u00edtica de sucesso, exilada e <em>\u201cex-heroin\u00f4mana\u201d; <\/em>retorna a seu pa\u00eds de origem, onde j\u00e1 n\u00e3o est\u00e1 amea\u00e7ada de morte por seu <em>ativismo heroico<\/em>, para librar-se da <em>hero\u00edna<\/em>. Vicia-se em coca\u00edna e consulta quando seu ativismo fica amea\u00e7ado por esta e tem a <em>sensa\u00e7\u00e3o<\/em> de que algo nela vem desfiando; o que desperta o <em>\u201cinstinto de sobreviv\u00eancia\u201d <\/em>que sempre teve. O analista pergunta por essa <em>sensa\u00e7\u00e3o <\/em>e ela responde que antecede a droga; que a acompanha desde sempre, como uma maldi\u00e7\u00e3o. Admira personagens atrevidos, desapegados<em>, <\/em>que vivem<em> \u201cno fio da navalha\u201d<\/em>.[\/vc_column_text]<style type=\"text\/css\" data-type=\"the7_shortcodes-inline-css\">#default-btn-84ba39623c045f20cf4ef3e02616771d.ico-right-side > i {\n  margin-right: 0px;\n  margin-left: 8px;\n}\n#default-btn-84ba39623c045f20cf4ef3e02616771d > i {\n  margin-right: 8px;\n}<\/style><a href=\"https:\/\/ebpbahia.com.br\/jornadas\/2025\/bilhete-clinico-1\/\" class=\"default-btn-shortcode dt-btn dt-btn-s link-hover-off btn-inline-left \" id=\"default-btn-84ba39623c045f20cf4ef3e02616771d\" title=\"Bilhete Cl\u00ednico 1\"><span>Leia +<\/span><\/a>[\/vc_column][\/vc_row]<\/p>\n<\/div>","protected":false},"excerpt":{"rendered":"<p>[vc_row][vc_column][vc_column_text css=&#8221;&#8221;] O Bilhete Cl\u00ednico: uma escrita para fazer ver A proposta do Bilhete Cl\u00ednico inscreve-se na rubrica JORNADAS CL\u00cdNICAS , espa\u00e7o concebido como um verdadeiro mosaico de ideias, onde se come\u00e7a a aquecer as turbinas da nossa Jornada. Entre linhas e palavras, entre escuta e escrita, entre leitura e restos \u2014 \u00e9 nesse entre&hellip;<\/p>\n","protected":false},"author":1,"featured_media":0,"parent":57631,"menu_order":0,"comment_status":"closed","ping_status":"closed","template":"","meta":{"footnotes":""},"class_list":["post-57803","page","type-page","status-publish","hentry","description-off"],"_links":{"self":[{"href":"https:\/\/ebpbahia.com.br\/jornadas\/2025\/wp-json\/wp\/v2\/pages\/57803","targetHints":{"allow":["GET"]}}],"collection":[{"href":"https:\/\/ebpbahia.com.br\/jornadas\/2025\/wp-json\/wp\/v2\/pages"}],"about":[{"href":"https:\/\/ebpbahia.com.br\/jornadas\/2025\/wp-json\/wp\/v2\/types\/page"}],"author":[{"embeddable":true,"href":"https:\/\/ebpbahia.com.br\/jornadas\/2025\/wp-json\/wp\/v2\/users\/1"}],"replies":[{"embeddable":true,"href":"https:\/\/ebpbahia.com.br\/jornadas\/2025\/wp-json\/wp\/v2\/comments?post=57803"}],"version-history":[{"count":14,"href":"https:\/\/ebpbahia.com.br\/jornadas\/2025\/wp-json\/wp\/v2\/pages\/57803\/revisions"}],"predecessor-version":[{"id":57871,"href":"https:\/\/ebpbahia.com.br\/jornadas\/2025\/wp-json\/wp\/v2\/pages\/57803\/revisions\/57871"}],"up":[{"embeddable":true,"href":"https:\/\/ebpbahia.com.br\/jornadas\/2025\/wp-json\/wp\/v2\/pages\/57631"}],"wp:attachment":[{"href":"https:\/\/ebpbahia.com.br\/jornadas\/2025\/wp-json\/wp\/v2\/media?parent=57803"}],"curies":[{"name":"wp","href":"https:\/\/api.w.org\/{rel}","templated":true}]}}