{"id":57633,"date":"2025-03-30T08:19:28","date_gmt":"2025-03-30T11:19:28","guid":{"rendered":"https:\/\/ebpbahia.com.br\/jornadas\/2025\/?page_id=57633"},"modified":"2025-10-13T08:41:19","modified_gmt":"2025-10-13T11:41:19","slug":"inscricoes","status":"publish","type":"page","link":"https:\/\/ebpbahia.com.br\/jornadas\/2025\/inscricoes\/","title":{"rendered":"Inscri\u00e7\u00f5es"},"content":{"rendered":"<div class=\"wpb-content-wrapper\"><p>[vc_row][vc_column][vc_column_text css=&#8221;&#8221;]<\/p>\n<p style=\"text-align: center;\">Confira os valores e modalidade de inscri\u00e7\u00e3o e clique no bot\u00e3o abaixo.<\/p>\n<p style=\"text-align: center;\">Comprovante \u2013 Em caso de inscri\u00e7\u00e3o nas modalidades de\u00a0<span style=\"color: #ff0000;\"><em><strong>Estudantes de Gradua\u00e7\u00e3o, Aluno do IPB ou TPOL,<\/strong><\/em><\/span> envie o seu comprovante de matr\u00edcula para o email: <a href=\"mailto:jornadas@ebpbahia.com.br\">jornadas@ebpbahia.com.br<\/a><\/p>\n<p style=\"text-align: center;\"><span style=\"color: #ff0000;\"><strong>A\u00e7\u00f5es Afirmativas<\/strong><\/span>\u00a0mediante justificativa dirigida ao e-mail <a href=\"mailto:jornada.condicoesespeciais@gmail.com\">jornada.condicoesespeciais@gmail.com<\/a><\/p>\n<p>[\/vc_column_text][\/vc_column][\/vc_row][vc_row][vc_column][vc_column_text css=&#8221;&#8221;]<\/p>\n<h2 style=\"text-align: center;\"><span style=\"color: #003366;\">EVENTO PRESENCIAL<\/span><\/h2>\n<p>[\/vc_column_text][\/vc_column][\/vc_row][vc_row bg_type=&#8221;bg_color&#8221; bg_color_value=&#8221;#002D38&#8243;][vc_column][vc_column_text css=&#8221;&#8221;]<\/p>\n<h2 style=\"text-align: center;\"><\/h2>\n<h5 style=\"text-align: center;\"><span style=\"color: #ffffff;\">(a partir de 1\u00ba de julho)<\/span><\/h5>\n<p>[\/vc_column_text][\/vc_column][\/vc_row][vc_row equal_height=&#8221;yes&#8221;][vc_column width=&#8221;1\/4&#8243; css=&#8221;.vc_custom_1746786433179{margin-right: 5px !important;margin-left: 5px !important;background-color: #E4E4E4 !important;border-color: #FFFFFF !important;}&#8221;][vc_column_text css=&#8221;&#8221;]<\/p>\n<h5 style=\"text-align: center;\">Membros e profissionais<\/h5>\n<h3 style=\"text-align: center;\"><span style=\"color: #003366;\">VAGAS ESGOTADAS<\/span><\/h3>\n<p>[\/vc_column_text][\/vc_column][vc_column width=&#8221;1\/4&#8243; css=&#8221;.vc_custom_1746786388022{margin-right: 5px !important;margin-left: 5px !important;background-color: #E4E4E4 !important;border-color: #FFFFFF !important;}&#8221;][vc_column_text css=&#8221;&#8221;]<\/p>\n<h5 style=\"text-align: center;\">Associados e NPJ<\/h5>\n<h3 style=\"text-align: center;\"><span style=\"color: #003366;\">VAGAS ESGOTADAS<\/span><\/h3>\n<p>[\/vc_column_text][\/vc_column][vc_column width=&#8221;1\/4&#8243; css=&#8221;.vc_custom_1746786394922{margin-right: 5px !important;margin-left: 5px !important;background-color: #E4E4E4 !important;border-color: #FFFFFF !important;}&#8221;][vc_column_text css=&#8221;&#8221;]<\/p>\n<h5 style=\"text-align: center;\">Grad. e Formados pelo Fies at\u00e9 2 anos<\/h5>\n<h3 style=\"text-align: center;\"><span style=\"color: #003366;\">VAGAS ESGOTADAS<\/span><\/h3>\n<p>[\/vc_column_text][\/vc_column][vc_column width=&#8221;1\/4&#8243; css=&#8221;.vc_custom_1746786441723{margin-right: 5px !important;margin-left: 5px !important;background-color: #E4E4E4 !important;border-color: #FFFFFF !important;}&#8221;][vc_column_text css=&#8221;&#8221;]<\/p>\n<h5 style=\"text-align: center;\">A\u00e7\u00f5es Afirmativas<\/h5>\n<h3 style=\"text-align: center;\"><span style=\"color: #003366;\">VAGAS ESGOTADAS<\/span><\/h3>\n<p>[\/vc_column_text][\/vc_column][\/vc_row][vc_row][vc_column][vc_empty_space height=&#8221;30px&#8221;][\/vc_column][\/vc_row]<\/p>\n<\/div>","protected":false},"excerpt":{"rendered":"<p>[vc_row][vc_column][vc_column_text css=&#8221;&#8221;] Confira os valores e modalidade de inscri\u00e7\u00e3o e clique no bot\u00e3o abaixo. Comprovante \u2013 Em caso de inscri\u00e7\u00e3o nas modalidades de\u00a0Estudantes de Gradua\u00e7\u00e3o, Aluno do IPB ou TPOL, envie o seu comprovante de matr\u00edcula para o email: jornadas@ebpbahia.com.br A\u00e7\u00f5es Afirmativas\u00a0mediante justificativa dirigida ao e-mail jornada.condicoesespeciais@gmail.com [\/vc_column_text][\/vc_column][\/vc_row][vc_row][vc_column][vc_column_text css=&#8221;&#8221;] EVENTO PRESENCIAL [\/vc_column_text][\/vc_column][\/vc_row][vc_row bg_type=&#8221;bg_color&#8221; bg_color_value=&#8221;#002D38&#8243;][vc_column][vc_column_text css=&#8221;&#8221;]&hellip;<\/p>\n","protected":false},"author":1,"featured_media":0,"parent":0,"menu_order":0,"comment_status":"closed","ping_status":"closed","template":"","meta":{"footnotes":""},"class_list":["post-57633","page","type-page","status-publish","hentry","description-off"],"_links":{"self":[{"href":"https:\/\/ebpbahia.com.br\/jornadas\/2025\/wp-json\/wp\/v2\/pages\/57633","targetHints":{"allow":["GET"]}}],"collection":[{"href":"https:\/\/ebpbahia.com.br\/jornadas\/2025\/wp-json\/wp\/v2\/pages"}],"about":[{"href":"https:\/\/ebpbahia.com.br\/jornadas\/2025\/wp-json\/wp\/v2\/types\/page"}],"author":[{"embeddable":true,"href":"https:\/\/ebpbahia.com.br\/jornadas\/2025\/wp-json\/wp\/v2\/users\/1"}],"replies":[{"embeddable":true,"href":"https:\/\/ebpbahia.com.br\/jornadas\/2025\/wp-json\/wp\/v2\/comments?post=57633"}],"version-history":[{"count":50,"href":"https:\/\/ebpbahia.com.br\/jornadas\/2025\/wp-json\/wp\/v2\/pages\/57633\/revisions"}],"predecessor-version":[{"id":57850,"href":"https:\/\/ebpbahia.com.br\/jornadas\/2025\/wp-json\/wp\/v2\/pages\/57633\/revisions\/57850"}],"wp:attachment":[{"href":"https:\/\/ebpbahia.com.br\/jornadas\/2025\/wp-json\/wp\/v2\/media?parent=57633"}],"curies":[{"name":"wp","href":"https:\/\/api.w.org\/{rel}","templated":true}]}}