{"id":57631,"date":"2025-03-30T08:19:07","date_gmt":"2025-03-30T11:19:07","guid":{"rendered":"https:\/\/ebpbahia.com.br\/jornadas\/2025\/?page_id=57631"},"modified":"2025-05-12T15:01:54","modified_gmt":"2025-05-12T18:01:54","slug":"jornada_clinica","status":"publish","type":"page","link":"https:\/\/ebpbahia.com.br\/jornadas\/2025\/jornada_clinica\/","title":{"rendered":"Jornada Cl\u00ednica"},"content":{"rendered":"<p style=\"text-align: justify;\">Praticantes da psican\u00e1lise,<\/p>\n<p style=\"text-align: justify;\">Esperamos que cada um que leia esta carta, se encontre bem.<\/p>\n<p style=\"text-align: justify;\">O cartel que comp\u00f5e a comiss\u00e3o organizadora da Jornada Cl\u00ednica da XXIX Jornada da EBP Bahia, tem um convite a lhes fazer: enviem seus casos cl\u00ednicos, advindos de sua pr\u00e1tica em consult\u00f3rio ou em institui\u00e7\u00e3o, at\u00e9 o dia <strong>1\u00ba de setembro de 2025 <\/strong>e integrem a grande conversa\u00e7\u00e3o que se dar\u00e1 em torno do tema da Jornada: <strong>a entrada em an\u00e1lise e as entrevistas preliminares<\/strong>.<\/p>\n<p style=\"text-align: justify;\">Temos boas not\u00edcias: ser\u00e3o aceitos casos cl\u00ednicos ou vinhetas oriundos dos diversos dispositivos de atua\u00e7\u00e3o, desde que contenham um gr\u00e3o de constru\u00e7\u00e3o te\u00f3rica que fa\u00e7a avan\u00e7ar o tema, privilegiando especialmente as <strong>interven\u00e7\u00f5es do praticante<\/strong>. O objetivo deste momento cl\u00ednico \u00e9 extrair consequ\u00eancias do encontro com o praticante \u2014 do efeito acontecimento que tal encontro opera na vida do <em>falasser \u2014, <\/em>marcas de um antes e um depois<em>. <\/em>Acreditamos que, por esta via, poderemos testemunhar o <strong>vivo da experi\u00eancia anal\u00edtica<\/strong>, em suas diversas modalidades de entrada em an\u00e1lise e naquilo que lhe \u00e9 preliminar, numa cl\u00ednica orientada pelo real.<\/p>\n<p style=\"text-align: justify;\">A escolha do fragmento cl\u00ednico \u00e9 decis\u00e3o de cada praticante, que dever\u00e1 eleger o recorte capaz de demonstrar como se posicionou nos primeiros encontros com o sujeito, bem como o que desses encontros lhe fez quest\u00e3o. Contamos com as inquieta\u00e7\u00f5es de cada um para fazer avan\u00e7ar nossa pr\u00e1xis, assim como com os cuidados \u00e9ticos para n\u00e3o corrermos o risco de expor o caso cl\u00ednico.<\/p>\n<p style=\"text-align: justify;\">Para tanto, seguem abaixo algumas informa\u00e7\u00f5es preciosas para a constru\u00e7\u00e3o e envio do seu trabalho:<\/p>\n<ul style=\"text-align: justify;\">\n<li>N\u00e3o \u00e9 necess\u00e1rio ser membro da EBP ou associado do IPB para submeter um trabalho, mas \u00e9 indispens\u00e1vel estar inscrito na Jornada.<\/li>\n<li>O trabalho deve ser enviado, at\u00e9 <strong>1\u00ba de setembro de 2025<\/strong>, para o seguinte endere\u00e7o: <a href=\"mailto:jornadaclinicaebpbahia@gmail.com\"><strong>jornadaclinicaebpbahia@gmail.com<\/strong><\/a><\/li>\n<li>O argumento da Jornada e os eixos tem\u00e1ticos podem ser consultados no site:<strong> <a href=\"https:\/\/ebpbahia.com.br\/jornadas\/2025\">https:\/\/ebpbahia.com.br\/jornadas\/2025<\/a><\/strong><\/li>\n<li>No assunto do e-mail, informe: nome completo, eixo tem\u00e1tico escolhido e contato telef\u00f4nico.<\/li>\n<li>No corpo do trabalho, inclua: o t\u00edtulo, seu nome completo e endere\u00e7o de e-mail.<\/li>\n<li>O texto deve ser enviado em formato Word, fonte Times New Roman, tamanho 12, justificado, espa\u00e7amento 1,5 entre linhas.<\/li>\n<li>O limite do trabalho \u00e9 de 6.000 caracteres, incluindo espa\u00e7os, notas (se houver) e refer\u00eancias bibliogr\u00e1ficas.<\/li>\n<\/ul>\n<p style=\"text-align: justify;\">Lembramos que a revis\u00e3o do texto \u00e9 de responsabilidade do autor. Ao cartel cabe a leitura atenta e \u00e9tica dos trabalhos, que ser\u00e3o submetidos \u00e0 sele\u00e7\u00e3o.<\/p>\n<p style=\"text-align: justify;\">Para finalizar, recordamos que o envio do seu trabalho e sua leitura pelo cartel, constituem o que h\u00e1 de preliminar na constru\u00e7\u00e3o da Jornada Cl\u00ednica <em>\u2014 <\/em>aquilo que se passa nos bastidores do que veremos no dia <strong>21 de novembro de 2025<\/strong>.<\/p>\n<p style=\"text-align: justify;\">Encorajem-se!<\/p>\n<p style=\"text-align: justify;\">At\u00e9 breve,<\/p>\n<p style=\"text-align: justify;\"><strong>T\u00e2nia Abreu (EBP\/AMP)<\/strong><br \/>\n<em>Coordenadora da Jornada Cl\u00ednica\/2025<\/em><\/p>\n","protected":false},"excerpt":{"rendered":"<p>Praticantes da psican\u00e1lise, Esperamos que cada um que leia esta carta, se encontre bem. O cartel que comp\u00f5e a comiss\u00e3o organizadora da Jornada Cl\u00ednica da XXIX Jornada da EBP Bahia, tem um convite a lhes fazer: enviem seus casos cl\u00ednicos, advindos de sua pr\u00e1tica em consult\u00f3rio ou em institui\u00e7\u00e3o, at\u00e9 o dia 1\u00ba de setembro&hellip;<\/p>\n","protected":false},"author":1,"featured_media":0,"parent":0,"menu_order":0,"comment_status":"closed","ping_status":"closed","template":"","meta":{"footnotes":""},"class_list":["post-57631","page","type-page","status-publish","hentry","description-off"],"_links":{"self":[{"href":"https:\/\/ebpbahia.com.br\/jornadas\/2025\/wp-json\/wp\/v2\/pages\/57631","targetHints":{"allow":["GET"]}}],"collection":[{"href":"https:\/\/ebpbahia.com.br\/jornadas\/2025\/wp-json\/wp\/v2\/pages"}],"about":[{"href":"https:\/\/ebpbahia.com.br\/jornadas\/2025\/wp-json\/wp\/v2\/types\/page"}],"author":[{"embeddable":true,"href":"https:\/\/ebpbahia.com.br\/jornadas\/2025\/wp-json\/wp\/v2\/users\/1"}],"replies":[{"embeddable":true,"href":"https:\/\/ebpbahia.com.br\/jornadas\/2025\/wp-json\/wp\/v2\/comments?post=57631"}],"version-history":[{"count":5,"href":"https:\/\/ebpbahia.com.br\/jornadas\/2025\/wp-json\/wp\/v2\/pages\/57631\/revisions"}],"predecessor-version":[{"id":57763,"href":"https:\/\/ebpbahia.com.br\/jornadas\/2025\/wp-json\/wp\/v2\/pages\/57631\/revisions\/57763"}],"wp:attachment":[{"href":"https:\/\/ebpbahia.com.br\/jornadas\/2025\/wp-json\/wp\/v2\/media?parent=57631"}],"curies":[{"name":"wp","href":"https:\/\/api.w.org\/{rel}","templated":true}]}}