{"id":57628,"date":"2025-03-30T08:18:36","date_gmt":"2025-03-30T11:18:36","guid":{"rendered":"https:\/\/ebpbahia.com.br\/jornadas\/2025\/?page_id=57628"},"modified":"2025-03-30T10:07:07","modified_gmt":"2025-03-30T13:07:07","slug":"contato","status":"publish","type":"page","link":"https:\/\/ebpbahia.com.br\/jornadas\/2025\/contato\/","title":{"rendered":"Contato"},"content":{"rendered":"<div class=\"wpb-content-wrapper\"><p>[vc_row][vc_column][vc_column_text css=&#8221;&#8221;]O conte\u00fado estar\u00e1 dispon\u00edvel em breve.[\/vc_column_text][\/vc_column][\/vc_row]<\/p>\n<\/div>","protected":false},"excerpt":{"rendered":"<p>[vc_row][vc_column][vc_column_text css=&#8221;&#8221;]O conte\u00fado estar\u00e1 dispon\u00edvel em breve.[\/vc_column_text][\/vc_column][\/vc_row]<\/p>\n","protected":false},"author":1,"featured_media":0,"parent":0,"menu_order":0,"comment_status":"closed","ping_status":"closed","template":"","meta":{"footnotes":""},"class_list":["post-57628","page","type-page","status-publish","hentry","description-off"],"_links":{"self":[{"href":"https:\/\/ebpbahia.com.br\/jornadas\/2025\/wp-json\/wp\/v2\/pages\/57628","targetHints":{"allow":["GET"]}}],"collection":[{"href":"https:\/\/ebpbahia.com.br\/jornadas\/2025\/wp-json\/wp\/v2\/pages"}],"about":[{"href":"https:\/\/ebpbahia.com.br\/jornadas\/2025\/wp-json\/wp\/v2\/types\/page"}],"author":[{"embeddable":true,"href":"https:\/\/ebpbahia.com.br\/jornadas\/2025\/wp-json\/wp\/v2\/users\/1"}],"replies":[{"embeddable":true,"href":"https:\/\/ebpbahia.com.br\/jornadas\/2025\/wp-json\/wp\/v2\/comments?post=57628"}],"version-history":[{"count":1,"href":"https:\/\/ebpbahia.com.br\/jornadas\/2025\/wp-json\/wp\/v2\/pages\/57628\/revisions"}],"predecessor-version":[{"id":57629,"href":"https:\/\/ebpbahia.com.br\/jornadas\/2025\/wp-json\/wp\/v2\/pages\/57628\/revisions\/57629"}],"wp:attachment":[{"href":"https:\/\/ebpbahia.com.br\/jornadas\/2025\/wp-json\/wp\/v2\/media?parent=57628"}],"curies":[{"name":"wp","href":"https:\/\/api.w.org\/{rel}","templated":true}]}}