{"id":782,"date":"2024-10-21T09:24:58","date_gmt":"2024-10-21T12:24:58","guid":{"rendered":"https:\/\/ebpbahia.com.br\/jornadas\/2024\/?page_id=782"},"modified":"2024-10-21T09:24:58","modified_gmt":"2024-10-21T12:24:58","slug":"boletim-phatos-extra-06","status":"publish","type":"page","link":"https:\/\/ebpbahia.com.br\/jornadas\/2024\/boletim-phatos\/boletim-phatos-extra-06\/","title":{"rendered":"Boletim PH\u00c1TOS EXTRA #06"},"content":{"rendered":"<div class=\"wpb-content-wrapper\">[vc_row][vc_column][vc_single_image image=&#8221;369&#8243; css=&#8221;&#8221;][vc_empty_space][vc_column_text css=&#8221;&#8221;]\n<h6 style=\"text-align: center;\">EXTRA 006 &#8211; OUTUBRO 2024<\/h6>\n[\/vc_column_text][\/vc_column][\/vc_row][vc_row][vc_column][vc_separator color=&#8221;mulled_wine&#8221; css=&#8221;&#8221;][\/vc_column][\/vc_row][vc_row][vc_column][vc_column_text css=&#8221;&#8221;]\n<h3>EDITORIAL<\/h3>\n[\/vc_column_text][vc_empty_space][vc_column_text css=&#8221;&#8221;]\n<h6><span style=\"font-size: 13px;\">Marcela Antelo AME (EBP\/AMP)<\/span><\/h6>\n<p>Na \u00faltima frase da \u201cNota italiana\u201d, de 1973, podemos ler Lacan afirmar: \u201cTudo deve girar em torno dos escritos a serem publicados\u201d<sup>1<\/sup>.<\/p>\n<p>Hoje, apresentamos para voc\u00eas, leitores, o n\u00famero 21 da nossa revista Agente, que estar\u00e1 dispon\u00edvel na livraria da nossa Jornada que acontecer\u00e1 nesta semana. Ele retrata a voluta da fala que nos enreda e nos faz girar \u2014 que maravilha! \u2014 no que, com Lacan, chamamos de transfer\u00eancia de trabalho, acontecimento que produz frutos s\u00e9rios quando ela gera s\u00e9ries.<\/p>\n<p>A Se\u00e7\u00e3o Bahia e o Instituto v\u00eam rodando a baiana o ano inteiro com o tema das paix\u00f5es, gingando com eleg\u00e2ncia e fazendo acrobacias com esse objeto te\u00f3rico inquietante, presente na experi\u00eancia anal\u00edtica de in\u00edcio ao fim.<\/p>\n<p>O tema faz parte de nossa mem\u00f3ria desde o ano 2000, quando, na nossa VII Jornada, \u00c9ric Laurent desenvolveu um semin\u00e1rio marcante para nossa audi\u00eancia atenta, publicado no livro Paix\u00f5es do ser, esgotado j\u00e1 h\u00e1 muitos anos. A Diretoria da Se\u00e7\u00e3o escolheu republicar esse semin\u00e1rio por ocasi\u00e3o da XXVIII Jornada da Se\u00e7\u00e3o Bahia e da XXIV Jornada do IPB. \u00c9ric Laurent acrescentou mais duas apresenta\u00e7\u00f5es ao vivo: uma no Rio, em 2016, e outra em Turim, em 2017. O objeto extra\u00eddo da\u00ed \u00e9 um livro que todos queremos alojar na nossa estante. Tamb\u00e9m estar\u00e1 dispon\u00edvel na livraria da Jornada, apaixonante.<\/p>\n<h6><span style=\"font-size: 10px;\"><sup>1<\/sup> LACAN, Jacques. Nota italiana. (1973) In: LACAN, Jacques. Outros escritos. Rio de Janeiro: Jorge Zahar Ed., 2003. p. 315.<\/span><\/h6>\n[\/vc_column_text][\/vc_column][\/vc_row][vc_row][vc_column][vc_separator color=&#8221;mulled_wine&#8221; css=&#8221;&#8221;][\/vc_column][\/vc_row][vc_row][vc_column][vc_column_text css=&#8221;&#8221;]\n<h3><span style=\"color: #000000;\">REVISTA AGENTE 21<\/span><\/h3>\n[\/vc_column_text][vc_single_image image=&#8221;781&#8243; onclick=&#8221;custom_link&#8221; css=&#8221;&#8221; link=&#8221;https:\/\/youtu.be\/QLVQyndUiIc&#8221;][\/vc_column][\/vc_row][vc_row][vc_column][vc_separator color=&#8221;mulled_wine&#8221; css=&#8221;&#8221;][\/vc_column][\/vc_row][vc_row][vc_column][vc_column_text css=&#8221;&#8221;]\n<h3><span style=\"color: #000000;\">\u00c9RIC LAURENT PAIX\u00d5ES DO PARL\u00caTRE<\/span><\/h3>\n[\/vc_column_text][vc_single_image image=&#8221;780&#8243; onclick=&#8221;custom_link&#8221; css=&#8221;&#8221; link=&#8221;https:\/\/youtu.be\/5ntpJojXKnw&#8221;][\/vc_column][\/vc_row][vc_row][vc_column][vc_separator color=&#8221;mulled_wine&#8221; css=&#8221;&#8221;][\/vc_column][\/vc_row][vc_row css=&#8221;.vc_custom_1715165963575{margin-top: 0px !important;margin-right: 0px !important;margin-bottom: 0px !important;margin-left: 0px !important;border-top-width: 0px !important;border-right-width: 0px !important;border-bottom-width: 0px !important;border-left-width: 0px !important;padding-top: 0px !important;padding-right: 0px !important;padding-bottom: 0px !important;padding-left: 0px !important;background-color: #000000 !important;}&#8221;][vc_column][vc_single_image image=&#8221;370&#8243; css=&#8221;&#8221;][vc_column_text css=&#8221;&#8221;]\n<p style=\"text-align: center;\"><span style=\"color: #ffffff;\"><strong>Diretor Se\u00e7\u00e3o<\/strong> &#8211; Luiz Felipe Monteiro | <strong>Diretora do IPB<\/strong> &#8211; Analicea Calmon<\/span><\/p>\n<p style=\"text-align: center;\"><span style=\"color: #ffffff;\"><strong>Coordenador Geral da Jornada<\/strong> &#8211; Iordan Gurgel<\/span><\/p>\n<p style=\"text-align: center;\"><span style=\"color: #ffffff;\"><strong>Coordenador da Comiss\u00e3o de Comunica\u00e7\u00e3o<\/strong> &#8211; Marcelo Magnelli<\/span><\/p>\n<p style=\"text-align: center;\"><span style=\"color: #ffffff;\"><strong>Comiss\u00e3o de Boletim:<\/strong> Julia Solano(Coord.), Luiz Mena, Claudio Melo, Graziela Vasconcelos,<\/span><br \/>\n<span style=\"color: #ffffff;\">Guacira Cavalcanti, Kleyanne Lima, Liliane Sales, Mar\u00edlia Santiago.<\/span><\/p>\n<p style=\"text-align: center;\"><span style=\"color: #ffffff;\"><strong>Cria\u00e7\u00e3o e Editora\u00e7\u00e3o:<\/strong> Bruno Senna &#8211; <a style=\"color: #ffffff;\" href=\"mailto:sennabruno@gmail.com\">sennabruno@gmail.com<\/a><\/span><\/p>\n[\/vc_column_text][\/vc_column][\/vc_row]\n<\/div>","protected":false},"excerpt":{"rendered":"<p>[vc_row][vc_column][vc_single_image image=&#8221;369&#8243; css=&#8221;&#8221;][vc_empty_space][vc_column_text css=&#8221;&#8221;] EXTRA 006 &#8211; OUTUBRO 2024 [\/vc_column_text][\/vc_column][\/vc_row][vc_row][vc_column][vc_separator color=&#8221;mulled_wine&#8221; css=&#8221;&#8221;][\/vc_column][\/vc_row][vc_row][vc_column][vc_column_text css=&#8221;&#8221;] EDITORIAL [\/vc_column_text][vc_empty_space][vc_column_text css=&#8221;&#8221;] Marcela Antelo AME (EBP\/AMP) Na \u00faltima frase da \u201cNota italiana\u201d, de 1973, podemos ler Lacan afirmar: \u201cTudo deve girar em torno dos escritos a serem publicados\u201d1. Hoje, apresentamos para voc\u00eas, leitores, o n\u00famero 21 da nossa revista Agente, que&hellip;<\/p>\n","protected":false},"author":1,"featured_media":0,"parent":54,"menu_order":0,"comment_status":"closed","ping_status":"closed","template":"templates\/no-sidebar.php","meta":{"_joinchat":[],"footnotes":""},"class_list":["post-782","page","type-page","status-publish","hentry","entry","no-media"],"_links":{"self":[{"href":"https:\/\/ebpbahia.com.br\/jornadas\/2024\/wp-json\/wp\/v2\/pages\/782","targetHints":{"allow":["GET"]}}],"collection":[{"href":"https:\/\/ebpbahia.com.br\/jornadas\/2024\/wp-json\/wp\/v2\/pages"}],"about":[{"href":"https:\/\/ebpbahia.com.br\/jornadas\/2024\/wp-json\/wp\/v2\/types\/page"}],"author":[{"embeddable":true,"href":"https:\/\/ebpbahia.com.br\/jornadas\/2024\/wp-json\/wp\/v2\/users\/1"}],"replies":[{"embeddable":true,"href":"https:\/\/ebpbahia.com.br\/jornadas\/2024\/wp-json\/wp\/v2\/comments?post=782"}],"version-history":[{"count":1,"href":"https:\/\/ebpbahia.com.br\/jornadas\/2024\/wp-json\/wp\/v2\/pages\/782\/revisions"}],"predecessor-version":[{"id":783,"href":"https:\/\/ebpbahia.com.br\/jornadas\/2024\/wp-json\/wp\/v2\/pages\/782\/revisions\/783"}],"up":[{"embeddable":true,"href":"https:\/\/ebpbahia.com.br\/jornadas\/2024\/wp-json\/wp\/v2\/pages\/54"}],"wp:attachment":[{"href":"https:\/\/ebpbahia.com.br\/jornadas\/2024\/wp-json\/wp\/v2\/media?parent=782"}],"curies":[{"name":"wp","href":"https:\/\/api.w.org\/{rel}","templated":true}]}}