{"id":732,"date":"2024-10-18T06:10:58","date_gmt":"2024-10-18T09:10:58","guid":{"rendered":"https:\/\/ebpbahia.com.br\/jornadas\/2024\/?page_id=732"},"modified":"2024-10-18T09:34:31","modified_gmt":"2024-10-18T12:34:31","slug":"boletim-phatos-extra-05","status":"publish","type":"page","link":"https:\/\/ebpbahia.com.br\/jornadas\/2024\/boletim-phatos\/boletim-phatos-extra-05\/","title":{"rendered":"Boletim PH\u00c1TOS EXTRA #05"},"content":{"rendered":"<div class=\"wpb-content-wrapper\">[vc_row][vc_column][vc_single_image image=&#8221;369&#8243; css=&#8221;&#8221;][vc_empty_space][vc_column_text css=&#8221;&#8221;]\n<h6 style=\"text-align: center;\">EXTRA 005 &#8211; OUTUBRO 2024<\/h6>\n[\/vc_column_text][\/vc_column][\/vc_row][vc_row][vc_column][vc_separator color=&#8221;mulled_wine&#8221; css=&#8221;&#8221;][\/vc_column][\/vc_row][vc_row][vc_column][vc_column_text css=&#8221;&#8221;]\n<h3>EDITORIAL<\/h3>\n[\/vc_column_text][vc_empty_space][vc_column_text css=&#8221;&#8221;]\n<h6><em>Julia Solano (EBP\/AMP)<\/em><\/h6>\n<p>Nesta edi\u00e7\u00e3o extra compartilhamos com voc\u00eas os textos produzidos pelos Grupos de Trabalho que tanto animaram a nossa discuss\u00e3o durante os preparativos das Jornadas, compartilhando conosco escritos e elabora\u00e7\u00f5es, muitas delas publicadas neste Boletim. S\u00e3o eles:\u00a0<em><strong>a<\/strong><\/em>paix\u00e3o e seus efeitos na cl\u00ednica das psicoses, produzido pelo GT coordenado por C\u00e9lia Salles; Uma \u201cDouta Paix\u00e3o\u201d e os afetos na experi\u00eancia anal\u00edtica e a paix\u00e3o do analista, produzido pelo GT coordenado por M\u00f4nica Hage; A paix\u00e3o na experi\u00eancia anal\u00edtica: manejos e arranjos, produzido pelo GT coordenado por S\u00f4nia Vicente e Os usos do humor na experi\u00eancia anal\u00edtica, produzido pelo GT coordenado T\u00e2nia Abreu.<\/p>\n<p>Lembro que estes textos que aqui aparecem na \u00edntegra, ser\u00e3o apresentados na sua vers\u00e3o resumida, nas plen\u00e1rias que acontecer\u00e3o durante as jornadas, no dia 26 de outubro. A discuss\u00e3o promete!<\/p>\n<p>Boa leitura!<\/p>\n<p><img loading=\"lazy\" decoding=\"async\" class=\"size-full wp-image-661 aligncenter\" src=\"https:\/\/ebpbahia.com.br\/jornadas\/2024\/wp-content\/uploads\/2024\/10\/phots_extra_005_editorial.jpg\" alt=\"\" width=\"800\" height=\"302\" srcset=\"https:\/\/ebpbahia.com.br\/jornadas\/2024\/wp-content\/uploads\/2024\/10\/phots_extra_005_editorial.jpg 800w, https:\/\/ebpbahia.com.br\/jornadas\/2024\/wp-content\/uploads\/2024\/10\/phots_extra_005_editorial-300x113.jpg 300w, https:\/\/ebpbahia.com.br\/jornadas\/2024\/wp-content\/uploads\/2024\/10\/phots_extra_005_editorial-768x290.jpg 768w\" sizes=\"auto, (max-width: 800px) 100vw, 800px\" \/>[\/vc_column_text][vc_empty_space][vc_column_text css=&#8221;&#8221;]Os textos que voc\u00eas poder\u00e3o ler agora ser\u00e3o o pilar de cada uma das quatro plen\u00e1rias das XVIII Jornadas da Escola Brasileira de Psican\u00e1lise-Se\u00e7\u00e3o Bahia e das XXIV Jornadas do Instituto de Psican\u00e1lise da Bahia. Eles marcam uma inova\u00e7\u00e3o no funcionamento de nossas Jornadas anuais. Pela primeira vez as plen\u00e1rias v\u00e3o apresentar um trabalho desenvolvido por meses, criados em quatro grupos de trabalhos que reuniram mais de 40 pessoas ligadas \u00e0 Escola e ao Instituto. Transfer\u00eancia de trabalho, importante marcar. Ela somente \u00e9 poss\u00edvel quando um grupo n\u00e3o \u00e9 ordenado em torno de uma enuncia\u00e7\u00e3o feita pelo mestre. No caso, os coordenadores n\u00e3o ocuparam essa fun\u00e7\u00e3o, eles foram causadores e catalisadores do modo como cada um dos participantes se deslocou do um de sua enuncia\u00e7\u00e3o subjetiva para o m\u00faltiplo da elabora\u00e7\u00e3o de um texto comum, ou seja partimos do um para o Um. Outra inova\u00e7\u00e3o \u00e9 que cada GT foi instado a convidar um\u00a0<em>\u00eaxtimo<\/em>, um colega da Associa\u00e7\u00e3o Mundial de Psican\u00e1lise de outra Escola, para aportar um dizer fora do grupo. O resultado \u00e9 esse potente conjunto te\u00f3rico sobre as Paix\u00f5es do Falasser com mais de sessenta p\u00e1ginas. Os quatro textos n\u00e3o ser\u00e3o lidos, apenas breves pontua\u00e7\u00f5es que possam abrir os debates de cada plen\u00e1ria. Contamos com sua participa\u00e7\u00e3o, leitor, para animar esse debate. Ele ser\u00e1 tanto mais rico quanto maior for o n\u00famero de inscritos que previamente possam ler os textos, nos ajudando a decantar os mist\u00e9rios e os semblantes que animam as paix\u00f5es. Boa leitura!<\/p>\n<p><em>Marcelo Veras (AME EBP\/AMP)<br \/>\nCoordenador da Comiss\u00e3o Cient\u00edfica das Jornadas<\/em>[\/vc_column_text][vc_empty_space][vc_btn title=&#8221;Leia mais&#8221; color=&#8221;black&#8221; size=&#8221;xs&#8221; css=&#8221;&#8221; link=&#8221;url:https%3A%2F%2Febpbahia.com.br%2Fjornadas%2F2024%2Fa-jornada%2Fgrupos-de-trabalho-apresentacao%2F|title:Envio%20de%20Trabalho|target:_blank&#8221;][\/vc_column][\/vc_row][vc_row][vc_column][vc_separator color=&#8221;mulled_wine&#8221; css=&#8221;&#8221;][\/vc_column][\/vc_row][vc_row][vc_column width=&#8221;5\/6&#8243;][vc_column_text css=&#8221;&#8221;]\n<h3><span style=\"color: #000080;\"><strong>GT 1:\u00a0<em>a<\/em>paix\u00e3o e seus efeitos na Cl\u00ednica\u00a0das\u00a0Psicoses<\/strong><\/span><\/h3>\n<p><strong>Coordena<\/strong><strong>dora<\/strong><strong>:<\/strong>\u00a0C\u00e9lia Salles (EBP\/AMP)<br \/>\n<strong>\u00caxtimo:<\/strong>\u00a0Fabi\u00e1n Schejtman (EOL\/AMP)<br \/>\n<strong>Relatores:<\/strong>\u00a0Camilla O. Costa (IPB)<br \/>\nMarcelo Antonio do Passo Magnelli (EBP\/AMP)<br \/>\nPaulo Fernando Dantas (IPB)<br \/>\n<strong>Participantes:<\/strong>\u00a0Cl\u00e1udio Melo (IPB)<br \/>\nConcei\u00e7\u00e3o Andrade (N\u00facleo Psican\u00e1lise e Feminino)<br \/>\nGraziela Vasconcelos (IPB)<br \/>\nMaria Cristina Maia Fernandes (EBP\/AMP)<br \/>\nMar\u00edlia Santiago (NPJ)<br \/>\nNelson Matheus (NPJ)<\/p>\n<p><strong>(a)paix\u00e3o do Parl\u00ea<\/strong><strong>tre\u00a0<\/strong><strong>\u2013 uma tarefa jubilat\u00f3<\/strong><strong>ria<\/strong><\/p>\n<p>Um instante. Depois outra coisa. A tarefa jubilat\u00f3ria marca e circunscreve um momento de chegada no qual a crian\u00e7a emergida em completa debilidade motora e lingu\u00edstica encontra-se com sua imagem e pode dar a si uma unidade, um cobrimento totalizante. Um instante de encontro e essa paix\u00e3o revela sua intensidade. A ordem imagin\u00e1ria confere ao simb\u00f3lico seus efeitos, seu sucesso e seu perigo. Lacan destaca que nesse instante uma matriz simb\u00f3lica se manifesta. O j\u00fabilo como instante de (a)paixonamento do parl\u00eatre traduz a ambiguidade da ilus\u00e3o de completude com o encontro com o furo da linguagem. Nesse encontro revela-se um desconhecimento do real.[\/vc_column_text][vc_empty_space][vc_btn title=&#8221;Leia mais&#8221; color=&#8221;black&#8221; size=&#8221;xs&#8221; css=&#8221;&#8221; link=&#8221;url:https%3A%2F%2Febpbahia.com.br%2Fjornadas%2F2024%2Fa-jornada%2Fgrupos-de-trabalho-apresentacao%2Frelatorio-tema-1-apaixao-e-seus-efeitos-na-clinica-das-psicoses%2F|title:Envio%20de%20Trabalho|target:_blank&#8221;][\/vc_column][vc_column width=&#8221;1\/6&#8243;][vc_empty_space][vc_single_image image=&#8221;657&#8243; css=&#8221;&#8221;][\/vc_column][\/vc_row][vc_row][vc_column][vc_separator color=&#8221;mulled_wine&#8221; css=&#8221;&#8221;][\/vc_column][\/vc_row][vc_row][vc_column width=&#8221;5\/6&#8243;][vc_column_text css=&#8221;&#8221;]\n<h3><span style=\"color: #000080;\">GT 2: Uma \u201cDouta Paix\u00e3o\u201d e os afetos na experi\u00eancia anal\u00edtica<\/span><\/h3>\n<p><strong>Coordena<\/strong><strong>dora<\/strong><strong>:<\/strong>\u00a0M\u00f4nica Hage (EBP\/AMP)<br \/>\n<strong>Colaboradora:<\/strong>\u00a0F\u00e1tima Sarmento (AME EBP\/AMP)<br \/>\n<strong>\u00caxtimo:<\/strong> Gerardo Arenas (EOL\/AMP)<br \/>\n<strong>Relatores:<\/strong>\u00a0F\u00e1tima Sarmento (AME EBP\/AMP)<br \/>\nJulia Solano (EBP\/AMP)<br \/>\n<strong>Participantes:<\/strong>\u00a0Alice Munguba (IPB)<br \/>\nCarla Fernandes (EBP\/AMP)<br \/>\nGraziela Pires (IPB)<br \/>\nJo\u00e3o Klaus Seydel (IPB)<br \/>\nKleyanne Lima (IPB)<br \/>\nT\u00e2nia Porto (IPB)<\/p>\n<p><strong>Introdu\u00e7\u00e3o<\/strong><\/p>\n<p>O tema dessas Jornadas,\u00a0<em>As Paix\u00f5es do Falasser<\/em>, nos conduziu a interrogar sobre o fazer e o que ocorre do lado do analista. Caberia falar em paix\u00e3o do lado daquele que conduz uma an\u00e1lise? Essa pergunta encontra sua base de origem no Semin\u00e1rio 1, quando Lacan (2009) apresenta as paix\u00f5es do ser em jogo em uma an\u00e1lise \u2013 amor, \u00f3dio e ignor\u00e2ncia &#8211; e j\u00e1 anuncia o que est\u00e1 do lado do analista: \u201cno analista tamb\u00e9m conv\u00e9m considerar a ignor\u00e2ncia\u201d (p. 316).[\/vc_column_text][vc_empty_space][vc_btn title=&#8221;Leia mais&#8221; color=&#8221;black&#8221; size=&#8221;xs&#8221; css=&#8221;&#8221; link=&#8221;url:https%3A%2F%2Febpbahia.com.br%2Fjornadas%2F2024%2Fa-jornada%2Fgrupos-de-trabalho-apresentacao%2Frelatorio-tema-2-uma-douta-paixao-e-os-afetos-na-experiencia-analitica%2F|title:Envio%20de%20Trabalho|target:_blank&#8221;][\/vc_column][vc_column width=&#8221;1\/6&#8243;][vc_empty_space][vc_single_image image=&#8221;658&#8243; css=&#8221;&#8221;][\/vc_column][\/vc_row][vc_row][vc_column][vc_separator color=&#8221;mulled_wine&#8221; css=&#8221;&#8221;][\/vc_column][\/vc_row][vc_row][vc_column width=&#8221;5\/6&#8243;][vc_column_text css=&#8221;&#8221;]\n<h3><span style=\"color: #000080;\">GT 3: A paix\u00e3o na experi\u00eancia anal\u00edtica: manejos e arranjos<\/span><\/h3>\n<p><strong>Coordenadora<\/strong>: S\u00f4nia Vicente (AME EBP\/AMP)<br \/>\n<strong>\u00caxtima:<\/strong>\u00a0Marina Recalde AME (EOL\/AMP)<a href=\"mailto:mrecalde66@gmail.com\"><br \/>\n<\/a><strong>Relatores<\/strong>: Samyra Assad (EBP\/AMP)<br \/>\nRog\u00e9rio Barros (EBP\/AMP)<a href=\"mailto:contaterogerio@gmail.com\"><br \/>\n<\/a><strong>Participantes:\u00a0<\/strong>Analicea Calmon (AME EBP\/AMP)<br \/>\nClara Melo (IPB)<br \/>\nEthel Ferreira Poll (IPB)<br \/>\nLuiz Felipe Monteiro (EPB\/AMP)<br \/>\nMaria Luiza Mota Miranda (EBP\/AMP)<br \/>\nWaldomiro J. Silva Filho (UFBA)<\/p>\n<p><strong>O inconsciente e o corpo<\/strong><\/p>\n<p>O corpo falante foi o ponto de partida da constru\u00e7\u00e3o da psican\u00e1lise, quando os sintomas conversivos das hist\u00e9ricas come\u00e7aram a ser interpretados por Freud. Tal interpreta\u00e7\u00e3o consistia em traduzir a linguagem corporal, configurada no sintoma, em texto desconhecido para o sujeito.<\/p>\n<p>Desde essa \u00e9poca, vemos que, no campo da Psican\u00e1lise, tanto para os analisandos, quanto para os analistas, os corpos n\u00e3o param de falar. Esses corpos que falam s\u00e3o interpretados. Lacan, no in\u00edcio do seu ensino, acrescenta, \u00e0 refer\u00eancia ao corpo das hist\u00e9ricas, o sofrimento do obsessivo no pensamento, lembrando que se pensa tamb\u00e9m com o corpo.\u00a0Sabemos que h\u00e1 palavras que afetam o corpo fazendo rir ou chorar, o que faz supor um registro no qual os pensamentos t\u00eam uma incid\u00eancia direta sobre o corpo, sem media\u00e7\u00e3o. \u00c9 o que Lacan, por exemplo, nos diz sobre a ang\u00fastia, definindo-a como um afeto que n\u00e3o engana, o que a distingue dos sentimentos que mentem.[\/vc_column_text][vc_empty_space][vc_btn title=&#8221;Leia mais&#8221; color=&#8221;black&#8221; size=&#8221;xs&#8221; css=&#8221;&#8221; link=&#8221;url:https%3A%2F%2Febpbahia.com.br%2Fjornadas%2F2024%2Fa-jornada%2Fgrupos-de-trabalho-apresentacao%2Frelatorio-tema-3-a-paixao-na-experiencia-analitica-manejos-e-arranjos%2F|title:Envio%20de%20Trabalho|target:_blank&#8221;][\/vc_column][vc_column width=&#8221;1\/6&#8243;][vc_empty_space][vc_single_image image=&#8221;659&#8243; css=&#8221;&#8221;][\/vc_column][\/vc_row][vc_row][vc_column][vc_separator color=&#8221;mulled_wine&#8221; css=&#8221;&#8221;][\/vc_column][\/vc_row][vc_row][vc_column width=&#8221;5\/6&#8243;][vc_column_text css=&#8221;&#8221;]\n<h3><span style=\"color: #000080;\">GT 4: Os Usos do Humor na Experi\u00eancia Anal\u00edtica<\/span><\/h3>\n<p><strong>Coordena<\/strong><strong>dora<\/strong><strong>:<\/strong>\u00a0T\u00e2nia Abreu (EBP\/AMP)<\/p>\n<p><strong>\u00caxtimo:<\/strong>\u00a0Fabi\u00e1n Naparstek (AME EOL\/AMP)<\/p>\n<p><strong>Relatores:<\/strong>\u00a0Daniela Nunes Ara\u00fajo (EBP\/AMP)<br \/>\nWilker Fran\u00e7a (IPB)<\/p>\n<p><strong>Participantes:<\/strong>\u00a0Bruno de Oliveira (IPB)<br \/>\nKarynna N\u00f3brega (EBP\/AMP)<br \/>\nJ\u00falia Jones (IPB)<br \/>\nLuiz Mena (EBP\/AMP)<br \/>\nVirg\u00ednia Dazzani (IPB)<\/p>\n<p><strong>Introduzindo pelo fim<\/strong><\/p>\n<p>Existem diversas maneiras de abordar a experi\u00eancia anal\u00edtica e o seu final. Elegemos, para este trabalho, a via do humor e suas rela\u00e7\u00f5es com as paix\u00f5es do\u00a0<em>falasser\u00a0<\/em>considerando que:<\/p>\n<p style=\"padding-left: 80px;\">Lacan reintroduz as paix\u00f5es para pensar o final da an\u00e1lise, justo neste momento em que o sujeito vai ao encontro de uma radical aus\u00eancia de garantias, autorizando-se unicamente a partir de sua pr\u00f3pria rela\u00e7\u00e3o com a causa anal\u00edtica. Momento este, em que j\u00e1 n\u00e3o se identifica com o objeto do fantasma fundamental e nem tampouco com o analista, e no qual o saber tem algo de derris\u00f3rio, de resto ca\u00eddo e rendido em face \u00e0 itera\u00e7\u00e3o do mesmo, do incur\u00e1vel do sinthome (MACEDO, 2019).<\/p>\n[\/vc_column_text][vc_empty_space][vc_btn title=&#8221;Leia mais&#8221; color=&#8221;black&#8221; size=&#8221;xs&#8221; css=&#8221;&#8221; link=&#8221;url:https%3A%2F%2Febpbahia.com.br%2Fjornadas%2F2024%2Fa-jornada%2Fgrupos-de-trabalho-apresentacao%2Frelatorio-tema-4-o-humor-e-as-paixoes-do-falasser-e-suas-declinacoes%2F|title:Envio%20de%20Trabalho|target:_blank&#8221;][\/vc_column][vc_column width=&#8221;1\/6&#8243;][vc_empty_space][vc_single_image image=&#8221;660&#8243; css=&#8221;&#8221;][\/vc_column][\/vc_row][vc_row][vc_column][vc_separator color=&#8221;mulled_wine&#8221; css=&#8221;&#8221;][\/vc_column][\/vc_row][vc_row][vc_column][vc_single_image image=&#8221;633&#8243; alignment=&#8221;center&#8221; css=&#8221;&#8221;][vc_empty_space][vc_single_image image=&#8221;662&#8243; alignment=&#8221;center&#8221; css=&#8221;&#8221;][\/vc_column][\/vc_row][vc_row css=&#8221;.vc_custom_1715165963575{margin-top: 0px !important;margin-right: 0px !important;margin-bottom: 0px !important;margin-left: 0px !important;border-top-width: 0px !important;border-right-width: 0px !important;border-bottom-width: 0px !important;border-left-width: 0px !important;padding-top: 0px !important;padding-right: 0px !important;padding-bottom: 0px !important;padding-left: 0px !important;background-color: #000000 !important;}&#8221;][vc_column][vc_single_image image=&#8221;370&#8243; css=&#8221;&#8221;][vc_column_text css=&#8221;&#8221;]\n<p style=\"text-align: center;\"><span style=\"color: #ffffff;\"><strong>Diretor Se\u00e7\u00e3o<\/strong> &#8211; Luiz Felipe Monteiro | <strong>Diretora do IPB<\/strong> &#8211; Analicea Calmon<\/span><\/p>\n<p style=\"text-align: center;\"><span style=\"color: #ffffff;\"><strong>Coordenador Geral da Jornada<\/strong> &#8211; Iordan Gurgel<\/span><\/p>\n<p style=\"text-align: center;\"><span style=\"color: #ffffff;\"><strong>Coordenador da Comiss\u00e3o de Comunica\u00e7\u00e3o<\/strong> &#8211; Marcelo Magnelli<\/span><\/p>\n<p style=\"text-align: center;\"><span style=\"color: #ffffff;\"><strong>Comiss\u00e3o de Boletim:<\/strong> Julia Solano(Coord.), Luiz Mena, Claudio Melo, Graziela Vasconcelos,<\/span><br \/>\n<span style=\"color: #ffffff;\">Guacira Cavalcanti, Kleyanne Lima, Liliane Sales, Mar\u00edlia Santiago.<\/span><\/p>\n<p style=\"text-align: center;\"><span style=\"color: #ffffff;\"><strong>Cria\u00e7\u00e3o e Editora\u00e7\u00e3o:<\/strong> Bruno Senna &#8211; <a style=\"color: #ffffff;\" href=\"mailto:sennabruno@gmail.com\">sennabruno@gmail.com<\/a><\/span><\/p>\n[\/vc_column_text][\/vc_column][\/vc_row]\n<\/div>","protected":false},"excerpt":{"rendered":"<p>[vc_row][vc_column][vc_single_image image=&#8221;369&#8243; css=&#8221;&#8221;][vc_empty_space][vc_column_text css=&#8221;&#8221;] EXTRA 005 &#8211; OUTUBRO 2024 [\/vc_column_text][\/vc_column][\/vc_row][vc_row][vc_column][vc_separator color=&#8221;mulled_wine&#8221; css=&#8221;&#8221;][\/vc_column][\/vc_row][vc_row][vc_column][vc_column_text css=&#8221;&#8221;] EDITORIAL [\/vc_column_text][vc_empty_space][vc_column_text css=&#8221;&#8221;] Julia Solano (EBP\/AMP) Nesta edi\u00e7\u00e3o extra compartilhamos com voc\u00eas os textos produzidos pelos Grupos de Trabalho que tanto animaram a nossa discuss\u00e3o durante os preparativos das Jornadas, compartilhando conosco escritos e elabora\u00e7\u00f5es, muitas delas publicadas neste Boletim. S\u00e3o eles:\u00a0apaix\u00e3o&hellip;<\/p>\n","protected":false},"author":1,"featured_media":0,"parent":54,"menu_order":0,"comment_status":"closed","ping_status":"closed","template":"templates\/no-sidebar.php","meta":{"_joinchat":[],"footnotes":""},"class_list":["post-732","page","type-page","status-publish","hentry","entry","no-media"],"_links":{"self":[{"href":"https:\/\/ebpbahia.com.br\/jornadas\/2024\/wp-json\/wp\/v2\/pages\/732","targetHints":{"allow":["GET"]}}],"collection":[{"href":"https:\/\/ebpbahia.com.br\/jornadas\/2024\/wp-json\/wp\/v2\/pages"}],"about":[{"href":"https:\/\/ebpbahia.com.br\/jornadas\/2024\/wp-json\/wp\/v2\/types\/page"}],"author":[{"embeddable":true,"href":"https:\/\/ebpbahia.com.br\/jornadas\/2024\/wp-json\/wp\/v2\/users\/1"}],"replies":[{"embeddable":true,"href":"https:\/\/ebpbahia.com.br\/jornadas\/2024\/wp-json\/wp\/v2\/comments?post=732"}],"version-history":[{"count":5,"href":"https:\/\/ebpbahia.com.br\/jornadas\/2024\/wp-json\/wp\/v2\/pages\/732\/revisions"}],"predecessor-version":[{"id":740,"href":"https:\/\/ebpbahia.com.br\/jornadas\/2024\/wp-json\/wp\/v2\/pages\/732\/revisions\/740"}],"up":[{"embeddable":true,"href":"https:\/\/ebpbahia.com.br\/jornadas\/2024\/wp-json\/wp\/v2\/pages\/54"}],"wp:attachment":[{"href":"https:\/\/ebpbahia.com.br\/jornadas\/2024\/wp-json\/wp\/v2\/media?parent=732"}],"curies":[{"name":"wp","href":"https:\/\/api.w.org\/{rel}","templated":true}]}}