{"id":524,"date":"2024-09-04T14:15:15","date_gmt":"2024-09-04T17:15:15","guid":{"rendered":"https:\/\/ebpbahia.com.br\/jornadas\/2024\/?page_id=524"},"modified":"2024-09-05T16:26:43","modified_gmt":"2024-09-05T19:26:43","slug":"hoteis","status":"publish","type":"page","link":"https:\/\/ebpbahia.com.br\/jornadas\/2024\/acolhimento\/hoteis\/","title":{"rendered":"Hot\u00e9is"},"content":{"rendered":"<div class=\"wpb-content-wrapper\">[vc_row][vc_column][vc_column_text css=&#8221;&#8221;]\n<h3>Lista de Hot\u00e9is pr\u00f3ximos a jornada<\/h3>\n<p><strong>Valores correspondentes a duas di\u00e1rias (24 a 26 de outubro) para dois adultos.<\/strong><\/p>\n<p><strong>Lista de Hot\u00e9is pr\u00f3ximos a jornada<\/strong><\/p>\n<p><strong>Valores correspondentes a duas di\u00e1rias (24 a 26 de outubro) para dois adultos.<\/strong><\/p>\n<p><strong>Mercure Salvador Boulevard Hotel<\/strong><\/p>\n<ul>\n<li>150m do evento<\/li>\n<li>R$685,00<\/li>\n<li>Sem caf\u00e9 da manh\u00e3<\/li>\n<li>Link de reserva:\u00a0<a href=\"https:\/\/www.booking.com\/Share-sqbu1rP\">https:\/\/www.booking.com\/Share-sqbu1rP<\/a><\/li>\n<\/ul>\n<p><strong>America Towers Hotel<\/strong><\/p>\n<ul>\n<li>200m do evento<\/li>\n<li>Valor: R$ 588,00<\/li>\n<li>Sem caf\u00e9 da manh\u00e3<\/li>\n<li>Link de reserva:\u00a0<a href=\"https:\/\/www.booking.com\/Share-gnFJVL9\">https:\/\/www.booking.com\/Share-gnFJVL9<\/a><\/li>\n<\/ul>\n<p><strong>Quality Hotel e suits S\u00e3o Salvador<\/strong><\/p>\n<ul>\n<li>450m do evento<\/li>\n<li>R$882,00<\/li>\n<li>Com caf\u00e9 da manh\u00e3<\/li>\n<li>Link de reserva:\u00a0<a href=\"https:\/\/www.booking.com\/hotel\/br\/matiz-salvador.pt-br.html?aid=898224&amp;label=hotel_details&amp;sid=e7ec53c3d3e637a0dbbddfa1dc71ca04&amp;all_sr_blocks=35122713_295466036_2_1_0;checkin=2024-10-24;checkout=2024-10-26;dest_id=351227;dest_type=hotel;dist=0;group_adults=2;group_children=0;hapos=1;highlighted_blocks=35122713_295466036_2_1_0;hpos=1;matching_block_id=35122713_295466036_2_1_0;no_rooms=1;req_adults=2;req_children=0;room1=A%2CA;sb_price_type=total;sr_order=popularity;sr_pri_blocks=35122713_295466036_2_1_0__88200;srepoch=1725289102;srpvid=8e0a693f30b200d5;type=total;ucfs=1&amp;\">Quality Hotel &amp; Su\u00edtes S\u00e3o Salvador, Salvador (pre\u00e7os atualizados para 2024) (booking.com)<\/a><\/li>\n<\/ul>\n<p><strong>Intercity Salvador<\/strong><\/p>\n<ul>\n<li>500 m do evento<\/li>\n<li>R$ 907,00<\/li>\n<li>Com caf\u00e9 da manh\u00e3<\/li>\n<li>Link de reserva:\u00a0<a href=\"https:\/\/www.booking.com\/Share-rFCSQ9\">https:\/\/www.booking.com\/Share-rFCSQ9<\/a><\/li>\n<\/ul>\n<p>Sotero Hotel by Castelo Itaipava<\/p>\n<ul>\n<li>550m do evento<\/li>\n<li>R$ 1.131,00<\/li>\n<li>Com caf\u00e9 da manh\u00e3<\/li>\n<li>Link de Reserva:\u00a0<a href=\"https:\/\/www.booking.com\/Share-haXu0W\">https:\/\/www.booking.com\/Share-haXu0W<\/a><\/li>\n<\/ul>\n<p><strong>Pisa plaza Hotel<\/strong><\/p>\n<ul>\n<li>650m do evento<\/li>\n<li>R$ 444,00<\/li>\n<li>Com caf\u00e9 da manh\u00e3<\/li>\n<li>Link de reserva:<a href=\"https:\/\/www.booking.com\/Share-dADzCd\">https:\/\/www.booking.com\/Share-dADzCd<\/a><\/li>\n<\/ul>\n[\/vc_column_text][vc_empty_space][\/vc_column][\/vc_row]\n<\/div>","protected":false},"excerpt":{"rendered":"<p>[vc_row][vc_column][vc_column_text css=&#8221;&#8221;] Lista de Hot\u00e9is pr\u00f3ximos a jornada Valores correspondentes a duas di\u00e1rias (24 a 26 de outubro) para dois adultos. Lista de Hot\u00e9is pr\u00f3ximos a jornada Valores correspondentes a duas di\u00e1rias (24 a 26 de outubro) para dois adultos. Mercure Salvador Boulevard Hotel 150m do evento R$685,00 Sem caf\u00e9 da manh\u00e3 Link de reserva:\u00a0https:\/\/www.booking.com\/Share-sqbu1rP&hellip;<\/p>\n","protected":false},"author":1,"featured_media":0,"parent":49,"menu_order":0,"comment_status":"closed","ping_status":"closed","template":"templates\/no-sidebar.php","meta":{"_joinchat":[],"footnotes":""},"class_list":["post-524","page","type-page","status-publish","hentry","entry","no-media"],"_links":{"self":[{"href":"https:\/\/ebpbahia.com.br\/jornadas\/2024\/wp-json\/wp\/v2\/pages\/524","targetHints":{"allow":["GET"]}}],"collection":[{"href":"https:\/\/ebpbahia.com.br\/jornadas\/2024\/wp-json\/wp\/v2\/pages"}],"about":[{"href":"https:\/\/ebpbahia.com.br\/jornadas\/2024\/wp-json\/wp\/v2\/types\/page"}],"author":[{"embeddable":true,"href":"https:\/\/ebpbahia.com.br\/jornadas\/2024\/wp-json\/wp\/v2\/users\/1"}],"replies":[{"embeddable":true,"href":"https:\/\/ebpbahia.com.br\/jornadas\/2024\/wp-json\/wp\/v2\/comments?post=524"}],"version-history":[{"count":2,"href":"https:\/\/ebpbahia.com.br\/jornadas\/2024\/wp-json\/wp\/v2\/pages\/524\/revisions"}],"predecessor-version":[{"id":535,"href":"https:\/\/ebpbahia.com.br\/jornadas\/2024\/wp-json\/wp\/v2\/pages\/524\/revisions\/535"}],"up":[{"embeddable":true,"href":"https:\/\/ebpbahia.com.br\/jornadas\/2024\/wp-json\/wp\/v2\/pages\/49"}],"wp:attachment":[{"href":"https:\/\/ebpbahia.com.br\/jornadas\/2024\/wp-json\/wp\/v2\/media?parent=524"}],"curies":[{"name":"wp","href":"https:\/\/api.w.org\/{rel}","templated":true}]}}