{"id":52,"date":"2024-04-26T15:52:43","date_gmt":"2024-04-26T18:52:43","guid":{"rendered":"https:\/\/ebpbahia.com.br\/jornadas\/2024\/?page_id=52"},"modified":"2024-10-24T21:16:19","modified_gmt":"2024-10-25T00:16:19","slug":"programa","status":"publish","type":"page","link":"https:\/\/ebpbahia.com.br\/jornadas\/2024\/programa\/","title":{"rendered":"Programa"},"content":{"rendered":"<div class=\"wpb-content-wrapper\">[vc_row][vc_column][vc_column_text css=&#8221;&#8221;]\n<h2><span style=\"color: #000080;\">PROGRAMA<\/span><\/h2>\n[\/vc_column_text][vc_empty_space]<a href=\"https:\/\/ebpbahia.com.br\/jornadas\/2024\/wp-content\/uploads\/2024\/10\/PROGRAMA.pdf\" class=\"vcex-button theme-button inline\"><span class=\"vcex-button-inner theme-button-inner\">DOWNLOAD PDF<span class=\"vcex-button-icon vcex-icon-wrap theme-button-icon-right\"><span class=\"ticon ticon-file-pdf-o\" aria-hidden=\"true\"><\/span><\/span><\/span><\/a> [vc_empty_space][vc_column_text css=&#8221;&#8221;]\n<h3><span style=\"color: #3366ff;\">25<span style=\"color: #000000;\">OUT<\/span><\/span><span style=\"color: #0000ff;\">SEXTA-FEIRA<\/span><\/h3>\n<p><span style=\"color: #0000ff;\"><strong>7h15 \u00e0s 8h &#8211; CREDENCIAMENTO<\/strong><\/span><\/p>\n<p><strong>\u00a0<\/strong><span style=\"color: #0000ff;\"><strong>8h \u2013 8h30 &#8211; ABERTURA<\/strong><\/span><\/p>\n<p style=\"padding-left: 40px;\"><strong>Luiz Felipe Monteiro (EBP\/AMP)<\/strong>\u00a0 &#8211; Diretor Geral EBP-Bahia<\/p>\n<p style=\"padding-left: 40px;\"><strong>Anal\u00edcea Calmon (AME EBP\/AMP)<\/strong> &#8211; Diretora Geral do IPB<\/p>\n<p style=\"padding-left: 40px;\"><strong>Iordan Gurgel (AME EBP\/AMP)<\/strong> &#8211; Coordenador Geral das Jornadas<\/p>\n<p>&nbsp;<\/p>\n<h4><span style=\"color: #0000ff;\"><strong>JORNADA CL\u00cdNICA<\/strong><\/span><\/h4>\n<p><strong><span style=\"color: #0000ff;\">8h30 \u2013 9h45 &#8211; DIRETO AO PONTO 1\u00a0\u00a0<\/span> <\/strong><\/p>\n<p style=\"padding-left: 40px;\"><strong>Mariana Martins Fernandes (Cartelizante)<\/strong> &#8211; No rastro da letra: Elena Ferrante e a escrita do corpo apaixonado<\/p>\n<p style=\"padding-left: 40px;\"><strong>Maria da Concei\u00e7\u00e3o Andrade (N\u00facleo Psican\u00e1lise e Feminino)<\/strong>\u00a0&#8211; A paix\u00e3o de Maria C(a)llas<\/p>\n<p style=\"padding-left: 40px;\"><strong>Luiz Mena (EBP\/AMP)<\/strong> &#8211; Desejo do psicanalista &#8211; qual \u00e9 a paix\u00e3o que o anima?<\/p>\n<p style=\"padding-left: 40px;\"><strong>Camilla Costa (IPB)<\/strong> &#8211; Uma paix\u00e3o escrita<\/p>\n<p style=\"padding-left: 40px;\"><em>Modera: Pablo Sauce (EBP\/AMP)<\/em><\/p>\n<p>&nbsp;<\/p>\n<p><strong><span style=\"color: #0000ff;\">9h45 \u2013 10h &#8211; PUBLICA\u00c7\u00d5ES &#8211; Livro: Paix\u00f5es do Parl\u00eatre\u00a0 |\u00a0 Revistas: Agente\/Lapsus<\/span><\/strong><\/p>\n<p style=\"padding-left: 40px;\"><strong>Luiza Sarno<\/strong> (EBP\/AMP)<\/p>\n<p style=\"padding-left: 40px;\"><strong>Marcela Antelo<\/strong> (AME-EBP\/AMP)<\/p>\n<p style=\"padding-left: 40px;\"><strong>Milena Nadier<\/strong> (IPB)<\/p>\n<p style=\"padding-left: 40px;\"><strong>Nanci Nakamura<\/strong> (IPB)<\/p>\n<p>&nbsp;<\/p>\n<p><span style=\"color: #0000ff;\"><strong>10h \u2013 11h &#8211; MESA I<\/strong><\/span><\/p>\n<p style=\"padding-left: 40px;\"><strong>Samyra Assad (EBP\/AMP)<\/strong> &#8211; Cors\u00e1rio<\/p>\n<p style=\"padding-left: 40px;\"><strong>Roseane Patriota (Cartelizante)<\/strong> &#8211; Apaixonada pelas palavras<\/p>\n<p style=\"padding-left: 40px;\"><strong>Giselle Moreira (NPJ) &#8211; <\/strong>As paix\u00f5es, o desejo\u2026e o amor<\/p>\n<p style=\"padding-left: 40px;\"><em>Coordena: Al\u00e9ssia Fontenelle (EBP\/AMP)<\/em><\/p>\n<p>&nbsp;<\/p>\n<p><strong><span style=\"color: #0000ff;\">11h \u2013 12h &#8211; MESA II\u00a0\u00a0\u00a0\u00a0\u00a0\u00a0\u00a0\u00a0\u00a0\u00a0\u00a0\u00a0\u00a0\u00a0\u00a0<\/span> <\/strong><\/p>\n<p style=\"padding-left: 40px;\"><strong>Mar\u00edlia Santiago Arruda (NPJ)<\/strong> &#8211; Preciosa<\/p>\n<p style=\"padding-left: 40px;\"><strong>Hamilton Martins Neto (IPB)<\/strong> &#8211; O analista quase branco<\/p>\n<p style=\"padding-left: 40px;\"><strong>Quezia da Paz (Cartelizante)<\/strong> &#8211; Mar<\/p>\n<p style=\"padding-left: 40px;\"><em>Coordena: Ana Stela Sande (EBP\/AMP)<\/em><\/p>\n<p>&nbsp;<\/p>\n<p><span style=\"color: #0000ff;\"><strong>12h \u2013 13h30 &#8211; ALMO\u00c7O<\/strong><\/span><\/p>\n<p>&nbsp;<\/p>\n<p><span style=\"color: #0000ff;\"><strong>\u00a0<\/strong><strong>13h30 &#8211; 14h45 &#8211; DIRETO AO PONTO 2\u00a0\u00a0 <\/strong><\/span><\/p>\n<p style=\"padding-left: 40px;\"><strong>Cristina Maia (EBP\/AMP)<\/strong> &#8211; As paix\u00f5es do autista por seus objetos\u2026 (a)ut\u00edsticos?<\/p>\n<p style=\"padding-left: 40px;\"><strong>Cl\u00e1udio Melo (IPB)<\/strong> &#8211; Paix\u00e3o pelo <em>a<\/em>: do Corpo como Objeto ao T\u00e9dio<\/p>\n<p style=\"padding-left: 40px;\"><strong>Lara Cedraz (IPB)<\/strong> &#8211; Plano B: O assalto de uma letra<\/p>\n<p style=\"padding-left: 40px;\"><strong>Jos\u00e9 Augusto Rocha (NPJ)<\/strong> &#8211; Perder sem se perder<\/p>\n<p style=\"padding-left: 40px;\"><em>Modera: Anal\u00edcea Calmon (AME EBP\/AMP)<\/em><\/p>\n<p>&nbsp;<\/p>\n<p><span style=\"color: #0000ff;\"><strong>14h45 &#8211; 15h45 &#8211; MESA III<\/strong><\/span><\/p>\n<p style=\"padding-left: 40px;\"><strong>Ana Paula Oliveira (Cartelizante)<\/strong> &#8211; Ou tudo ou nada(r)<\/p>\n<p style=\"padding-left: 40px;\"><strong>Rog\u00e9rio Paes Henriques (IPB)<\/strong> &#8211; A transfer\u00eancia negativa <em>em-cena<\/em>: o sujeito deposto do saber<\/p>\n<p style=\"padding-left: 40px;\"><strong>Clara Valverde Melo (NPJ)<\/strong> &#8211; De uma transfer\u00eancia negativa a uma positiva?<\/p>\n<p style=\"padding-left: 40px;\"><em>Coordena: Lucy de Castro (EBP\/AMP)<\/em><\/p>\n<p>&nbsp;<\/p>\n<p><strong><span style=\"color: #0000ff;\">15h45 \u2013 16h45 &#8211; MESA IV\u00a0\u00a0\u00a0\u00a0\u00a0\u00a0\u00a0\u00a0\u00a0\u00a0\u00a0\u00a0\u00a0<\/span> <\/strong><\/p>\n<p style=\"padding-left: 40px;\"><strong>Licene Garcia (Cartelizante)<\/strong> &#8211; Salvador: uma paix\u00e3o pela aus\u00eancia<\/p>\n<p style=\"padding-left: 40px;\"><strong>Graziela Vasconcellos (IPB)<\/strong> &#8211; Amor proibido, gozo manifesto<\/p>\n<p style=\"padding-left: 40px;\"><strong>Camila Abreu (NPJ)<\/strong> &#8211; De uma an\u00e1lise \u00e0 \u201cam\u00f3lise\u201d: uma quest\u00e3o de transfer\u00eancia<\/p>\n<p style=\"padding-left: 40px;\"><em>Coordena: Marcelo Magnelli (EBP\/AMP)<\/em><\/p>\n<p>&nbsp;<\/p>\n<p><span style=\"color: #0000ff;\"><strong>17h -18h30 &#8211; CONFER\u00caNCIA 1 &#8211; Apaixonamentos (pequeno dicion\u00e1rio afetivo lacaniano)<\/strong><\/span><\/p>\n<p style=\"padding-left: 40px;\"><strong>Marcus Andr\u00e9 Vieira<\/strong> (AME EBP\/AMP)<\/p>\n<p style=\"padding-left: 40px;\"><em>Preside: Bernardino Horne (AME EBP\/AMP)<\/em><\/p>\n<p>&nbsp;<\/p>\n<p><span style=\"color: #0000ff;\"><strong>19h &#8211; FESTA <span style=\"color: #ff6600;\">\u201cMANCHA DE DEND\u00ca N\u00c3O SAI\u201d<\/span><br \/>\n<\/strong><\/span>Local: Nank GastroBar, no Rio Vermelho<\/p>\n<h3><\/h3>\n<h3><span style=\"color: #0000ff;\"><strong>\u00a0<\/strong>26<span style=\"color: #000000;\">OUT<\/span>S\u00c1BADO<\/span><\/h3>\n<h4><span style=\"color: #0000ff;\"><strong>PLEN\u00c1RIAS<\/strong><\/span><\/h4>\n<p><span style=\"color: #0000ff;\"><strong>8h \u2013 9h30 &#8211; PLEN\u00c1RIA I: <\/strong><strong><em>\u00a0a<\/em>paix\u00e3o e seus efeitos na Cl\u00ednica das Psicoses.<\/strong><\/span><\/p>\n<p style=\"padding-left: 40px;\">Apresentam: <strong>Camilla Costa (IPB) e Paulo Fernando Dantas (IPB)<\/strong><\/p>\n<p style=\"padding-left: 40px;\"><em>Coordena: C\u00e9lia Salles (EBP\/AMP)<\/em><\/p>\n<p>&nbsp;<\/p>\n<p><span style=\"color: #0000ff;\"><strong>9h30 \u2013 10h\u00a0 &#8211;\u00a0 &#8220;N\u00d3S, MULHERES, MORREMOS COMO MOSCAS&#8221; &#8211; Uma conversa com Patr\u00edcia Melo<\/strong><\/span><\/p>\n<p style=\"padding-left: 40px;\">Apresenta: <strong>Marcelo Veras (AME EBP\/AMP)<\/strong><\/p>\n<p style=\"padding-left: 40px;\">Conversam: <strong>Iordan Gurgel (AME EBP\/AMP) <\/strong>e <strong>Fernanda Otoni (AME EBP\/AMP)<\/strong><\/p>\n<p>&nbsp;<\/p>\n<p><span style=\"color: #0000ff;\"><strong>\u00a0<\/strong><strong>10h \u2013 10h15 &#8211;\u00a0 COFFEE BREAK<\/strong><\/span><\/p>\n<p>&nbsp;<\/p>\n<p><span style=\"color: #0000ff;\"><strong>\u00a0<\/strong><strong>10h15 \u2013 11h45 &#8211; PLEN\u00c1RIA II &#8211; <\/strong><strong>Os afetos na experi\u00eancia anal\u00edtica e a paix\u00e3o do analista<\/strong><\/span><\/p>\n<p style=\"padding-left: 40px;\">Apresentam: <strong>F\u00e1tima Sarmento (AME EBP\/AMP) e J\u00falia Solano (EBP\/AMP)<\/strong><\/p>\n<p style=\"padding-left: 40px;\"><em>Coordena:\u00a0 M\u00f4nica Hage (EBP\/AMP)<\/em><\/p>\n<p>&nbsp;<\/p>\n<p><span style=\"color: #0000ff;\"><strong>11h45 \u2013 14h &#8211; ALMO\u00c7O<\/strong><\/span><\/p>\n<p>&nbsp;<\/p>\n<p><span style=\"color: #0000ff;\"><strong>\u00a0<\/strong><strong>14h \u2013 15h30 &#8211; PLEN\u00c1RIA III &#8211; <\/strong><strong><em>\u00a0A <\/em>Paix\u00e3o na experi\u00eancia anal\u00edtica: manejos e arranjos<\/strong><\/span><\/p>\n<p style=\"padding-left: 40px;\">Apresentam: <strong>Rog\u00e9rio Barros (EBP\/AMP) e Samyra Assad (EBP\/AMP)<\/strong><\/p>\n<p style=\"padding-left: 40px;\"><em>Coordena: S\u00f4nia Vicente (AME EBP\/AMP)<\/em><\/p>\n<p>&nbsp;<\/p>\n<p><span style=\"color: #0000ff;\"><strong>15h30 \u2013 17h00 &#8211; PLEN\u00c1RIA IV &#8211; <\/strong><strong>Os usos do humor na experi\u00eancia anal\u00edtica<\/strong><\/span><\/p>\n<p style=\"padding-left: 40px;\">Apresentam: <strong>Daniela Nunes Ara\u00fajo (EBP\/AMP) e Wilker Fran\u00e7a (IPB)<\/strong><\/p>\n<p style=\"padding-left: 40px;\"><em>Coordena: T\u00e2nia Abreu (EBP\/AMP)<\/em><\/p>\n<p>&nbsp;<\/p>\n<p><span style=\"color: #0000ff;\"><strong>17h \u2013 18h30 &#8211; CONFER\u00caNCIA 2 &#8211; O que sente o corpo?\u00a0 (a escrita do gozo)<\/strong><\/span><\/p>\n<p style=\"padding-left: 40px;\"><strong>Marcus Andr\u00e9 Vieira (AME EBP\/AMP)<\/strong><\/p>\n<p style=\"padding-left: 40px;\"><em>Preside: Marcelo Veras (AME EBP\/AMP)<\/em><\/p>\n<p>&nbsp;<\/p>\n<p><span style=\"color: #0000ff;\"><strong>18h30 &#8211; Encerramento<\/strong><\/span><\/p>\n<p style=\"padding-left: 40px;\"><strong>Al\u00e9ssia Fontenelle\u00a0 (EBP\/AMP)<\/strong> &#8211; Presidente do Conselho da EBP-BAHIA<\/p>\n[\/vc_column_text][\/vc_column][\/vc_row]\n<\/div>","protected":false},"excerpt":{"rendered":"<p>[vc_row][vc_column][vc_column_text css=&#8221;&#8221;] PROGRAMA [\/vc_column_text][vc_empty_space][vc_empty_space][vc_column_text css=&#8221;&#8221;] 25OUTSEXTA-FEIRA 7h15 \u00e0s 8h &#8211; CREDENCIAMENTO \u00a08h \u2013 8h30 &#8211; ABERTURA Luiz Felipe Monteiro (EBP\/AMP)\u00a0 &#8211; Diretor Geral EBP-Bahia Anal\u00edcea Calmon (AME EBP\/AMP) &#8211; Diretora Geral do IPB Iordan Gurgel (AME EBP\/AMP) &#8211; Coordenador Geral das Jornadas &nbsp; JORNADA CL\u00cdNICA 8h30 \u2013 9h45 &#8211; DIRETO AO PONTO 1\u00a0\u00a0 Mariana Martins&hellip;<\/p>\n","protected":false},"author":1,"featured_media":0,"parent":0,"menu_order":0,"comment_status":"closed","ping_status":"closed","template":"templates\/no-sidebar.php","meta":{"_joinchat":[],"footnotes":""},"class_list":["post-52","page","type-page","status-publish","hentry","entry","no-media"],"_links":{"self":[{"href":"https:\/\/ebpbahia.com.br\/jornadas\/2024\/wp-json\/wp\/v2\/pages\/52","targetHints":{"allow":["GET"]}}],"collection":[{"href":"https:\/\/ebpbahia.com.br\/jornadas\/2024\/wp-json\/wp\/v2\/pages"}],"about":[{"href":"https:\/\/ebpbahia.com.br\/jornadas\/2024\/wp-json\/wp\/v2\/types\/page"}],"author":[{"embeddable":true,"href":"https:\/\/ebpbahia.com.br\/jornadas\/2024\/wp-json\/wp\/v2\/users\/1"}],"replies":[{"embeddable":true,"href":"https:\/\/ebpbahia.com.br\/jornadas\/2024\/wp-json\/wp\/v2\/comments?post=52"}],"version-history":[{"count":49,"href":"https:\/\/ebpbahia.com.br\/jornadas\/2024\/wp-json\/wp\/v2\/pages\/52\/revisions"}],"predecessor-version":[{"id":821,"href":"https:\/\/ebpbahia.com.br\/jornadas\/2024\/wp-json\/wp\/v2\/pages\/52\/revisions\/821"}],"wp:attachment":[{"href":"https:\/\/ebpbahia.com.br\/jornadas\/2024\/wp-json\/wp\/v2\/media?parent=52"}],"curies":[{"name":"wp","href":"https:\/\/api.w.org\/{rel}","templated":true}]}}