{"id":491,"date":"2024-08-27T21:18:23","date_gmt":"2024-08-28T00:18:23","guid":{"rendered":"https:\/\/ebpbahia.com.br\/jornadas\/2024\/?page_id=491"},"modified":"2024-08-28T18:09:49","modified_gmt":"2024-08-28T21:09:49","slug":"boletim-phatos-extra-02","status":"publish","type":"page","link":"https:\/\/ebpbahia.com.br\/jornadas\/2024\/boletim-phatos\/boletim-phatos-extra-02\/","title":{"rendered":"Boletim PH\u00c1TOS EXTRA #02"},"content":{"rendered":"<div class=\"wpb-content-wrapper\">[vc_row][vc_column][vc_single_image image=&#8221;369&#8243; css=&#8221;&#8221;][vc_empty_space][vc_column_text css=&#8221;&#8221;]\n<h6 style=\"text-align: center;\">EXTRA 002 &#8211; AGOSTO 2024<\/h6>\n[\/vc_column_text][\/vc_column][\/vc_row][vc_row][vc_column][vc_separator color=&#8221;mulled_wine&#8221; css=&#8221;&#8221;][\/vc_column][\/vc_row][vc_row][vc_column][vc_column_text css=&#8221;&#8221;]\n<h3>EDITORIAL<\/h3>\n[\/vc_column_text][vc_empty_space][vc_column_text css=&#8221;&#8221;]\n<h6><em>Por Julia Solano (EBP\/AMP)<\/em><\/h6>\n<p>Nesta edi\u00e7\u00e3o extra contaremos com algumas informa\u00e7\u00f5es importantes sobre a submiss\u00e3o de trabalhos para as jornadas. Pablo Sauce (EBP\/AMP) nos orientar\u00e1 sobre isso no seu texto, nos lan\u00e7ando um instigante convite \u00e0 escrita a partir de um fragmento cl\u00ednico. Em seguida, apresentamos o v\u00eddeo de Marcelo Veras (AME EBP\/AMP), que, de maneira po\u00e9tica, esclarece quest\u00f5es sobre essa tem\u00e1tica. Deseja escrever um trabalho, mas tem alguma d\u00favida? Se sim, leia esta edi\u00e7\u00e3o at\u00e9 o final! Aguardamos suas produ\u00e7\u00f5es![\/vc_column_text][vc_empty_space][\/vc_column][\/vc_row][vc_row][vc_column][vc_separator color=&#8221;mulled_wine&#8221; css=&#8221;&#8221;][vc_single_image image=&#8221;486&#8243; add_caption=&#8221;yes&#8221; css=&#8221;&#8221;][\/vc_column][\/vc_row][vc_row][vc_column width=&#8221;2\/3&#8243;][vc_column_text css=&#8221;&#8221;]\n<h3>Um Convite a Escrita<\/h3>\n[\/vc_column_text][vc_empty_space][vc_column_text css=&#8221;&#8221;]\n<h6><em>Pablo Sauce (EBP\/AMP) \u2013 Coordenador do n\u00facleo da Jornada Cl\u00ednica<\/em><\/h6>\n<p>Provocado particularmente pelas paix\u00f5es do\u00a0<em>t\u00e9dio<\/em>\u00a0e da (<em>douta) ignor\u00e2ncia<\/em>, na abertura de\u00a0<em>\u201cEl curso de las pasiones\u201d<\/em><strong>\u00a0<\/strong>, Germ\u00e1n Garc\u00eda coloca as cartas na mesa ao explicitar os motivos que o levaram a se interessar pelo assunto das paix\u00f5es. Para justificar a escolha do tema, diz o seguinte: \u201cdito pela negativa, meu interesse se originou pelo\u00a0<em>t\u00e9dio<\/em>\u00a0que me produz a maneira como nos contamos a psican\u00e1lise uns aos outros na cidade de Bs. As. Dito pela positiva, queria encontrar alguma ideia um pouco menos abstrata das que J. Lacan coloca quando fala da exclus\u00e3o, ou foraclus\u00e3o, ou recha\u00e7o do sujeito na ci\u00eancia moderna\u201d (s\u00e9culo XVIII). Ou seja, seguindo Lacan, procura nos antecedentes discursivos da psican\u00e1lise e da ci\u00eancia os recursos para uma explica\u00e7\u00e3o \u201cum pouco menos abstrata\u201d dos fundamentos da experi\u00eancia anal\u00edtica; e para isso recorre \u00e0\u00a0<em>linguagem das paix\u00f5es<\/em>.[\/vc_column_text][vc_empty_space][vc_btn title=&#8221;Leia mais&#8221; color=&#8221;black&#8221; size=&#8221;xs&#8221; css=&#8221;&#8221; link=&#8221;url:https%3A%2F%2Febpbahia.com.br%2Fjornadas%2F2024%2Fum-convite-a-escrita%2F|title:Um%20Convite%20a%20Escrita|target:_blank&#8221;][\/vc_column][vc_column width=&#8221;1\/3&#8243;][vc_single_image image=&#8221;488&#8243; css=&#8221;&#8221;][\/vc_column][\/vc_row][vc_row][vc_column][vc_separator color=&#8221;mulled_wine&#8221; css=&#8221;&#8221;][\/vc_column][\/vc_row][vc_row][vc_column][vc_column_text css=&#8221;&#8221;]\n<h3>Orienta\u00e7\u00e3o para o envio de trabalhos<\/h3>\n<p>A\u00a0<em>paix\u00e3o<\/em>\u00a0de Freud pela verdade, no encontro com\u00a0<em>a-<\/em>hist\u00e9rica e seus enigm\u00e1ticos sintomas no contexto de uma determinada \u00e9poca, o levaram a cria\u00e7\u00e3o de um discurso novo: o da psican\u00e1lise; o qual foi poss\u00edvel a partir da posta em jogo na cena do mundo de um desejo in\u00e9dito: o\u00a0<em>desejo do analista<\/em>, um desejo que, ao contr\u00e1rio do desejo do\u00a0<em>analisante<\/em>, n\u00e3o existia at\u00e9 esse momento. E assim fez desse modo particular de tratamento das paix\u00f5es, um of\u00edcio; o qual implica um desejo de saber ler os sintomas a partir de uma douta ignor\u00e2ncia sobre os ditos apaixonados. Desse modo surge o\u00a0<em>dispositivo anal\u00edtico<\/em>, uma forma de tratar sob\u00a0<em>transfer\u00eancia<\/em>\u00a0os\u00a0<em>afetos<\/em>\u00a0como efeitos no corpo do fato de que, entre n\u00f3s, circula um dizer: padece-se da linguagem. Amor, \u00f3dio, ignor\u00e2ncia, tristeza, felicidade, mania, vergonha, tedio, pregui\u00e7a, mal humor, gaio-saber etc.[\/vc_column_text][vc_empty_space][vc_btn title=&#8221;Leia mais&#8221; color=&#8221;black&#8221; size=&#8221;xs&#8221; css=&#8221;&#8221; link=&#8221;url:https%3A%2F%2Febpbahia.com.br%2Fjornadas%2F2024%2Fa-jornada%2Fenvio-de-trabalho%2F|title:Envio%20de%20Trabalho|target:_blank&#8221;][\/vc_column][\/vc_row][vc_row][vc_column][vc_separator color=&#8221;mulled_wine&#8221; css=&#8221;&#8221;][\/vc_column][\/vc_row][vc_row][vc_column][vc_column_text css=&#8221;&#8221;]\n<h3>ECO<\/h3>\n[\/vc_column_text][vc_empty_space][vc_single_image image=&#8221;490&#8243; alignment=&#8221;center&#8221; onclick=&#8221;custom_link&#8221; img_link_target=&#8221;_blank&#8221; css=&#8221;&#8221; link=&#8221;https:\/\/youtu.be\/1fhEi0DKxIo&#8221;][\/vc_column][\/vc_row][vc_row][vc_column][vc_separator color=&#8221;mulled_wine&#8221; css=&#8221;&#8221;][\/vc_column][\/vc_row][vc_row][vc_column][vc_column_text css=&#8221;&#8221;]\n<h3 style=\"text-align: center;\">INSCRI\u00c7\u00d5ES<\/h3>\n[\/vc_column_text][vc_empty_space][vc_raw_html css=&#8221;&#8221;]JTIwJTIwJTIwJTIwJTIwJTIwJTIwJTIwJTIwJTIwJTIwJTIwJTIwJTIwJTIwJTIwJTIwJTIwJTIwJTIwJTIwJTIwJTIwJTIwJTNDdGFibGUlMjB3aWR0aCUzRCUyMjkwJTI1JTIyJTIwYm9yZGVyJTNEJTIyMCUyMiUyMGFsaWduJTNEJTIyY2VudGVyJTIyJTIwY2VsbHBhZGRpbmclM0QlMjIwJTIyJTIwY2VsbHNwYWNpbmclM0QlMjIzJTIyJTNFJTBBJTIwJTIwJTIwJTIwJTIwJTIwJTIwJTIwJTIwJTIwJTIwJTIwJTIwJTIwJTIwJTIwJTIwJTIwJTIwJTIwJTIwJTIwJTIwJTIwJTIwJTIwJTNDdGJvZHklM0UlMEElMjAlMjAlMjAlMjAlMjAlMjAlMjAlMjAlMjAlMjAlMjAlMjAlMjAlMjAlMjAlMjAlMjAlMjAlMjAlMjAlMjAlMjAlMjAlMjAlMjAlMjAlMjAlMjAlM0N0ciUzRSUwQSUyMCUyMCUyMCUyMCUyMCUyMCUyMCUyMCUyMCUyMCUyMCUyMCUyMCUyMCUyMCUyMCUyMCUyMCUyMCUyMCUyMCUyMCUyMCUyMCUyMCUyMCUyMCUyMCUyMCUyMCUzQ3RkJTIwd2lkdGglM0QlMjIyNSUyNSUyMiUyMHZhbGlnbiUzRCUyMmJvdHRvbSUyMiUzRSUzQ3AlMjBzdHlsZSUzRCUyMmZvbnQtZmFtaWx5JTNBJTIwU2Vnb2UlMkMlMjAlMjdTZWdvZSUyMFVJJTI3JTJDJTIwJTI3RGVqYVZ1JTIwU2FucyUyNyUyQyUyMCUyN1RyZWJ1Y2hldCUyME1TJTI3JTJDJTIwVmVyZGFuYSUyQyUyMCUyN3NhbnMtc2VyaWYlMjclM0IlMjBmb250LXNpemUlM0ElMjAxMnB4JTNCJTIwY29sb3IlM0ElMjAlMjMwMDAwMDAlM0IlMjB0ZXh0LWFsaWduJTNBJTIwY2VudGVyJTNCJTIyJTNFTUVNQlJPUyUzQyUyRnAlM0UlM0MlMkZ0ZCUzRSUwQSUyMCUyMCUyMCUyMCUyMCUyMCUyMCUyMCUyMCUyMCUyMCUyMCUyMCUyMCUyMCUyMCUyMCUyMCUyMCUyMCUyMCUyMCUyMCUyMCUyMCUyMCUyMCUyMCUyMCUyMCUzQ3RkJTIwd2lkdGglM0QlMjIyNSUyNSUyMiUyMHZhbGlnbiUzRCUyMmJvdHRvbSUyMiUzRSUzQ3AlMjBzdHlsZSUzRCUyMmZvbnQtZmFtaWx5JTNBJTIwU2Vnb2UlMkMlMjAlMjdTZWdvZSUyMFVJJTI3JTJDJTIwJTI3RGVqYVZ1JTIwU2FucyUyNyUyQyUyMCUyN1RyZWJ1Y2hldCUyME1TJTI3JTJDJTIwVmVyZGFuYSUyQyUyMCUyN3NhbnMtc2VyaWYlMjclM0IlMjBmb250LXNpemUlM0ElMjAxMnB4JTNCJTIwY29sb3IlM0ElMjAlMjMwMDAwMDAlM0IlMjB0ZXh0LWFsaWduJTNBJTIwY2VudGVyJTNCJTIyJTNFQVNTT0NJQURPUyUyMEUlMjBUUE9MJTNDJTJGcCUzRSUzQyUyRnRkJTNFJTBBJTIwJTIwJTIwJTIwJTIwJTIwJTIwJTIwJTIwJTIwJTIwJTIwJTIwJTIwJTIwJTIwJTIwJTIwJTIwJTIwJTIwJTIwJTIwJTIwJTIwJTIwJTIwJTIwJTIwJTIwJTNDdGQlMjB3aWR0aCUzRCUyMjI1JTI1JTIyJTIwdmFsaWduJTNEJTIyYm90dG9tJTIyJTNFJTNDcCUyMHN0eWxlJTNEJTIyZm9udC1mYW1pbHklM0ElMjBTZWdvZSUyQyUyMCUyN1NlZ29lJTIwVUklMjclMkMlMjAlMjdEZWphVnUlMjBTYW5zJTI3JTJDJTIwJTI3VHJlYnVjaGV0JTIwTVMlMjclMkMlMjBWZXJkYW5hJTJDJTIwJTI3c2Fucy1zZXJpZiUyNyUzQiUyMGZvbnQtc2l6ZSUzQSUyMDEycHglM0IlMjBjb2xvciUzQSUyMCUyMzAwMDAwMCUzQiUyMHRleHQtYWxpZ24lM0ElMjBjZW50ZXIlM0IlMjIlM0VQUk9GSVNTSU9OQUlTJTNDJTJGcCUzRSUzQyUyRnRkJTNFJTBBJTIwJTIwJTIwJTIwJTIwJTIwJTIwJTIwJTIwJTIwJTIwJTIwJTIwJTIwJTIwJTIwJTIwJTIwJTIwJTIwJTIwJTIwJTIwJTIwJTIwJTIwJTIwJTIwJTIwJTIwJTNDdGQlMjB3aWR0aCUzRCUyMjI1JTI1JTIyJTIwdmFsaWduJTNEJTIyYm90dG9tJTIyJTNFJTNDcCUyMHN0eWxlJTNEJTIyZm9udC1mYW1pbHklM0ElMjBTZWdvZSUyQyUyMCUyN1NlZ29lJTIwVUklMjclMkMlMjAlMjdEZWphVnUlMjBTYW5zJTI3JTJDJTIwJTI3VHJlYnVjaGV0JTIwTVMlMjclMkMlMjBWZXJkYW5hJTJDJTIwJTI3c2Fucy1zZXJpZiUyNyUzQiUyMGZvbnQtc2l6ZSUzQSUyMDEycHglM0IlMjBjb2xvciUzQSUyMCUyMzAwMDAwMCUzQiUyMHRleHQtYWxpZ24lM0ElMjBjZW50ZXIlM0IlMjIlM0VBTFVOT1MlMjBERSUyMEdSQURVQSVDMyU4NyVDMyU4M08lMjBFJTIwQ1VSU08lMjBSRUdVTEFSJTNDJTJGcCUzRSUzQyUyRnRkJTNFJTBBJTIwJTIwJTIwJTIwJTIwJTIwJTIwJTIwJTIwJTIwJTIwJTIwJTIwJTIwJTIwJTIwJTIwJTIwJTIwJTIwJTIwJTIwJTIwJTIwJTIwJTIwJTIwJTIwJTNDJTJGdHIlM0UlMEElMjAlMjAlMjAlMjAlMjAlMjAlMjAlMjAlMjAlMjAlMjAlMjAlMjAlMjAlMjAlMjAlMjAlMjAlMjAlMjAlMjAlMjAlMjAlMjAlMjAlMjAlMjAlMjAlM0N0ciUzRSUwQSUyMCUyMCUyMCUyMCUyMCUyMCUyMCUyMCUyMCUyMCUyMCUyMCUyMCUyMCUyMCUyMCUyMCUyMCUyMCUyMCUyMCUyMCUyMCUyMCUyMCUyMCUyMCUyMCUyMCUyMCUzQ3RkJTIwd2lkdGglM0QlMjIyNSUyNSUyMiUyMGJnY29sb3IlM0QlMjIlMjNGMUYxRjElMjIlM0UlM0NwJTIwc3R5bGUlM0QlMjJmb250LWZhbWlseSUzQSUyMFNlZ29lJTJDJTIwJTI3U2Vnb2UlMjBVSSUyNyUyQyUyMCUyN0RlamFWdSUyMFNhbnMlMjclMkMlMjAlMjdUcmVidWNoZXQlMjBNUyUyNyUyQyUyMFZlcmRhbmElMkMlMjAlMjdzYW5zLXNlcmlmJTI3JTNCJTIwZm9udC1zaXplJTNBJTIwMTZweCUzQiUyMGNvbG9yJTNBJTIwJTIzMDBBRUVGJTNCJTIwdGV4dC1hbGlnbiUzQSUyMGNlbnRlciUzQiUyMiUzRVIlMjQlMjA0MDAlMkMwMCUzQyUyRnAlM0UlM0MlMkZ0ZCUzRSUwQSUyMCUyMCUyMCUyMCUyMCUyMCUyMCUyMCUyMCUyMCUyMCUyMCUyMCUyMCUyMCUyMCUyMCUyMCUyMCUyMCUyMCUyMCUyMCUyMCUyMCUyMCUyMCUyMCUyMCUyMCUzQ3RkJTIwd2lkdGglM0QlMjIyNSUyNSUyMiUyMGJnY29sb3IlM0QlMjIlMjNGMUYxRjElMjIlM0UlM0NwJTIwc3R5bGUlM0QlMjJmb250LWZhbWlseSUzQSUyMFNlZ29lJTJDJTIwJTI3U2Vnb2UlMjBVSSUyNyUyQyUyMCUyN0RlamFWdSUyMFNhbnMlMjclMkMlMjAlMjdUcmVidWNoZXQlMjBNUyUyNyUyQyUyMFZlcmRhbmElMkMlMjAlMjdzYW5zLXNlcmlmJTI3JTNCJTIwZm9udC1zaXplJTNBJTIwMTZweCUzQiUyMGNvbG9yJTNBJTIwJTIzMDBBRUVGJTNCJTIwdGV4dC1hbGlnbiUzQSUyMGNlbnRlciUzQiUyMiUzRVIlMjQlMjAyNDAlMkMwMCUzQyUyRnAlM0UlM0MlMkZ0ZCUzRSUwQSUyMCUyMCUyMCUyMCUyMCUyMCUyMCUyMCUyMCUyMCUyMCUyMCUyMCUyMCUyMCUyMCUyMCUyMCUyMCUyMCUyMCUyMCUyMCUyMCUyMCUyMCUyMCUyMCUyMCUyMCUzQ3RkJTIwd2lkdGglM0QlMjIyNSUyNSUyMiUyMGJnY29sb3IlM0QlMjIlMjNGMUYxRjElMjIlM0UlM0NwJTIwc3R5bGUlM0QlMjJmb250LWZhbWlseSUzQSUyMFNlZ29lJTJDJTIwJTI3U2Vnb2UlMjBVSSUyNyUyQyUyMCUyN0RlamFWdSUyMFNhbnMlMjclMkMlMjAlMjdUcmVidWNoZXQlMjBNUyUyNyUyQyUyMFZlcmRhbmElMkMlMjAlMjdzYW5zLXNlcmlmJTI3JTNCJTIwZm9udC1zaXplJTNBJTIwMTZweCUzQiUyMGNvbG9yJTNBJTIwJTIzMDBBRUVGJTNCJTIwdGV4dC1hbGlnbiUzQSUyMGNlbnRlciUzQiUyMiUzRVIlMjQlMjAzMjAlMkMwMCUzQyUyRnAlM0UlM0MlMkZ0ZCUzRSUwQSUyMCUyMCUyMCUyMCUyMCUyMCUyMCUyMCUyMCUyMCUyMCUyMCUyMCUyMCUyMCUyMCUyMCUyMCUyMCUyMCUyMCUyMCUyMCUyMCUyMCUyMCUyMCUyMCUyMCUyMCUzQ3RkJTIwd2lkdGglM0QlMjIyNSUyNSUyMiUyMGJnY29sb3IlM0QlMjIlMjNGMUYxRjElMjIlM0UlM0NwJTIwc3R5bGUlM0QlMjJmb250LWZhbWlseSUzQSUyMFNlZ29lJTJDJTIwJTI3U2Vnb2UlMjBVSSUyNyUyQyUyMCUyN0RlamFWdSUyMFNhbnMlMjclMkMlMjAlMjdUcmVidWNoZXQlMjBNUyUyNyUyQyUyMFZlcmRhbmElMkMlMjAlMjdzYW5zLXNlcmlmJTI3JTNCJTIwZm9udC1zaXplJTNBJTIwMTZweCUzQiUyMGNvbG9yJTNBJTIwJTIzMDBBRUVGJTNCJTIwdGV4dC1hbGlnbiUzQSUyMGNlbnRlciUzQiUyMiUzRVIlMjQlMjAxNDAlMkMwMCUzQyUyRnAlM0UlM0MlMkZ0ZCUzRSUwQSUyMCUyMCUyMCUyMCUyMCUyMCUyMCUyMCUyMCUyMCUyMCUyMCUyMCUyMCUyMCUyMCUyMCUyMCUyMCUyMCUyMCUyMCUyMCUyMCUyMCUyMCUyMCUyMCUzQyUyRnRyJTNFJTBBJTIwJTIwJTIwJTIwJTIwJTIwJTIwJTIwJTIwJTIwJTIwJTIwJTIwJTIwJTIwJTIwJTIwJTIwJTIwJTIwJTIwJTIwJTIwJTIwJTIwJTIwJTIwJTIwJTNDdHIlM0UlMEElMjAlMjAlMjAlMjAlMjAlMjAlMjAlMjAlMjAlMjAlMjAlMjAlMjAlMjAlMjAlMjAlMjAlMjAlMjAlMjAlMjAlMjAlMjAlMjAlMjAlMjAlMjAlMjAlMjAlMjAlM0N0ZCUyMHdpZHRoJTNEJTIyMjUlMjUlMjIlM0UlMjZuYnNwJTNCJTNDJTJGdGQlM0UlMEElMjAlMjAlMjAlMjAlMjAlMjAlMjAlMjAlMjAlMjAlMjAlMjAlMjAlMjAlMjAlMjAlMjAlMjAlMjAlMjAlMjAlMjAlMjAlMjAlMjAlMjAlMjAlMjAlMjAlMjAlM0N0ZCUyMHdpZHRoJTNEJTIyMjUlMjUlMjIlM0UlMjZuYnNwJTNCJTNDJTJGdGQlM0UlMEElMjAlMjAlMjAlMjAlMjAlMjAlMjAlMjAlMjAlMjAlMjAlMjAlMjAlMjAlMjAlMjAlMjAlMjAlMjAlMjAlMjAlMjAlMjAlMjAlMjAlMjAlMjAlMjAlMjAlMjAlM0N0ZCUyMHdpZHRoJTNEJTIyMjUlMjUlMjIlM0UlMjZuYnNwJTNCJTNDJTJGdGQlM0UlMEElMjAlMjAlMjAlMjAlMjAlMjAlMjAlMjAlMjAlMjAlMjAlMjAlMjAlMjAlMjAlMjAlMjAlMjAlMjAlMjAlMjAlMjAlMjAlMjAlMjAlMjAlMjAlMjAlMjAlMjAlM0N0ZCUyMHdpZHRoJTNEJTIyMjUlMjUlMjIlM0UlMjZuYnNwJTNCJTNDJTJGdGQlM0UlMEElMjAlMjAlMjAlMjAlMjAlMjAlMjAlMjAlMjAlMjAlMjAlMjAlMjAlMjAlMjAlMjAlMjAlMjAlMjAlMjAlMjAlMjAlMjAlMjAlMjAlMjAlMjAlMjAlM0MlMkZ0ciUzRSUwQSUyMCUyMCUyMCUyMCUyMCUyMCUyMCUyMCUyMCUyMCUyMCUyMCUyMCUyMCUyMCUyMCUyMCUyMCUyMCUyMCUyMCUyMCUyMCUyMCUyMCUyMCUzQyUyRnRib2R5JTNFJTBBJTIwJTIwJTIwJTIwJTIwJTIwJTIwJTIwJTIwJTIwJTIwJTIwJTIwJTIwJTIwJTIwJTIwJTIwJTIwJTIwJTIwJTIwJTNDJTJGdGFibGUlM0U=[\/vc_raw_html][vc_empty_space][vc_btn title=&#8221;INSCRI\u00c7\u00d5ES&#8221; color=&#8221;sky&#8221; size=&#8221;lg&#8221; align=&#8221;center&#8221; css=&#8221;&#8221; link=&#8221;url:https%3A%2F%2Febpbahia.com.br%2Fjornadas%2F2024%2Finscricoes%2F|title:Inscri%C3%A7%C3%B5es&#8221;][\/vc_column][\/vc_row][vc_row css=&#8221;.vc_custom_1715165963575{margin-top: 0px !important;margin-right: 0px !important;margin-bottom: 0px !important;margin-left: 0px !important;border-top-width: 0px !important;border-right-width: 0px !important;border-bottom-width: 0px !important;border-left-width: 0px !important;padding-top: 0px !important;padding-right: 0px !important;padding-bottom: 0px !important;padding-left: 0px !important;background-color: #000000 !important;}&#8221;][vc_column][vc_single_image image=&#8221;370&#8243; css=&#8221;&#8221;][vc_column_text css=&#8221;&#8221;]\n<p style=\"text-align: center;\"><span style=\"color: #ffffff;\"><strong>Diretor Se\u00e7\u00e3o<\/strong> &#8211; Luiz Felipe Monteiro | <strong>Diretora do IPB<\/strong> &#8211; Analicea Calmon<\/span><\/p>\n<p style=\"text-align: center;\"><span style=\"color: #ffffff;\"><strong>Coordenador Geral da Jornada<\/strong> &#8211; Iordan Gurgel<\/span><\/p>\n<p style=\"text-align: center;\"><span style=\"color: #ffffff;\"><strong>Coordenador da Comiss\u00e3o de Comunica\u00e7\u00e3o<\/strong> &#8211; Marcelo Magnelli<\/span><\/p>\n<p style=\"text-align: center;\"><span style=\"color: #ffffff;\"><strong>Comiss\u00e3o de Boletim:<\/strong> Julia Solano(Coord.), Luiz Mena, Claudio Melo, Graziela Vasconcelos,<\/span><br \/>\n<span style=\"color: #ffffff;\">Guacira Cavalcanti, Kleyanne Lima, Liliane Sales, Mar\u00edlia Santiago.<\/span><\/p>\n<p style=\"text-align: center;\"><span style=\"color: #ffffff;\"><strong>Cria\u00e7\u00e3o e Editora\u00e7\u00e3o:<\/strong> Bruno Senna &#8211; <a style=\"color: #ffffff;\" href=\"mailto:sennabruno@gmail.com\">sennabruno@gmail.com<\/a><\/span><\/p>\n[\/vc_column_text][\/vc_column][\/vc_row]\n<\/div>","protected":false},"excerpt":{"rendered":"<p>[vc_row][vc_column][vc_single_image image=&#8221;369&#8243; css=&#8221;&#8221;][vc_empty_space][vc_column_text css=&#8221;&#8221;] EXTRA 002 &#8211; AGOSTO 2024 [\/vc_column_text][\/vc_column][\/vc_row][vc_row][vc_column][vc_separator color=&#8221;mulled_wine&#8221; css=&#8221;&#8221;][\/vc_column][\/vc_row][vc_row][vc_column][vc_column_text css=&#8221;&#8221;] EDITORIAL [\/vc_column_text][vc_empty_space][vc_column_text css=&#8221;&#8221;] Por Julia Solano (EBP\/AMP) Nesta edi\u00e7\u00e3o extra contaremos com algumas informa\u00e7\u00f5es importantes sobre a submiss\u00e3o de trabalhos para as jornadas. Pablo Sauce (EBP\/AMP) nos orientar\u00e1 sobre isso no seu texto, nos lan\u00e7ando um instigante convite \u00e0 escrita a partir&hellip;<\/p>\n","protected":false},"author":1,"featured_media":0,"parent":54,"menu_order":0,"comment_status":"closed","ping_status":"closed","template":"templates\/no-sidebar.php","meta":{"_joinchat":[],"footnotes":""},"class_list":["post-491","page","type-page","status-publish","hentry","entry","no-media"],"_links":{"self":[{"href":"https:\/\/ebpbahia.com.br\/jornadas\/2024\/wp-json\/wp\/v2\/pages\/491","targetHints":{"allow":["GET"]}}],"collection":[{"href":"https:\/\/ebpbahia.com.br\/jornadas\/2024\/wp-json\/wp\/v2\/pages"}],"about":[{"href":"https:\/\/ebpbahia.com.br\/jornadas\/2024\/wp-json\/wp\/v2\/types\/page"}],"author":[{"embeddable":true,"href":"https:\/\/ebpbahia.com.br\/jornadas\/2024\/wp-json\/wp\/v2\/users\/1"}],"replies":[{"embeddable":true,"href":"https:\/\/ebpbahia.com.br\/jornadas\/2024\/wp-json\/wp\/v2\/comments?post=491"}],"version-history":[{"count":5,"href":"https:\/\/ebpbahia.com.br\/jornadas\/2024\/wp-json\/wp\/v2\/pages\/491\/revisions"}],"predecessor-version":[{"id":505,"href":"https:\/\/ebpbahia.com.br\/jornadas\/2024\/wp-json\/wp\/v2\/pages\/491\/revisions\/505"}],"up":[{"embeddable":true,"href":"https:\/\/ebpbahia.com.br\/jornadas\/2024\/wp-json\/wp\/v2\/pages\/54"}],"wp:attachment":[{"href":"https:\/\/ebpbahia.com.br\/jornadas\/2024\/wp-json\/wp\/v2\/media?parent=491"}],"curies":[{"name":"wp","href":"https:\/\/api.w.org\/{rel}","templated":true}]}}