{"id":476,"date":"2024-08-22T14:40:02","date_gmt":"2024-08-22T17:40:02","guid":{"rendered":"https:\/\/ebpbahia.com.br\/jornadas\/2024\/?page_id=476"},"modified":"2024-08-22T14:42:44","modified_gmt":"2024-08-22T17:42:44","slug":"presencas-confirmadas","status":"publish","type":"page","link":"https:\/\/ebpbahia.com.br\/jornadas\/2024\/a-jornada\/presencas-confirmadas\/","title":{"rendered":"Presen\u00e7as confirmadas"},"content":{"rendered":"<div class=\"wpb-content-wrapper\">[vc_row][vc_column width=&#8221;1\/3&#8243;][\/vc_column][vc_column width=&#8221;1\/3&#8243;][vc_single_image image=&#8221;477&#8243; alignment=&#8221;center&#8221; css=&#8221;&#8221;][vc_empty_space][vc_column_text css=&#8221;&#8221;]\n<h3 style=\"text-align: center;\"><span style=\"color: #000080;\">FERNANDA OTONI BRISSET<\/span><\/h3>\n<p style=\"text-align: center;\">AME (Analista Membro da Escola) da EBP e da AMP.<br \/>\nPresidente da FAPOL<br \/>\nAP. Psic\u00f3loga<br \/>\nMestrado em Psicologia (UFMG)<br \/>\nDoutorado em Sociologia e Pol\u00edtica (UFMG)<br \/>\nSupervisora da Rede de Sa\u00fade Mental de Belo Horizonte e Contagem<br \/>\nDiretora Cl\u00ednica do Programa de Aten\u00e7\u00e3o Integral ao Paciente Judici\u00e1rio (PAI-PJ\/TJMG)<\/p>\n[\/vc_column_text][\/vc_column][vc_column width=&#8221;1\/3&#8243;][\/vc_column][\/vc_row][vc_row][vc_column]<div class=\"vcex-spacing wpex-w-100 wpex-clear\"><\/div>[vc_separator color=&#8221;blue&#8221; css=&#8221;&#8221;]<div class=\"vcex-spacing wpex-w-100 wpex-clear\"><\/div>[\/vc_column][\/vc_row][vc_row][vc_column width=&#8221;1\/3&#8243;][\/vc_column][vc_column width=&#8221;1\/3&#8243;][vc_single_image image=&#8221;478&#8243; alignment=&#8221;center&#8221; css=&#8221;&#8221;][vc_empty_space][vc_column_text css=&#8221;&#8221;]\n<h3 style=\"text-align: center;\"><span style=\"color: #000080;\">PATR\u00cdCIA MELO NESCHLING<\/span><\/h3>\n<p style=\"text-align: center;\">Escritora<br \/>\nRoteirista<br \/>\nDramaturga<br \/>\nArtista pl\u00e1stica<\/p>\n[\/vc_column_text][\/vc_column][vc_column width=&#8221;1\/3&#8243;][\/vc_column][\/vc_row]\n<\/div>","protected":false},"excerpt":{"rendered":"<p>[vc_row][vc_column width=&#8221;1\/3&#8243;][\/vc_column][vc_column width=&#8221;1\/3&#8243;][vc_single_image image=&#8221;477&#8243; alignment=&#8221;center&#8221; css=&#8221;&#8221;][vc_empty_space][vc_column_text css=&#8221;&#8221;] FERNANDA OTONI BRISSET AME (Analista Membro da Escola) da EBP e da AMP. Presidente da FAPOL AP. Psic\u00f3loga Mestrado em Psicologia (UFMG) Doutorado em Sociologia e Pol\u00edtica (UFMG) Supervisora da Rede de Sa\u00fade Mental de Belo Horizonte e Contagem Diretora Cl\u00ednica do Programa de Aten\u00e7\u00e3o Integral ao Paciente&hellip;<\/p>\n","protected":false},"author":1,"featured_media":0,"parent":23,"menu_order":0,"comment_status":"closed","ping_status":"closed","template":"templates\/no-sidebar.php","meta":{"_joinchat":[],"footnotes":""},"class_list":["post-476","page","type-page","status-publish","hentry","entry","no-media"],"_links":{"self":[{"href":"https:\/\/ebpbahia.com.br\/jornadas\/2024\/wp-json\/wp\/v2\/pages\/476","targetHints":{"allow":["GET"]}}],"collection":[{"href":"https:\/\/ebpbahia.com.br\/jornadas\/2024\/wp-json\/wp\/v2\/pages"}],"about":[{"href":"https:\/\/ebpbahia.com.br\/jornadas\/2024\/wp-json\/wp\/v2\/types\/page"}],"author":[{"embeddable":true,"href":"https:\/\/ebpbahia.com.br\/jornadas\/2024\/wp-json\/wp\/v2\/users\/1"}],"replies":[{"embeddable":true,"href":"https:\/\/ebpbahia.com.br\/jornadas\/2024\/wp-json\/wp\/v2\/comments?post=476"}],"version-history":[{"count":3,"href":"https:\/\/ebpbahia.com.br\/jornadas\/2024\/wp-json\/wp\/v2\/pages\/476\/revisions"}],"predecessor-version":[{"id":482,"href":"https:\/\/ebpbahia.com.br\/jornadas\/2024\/wp-json\/wp\/v2\/pages\/476\/revisions\/482"}],"up":[{"embeddable":true,"href":"https:\/\/ebpbahia.com.br\/jornadas\/2024\/wp-json\/wp\/v2\/pages\/23"}],"wp:attachment":[{"href":"https:\/\/ebpbahia.com.br\/jornadas\/2024\/wp-json\/wp\/v2\/media?parent=476"}],"curies":[{"name":"wp","href":"https:\/\/api.w.org\/{rel}","templated":true}]}}