{"id":47,"date":"2024-04-26T15:51:49","date_gmt":"2024-04-26T18:51:49","guid":{"rendered":"https:\/\/ebpbahia.com.br\/jornadas\/2024\/?page_id=47"},"modified":"2024-10-17T14:10:43","modified_gmt":"2024-10-17T17:10:43","slug":"inscricoes","status":"publish","type":"page","link":"https:\/\/ebpbahia.com.br\/jornadas\/2024\/inscricoes\/","title":{"rendered":"Inscri\u00e7\u00f5es"},"content":{"rendered":"<div class=\"wpb-content-wrapper\">[vc_row][vc_column][vc_column_text css=&#8221;&#8221;]\n<p style=\"text-align: center;\">Confira os valores e modalidade de inscri\u00e7\u00e3o e clique no bot\u00e3o abaixo.<\/p>\n<p style=\"text-align: center;\">Comprovante \u2013 Em caso de inscri\u00e7\u00e3o nas modalidades de\u00a0<em><strong>Estudantes de Gradua\u00e7\u00e3o, Aluno do IPB ou TPOL ou Profissional<\/strong><\/em>\u00a0ou, envie o seu comprovante de matr\u00edcula ou carteira profissional par ao email:\u00a0<a href=\"mailto:jornadas@ebpbahia.com.br\">jornadas@ebpbahia.com.br<\/a><\/p>\n[\/vc_column_text][\/vc_column][\/vc_row][vc_row][vc_column][vc_single_image image=&#8221;692&#8243; css=&#8221;&#8221;][\/vc_column][\/vc_row]\n<\/div>","protected":false},"excerpt":{"rendered":"<p>[vc_row][vc_column][vc_column_text css=&#8221;&#8221;] Confira os valores e modalidade de inscri\u00e7\u00e3o e clique no bot\u00e3o abaixo. Comprovante \u2013 Em caso de inscri\u00e7\u00e3o nas modalidades de\u00a0Estudantes de Gradua\u00e7\u00e3o, Aluno do IPB ou TPOL ou Profissional\u00a0ou, envie o seu comprovante de matr\u00edcula ou carteira profissional par ao email:\u00a0jornadas@ebpbahia.com.br [\/vc_column_text][\/vc_column][\/vc_row][vc_row][vc_column][vc_single_image image=&#8221;692&#8243; css=&#8221;&#8221;][\/vc_column][\/vc_row]<\/p>\n","protected":false},"author":1,"featured_media":0,"parent":0,"menu_order":0,"comment_status":"closed","ping_status":"closed","template":"templates\/no-sidebar.php","meta":{"_joinchat":[],"footnotes":""},"class_list":["post-47","page","type-page","status-publish","hentry","entry","no-media"],"_links":{"self":[{"href":"https:\/\/ebpbahia.com.br\/jornadas\/2024\/wp-json\/wp\/v2\/pages\/47","targetHints":{"allow":["GET"]}}],"collection":[{"href":"https:\/\/ebpbahia.com.br\/jornadas\/2024\/wp-json\/wp\/v2\/pages"}],"about":[{"href":"https:\/\/ebpbahia.com.br\/jornadas\/2024\/wp-json\/wp\/v2\/types\/page"}],"author":[{"embeddable":true,"href":"https:\/\/ebpbahia.com.br\/jornadas\/2024\/wp-json\/wp\/v2\/users\/1"}],"replies":[{"embeddable":true,"href":"https:\/\/ebpbahia.com.br\/jornadas\/2024\/wp-json\/wp\/v2\/comments?post=47"}],"version-history":[{"count":26,"href":"https:\/\/ebpbahia.com.br\/jornadas\/2024\/wp-json\/wp\/v2\/pages\/47\/revisions"}],"predecessor-version":[{"id":693,"href":"https:\/\/ebpbahia.com.br\/jornadas\/2024\/wp-json\/wp\/v2\/pages\/47\/revisions\/693"}],"wp:attachment":[{"href":"https:\/\/ebpbahia.com.br\/jornadas\/2024\/wp-json\/wp\/v2\/media?parent=47"}],"curies":[{"name":"wp","href":"https:\/\/api.w.org\/{rel}","templated":true}]}}