{"id":42,"date":"2024-04-26T15:50:52","date_gmt":"2024-04-26T18:50:52","guid":{"rendered":"https:\/\/ebpbahia.com.br\/jornadas\/2024\/?page_id=42"},"modified":"2024-10-17T18:08:45","modified_gmt":"2024-10-17T21:08:45","slug":"comissoes","status":"publish","type":"page","link":"https:\/\/ebpbahia.com.br\/jornadas\/2024\/a-jornada\/comissoes\/","title":{"rendered":"Comiss\u00f5es"},"content":{"rendered":"<div class=\"wpb-content-wrapper\">[vc_row][vc_column][vc_column_text css=&#8221;&#8221;]\n<p><span style=\"color: #000080;\"><strong>Comiss\u00e3o Organizadora<\/strong>:<\/span><\/p>\n<p>Iordan Gurgel (AME EBP\/AMP) \u2013 <strong>(Coord. )<\/strong><\/p>\n<p>Anal\u00edcea Calmon (AME EBP\/AMP)<\/p>\n<p>S\u00f4nia Vicente (AME EBP\/AMP)<\/p>\n<p>Daniela Nunes Ara\u00fajo (EBP\/AMP)<\/p>\n<p>Luiz Felipe (EBP\/AMP)<\/p>\n<p>Luiza Sarno (EBP\/AMP)<\/p>\n<p>Marcelo Magnelli (EBP\/AMP)<\/p>\n<p>Marcelo Veras (AME EBP\/AMP)<\/p>\n<hr \/>\n<p><span style=\"color: #000080;\"><strong>Comiss\u00e3o Cient\u00edfica<\/strong>:<\/span><\/p>\n<p>Marcelo Veras AME (EBP\/AMP) \u2013 <strong>(Coord.)<\/strong><\/p>\n<p>Celia Salles (EBP\/AMP)<\/p>\n<p>M\u00f4nica Hage (EBP\/AMP)<\/p>\n<p>Pablo Sauce (EBP\/AMP)<\/p>\n<p>S\u00f4nia Vicente (EBP\/AMP)<\/p>\n<p>T\u00e2nia Abreu (EBP\/AMP)<\/p>\n<hr \/>\n<p><span style=\"color: #000080;\"><strong>Jornadas Cl\u00ednicas: As paix\u00f5es na Cl\u00ednica.<\/strong><\/span><\/p>\n<p>Pablo Sauce (EBP\/AMP) \u2013 <strong>(Coord.)<\/strong><\/p>\n<p>Al\u00e9ssia Fontenelle (EBP\/AMP)<\/p>\n<p>Ana Stela Sande (EBP\/AMP)<\/p>\n<p>Fernanda Otoni de Barros Brisset (AME EBP\/AMP) \u2013 Convidado \u00caxtimo.<\/p>\n<p>Lucy de Castro (EBP\/AMP)<\/p>\n<p>Nilton Cerqueira (EBP\/AMP)<\/p>\n<hr \/>\n<p><span style=\"color: #000080;\"><strong>Comiss\u00e3o de Infraestreutura e Acolhimento<\/strong>:<\/span><\/p>\n<p>Daniela Nunes Ara\u00fajo (EBP\/AMP) \u2013 <strong>(Coord.)<\/strong><\/p>\n<p>Camila Abreu (IPB)<\/p>\n<p>Clara Melo (IPB)<\/p>\n<p>Ethel Poll (IPB)<\/p>\n<p>Graziela Pires (IPB)<\/p>\n<hr \/>\n<p><span style=\"color: #000080;\"><strong>Comiss\u00e3o de Comunica\u00e7\u00e3o<\/strong>:<\/span><\/p>\n<p>Marcelo Magnelli (EBP\/AMP) \u2013 <strong>(Coord. geral)<\/strong><\/p>\n<p>J\u00falia Solano (EBP\/AMP) \u2013 <strong>(Coord. boletim)<\/strong><\/p>\n<p>Luiz Mena (EBP\/AMP) &#8211; <strong>(Coord. boletim)<\/strong><\/p>\n<p>Claudio Melo (IPB) &#8211; (<strong>Coord. site)<\/strong><\/p>\n<p>Clara Melo (IPB)<\/p>\n<p>Graziela Vasconcelos (IPB)<\/p>\n<p>Guacira Cavalcante (IPB)<\/p>\n<p>Kleyanne Lima (IPB)<\/p>\n<p>Liliane Sales (IPB)<\/p>\n<p>Mar\u00edlia Santiago (IPB)<\/p>\n<hr \/>\n<p><span style=\"color: #000080;\"><strong>GTs \u2013 PLEN\u00c1RIAS<\/strong><\/span><\/p>\n<p><span style=\"color: #000080;\"><strong>I \u2013 Tema<\/strong>: (a)paix\u00e3o e seus efeitos na Cl\u00ednica\u00a0das\u00a0Psicoses<\/span><\/p>\n<p><strong>Coordenadora<\/strong>: C\u00e9lia Salles (EBP\/AMP)<br \/>\n<strong>\u00caxtimo<\/strong>: Fabi\u00e1n Schejtman (EOL\/AMP)<\/p>\n<hr \/>\n<p><span style=\"color: #000080;\"><strong>II \u2013 Tema<\/strong>: Uma \u201cDouta Paix\u00e3o\u201d e os afetos na experi\u00eancia anal\u00edtica<br \/>\n<\/span><\/p>\n<p><strong>Coordenadora<\/strong>: M\u00f4nica Hage (EBP\/AMP)<br \/>\n<strong>Colaboradora<\/strong>: F\u00e1tima Sarmento AME (EBPAMP)<br \/>\n<strong>\u00caxtimo<\/strong>: Gerardo Arenas (EOL\/AMP)<\/p>\n<hr \/>\n<p><span style=\"color: #000080;\"><strong>III \u2013 <\/strong>Tema: A Paix\u00e3o na experi\u00eancia anal\u00edtica: manejos e arranjos<br \/>\n<\/span><\/p>\n<p><strong>Coordenadora<\/strong>: S\u00f4nia Vicente AME (EBP\/AMP)<br \/>\n<strong>\u00caxtima<\/strong>: Marina Recalde AME (EOL\/AMP)<\/p>\n<hr \/>\n<p><span style=\"color: #000080;\"><strong>IV \u2013 Os Usos do Humor na Experi\u00eancia Anal\u00edtica<br \/>\n<\/strong><\/span><\/p>\n<p><strong>Coordenadora<\/strong>: T\u00e2nia Abreu (EBP\/AMP)<br \/>\n<strong>\u00caxtimo<\/strong>: Fabi\u00e1n Naparstek AME (EOL\/AMP)<br \/>\n[\/vc_column_text][\/vc_column][\/vc_row]\n<\/div>","protected":false},"excerpt":{"rendered":"<p>[vc_row][vc_column][vc_column_text css=&#8221;&#8221;] Comiss\u00e3o Organizadora: Iordan Gurgel (AME EBP\/AMP) \u2013 (Coord. ) Anal\u00edcea Calmon (AME EBP\/AMP) S\u00f4nia Vicente (AME EBP\/AMP) Daniela Nunes Ara\u00fajo (EBP\/AMP) Luiz Felipe (EBP\/AMP) Luiza Sarno (EBP\/AMP) Marcelo Magnelli (EBP\/AMP) Marcelo Veras (AME EBP\/AMP) Comiss\u00e3o Cient\u00edfica: Marcelo Veras AME (EBP\/AMP) \u2013 (Coord.) Celia Salles (EBP\/AMP) M\u00f4nica Hage (EBP\/AMP) Pablo Sauce (EBP\/AMP) S\u00f4nia Vicente&hellip;<\/p>\n","protected":false},"author":1,"featured_media":0,"parent":23,"menu_order":0,"comment_status":"closed","ping_status":"closed","template":"templates\/no-sidebar.php","meta":{"_joinchat":[],"footnotes":""},"class_list":["post-42","page","type-page","status-publish","hentry","entry","no-media"],"_links":{"self":[{"href":"https:\/\/ebpbahia.com.br\/jornadas\/2024\/wp-json\/wp\/v2\/pages\/42","targetHints":{"allow":["GET"]}}],"collection":[{"href":"https:\/\/ebpbahia.com.br\/jornadas\/2024\/wp-json\/wp\/v2\/pages"}],"about":[{"href":"https:\/\/ebpbahia.com.br\/jornadas\/2024\/wp-json\/wp\/v2\/types\/page"}],"author":[{"embeddable":true,"href":"https:\/\/ebpbahia.com.br\/jornadas\/2024\/wp-json\/wp\/v2\/users\/1"}],"replies":[{"embeddable":true,"href":"https:\/\/ebpbahia.com.br\/jornadas\/2024\/wp-json\/wp\/v2\/comments?post=42"}],"version-history":[{"count":17,"href":"https:\/\/ebpbahia.com.br\/jornadas\/2024\/wp-json\/wp\/v2\/pages\/42\/revisions"}],"predecessor-version":[{"id":696,"href":"https:\/\/ebpbahia.com.br\/jornadas\/2024\/wp-json\/wp\/v2\/pages\/42\/revisions\/696"}],"up":[{"embeddable":true,"href":"https:\/\/ebpbahia.com.br\/jornadas\/2024\/wp-json\/wp\/v2\/pages\/23"}],"wp:attachment":[{"href":"https:\/\/ebpbahia.com.br\/jornadas\/2024\/wp-json\/wp\/v2\/media?parent=42"}],"curies":[{"name":"wp","href":"https:\/\/api.w.org\/{rel}","templated":true}]}}