{"id":40,"date":"2024-04-26T15:50:30","date_gmt":"2024-04-26T18:50:30","guid":{"rendered":"https:\/\/ebpbahia.com.br\/jornadas\/2024\/?page_id=40"},"modified":"2024-08-28T17:59:45","modified_gmt":"2024-08-28T20:59:45","slug":"envio-de-trabalho","status":"publish","type":"page","link":"https:\/\/ebpbahia.com.br\/jornadas\/2024\/a-jornada\/envio-de-trabalho\/","title":{"rendered":"Envio de Trabalho"},"content":{"rendered":"<div class=\"wpb-content-wrapper\">[vc_row][vc_column][vc_column_text css=&#8221;&#8221;]\n<h3><strong><em>Orienta\u00e7\u00e3o para o envio de trabalhos<\/em><\/strong><\/h3>\n<p><span class=\"wpex-responsive-media\"><iframe loading=\"lazy\" title=\"Eco   Marcelo Veras\" width=\"980\" height=\"551\" src=\"https:\/\/www.youtube.com\/embed\/1fhEi0DKxIo?feature=oembed\"  allow=\"accelerometer; autoplay; clipboard-write; encrypted-media; gyroscope; picture-in-picture; web-share\" referrerpolicy=\"strict-origin-when-cross-origin\" allowfullscreen><\/iframe><\/span><\/p>\n<p>A <em>paix\u00e3o<\/em> de Freud pela verdade, no encontro com <em>a-<\/em>hist\u00e9rica e seus enigm\u00e1ticos sintomas no contexto de uma determinada \u00e9poca, o levaram a cria\u00e7\u00e3o de um discurso novo: o da psican\u00e1lise; o qual foi poss\u00edvel a partir da posta em jogo na cena do mundo de um desejo in\u00e9dito: o <em>desejo do analista<\/em>, um desejo que, ao contr\u00e1rio do desejo do <em>analisante<\/em>, n\u00e3o existia at\u00e9 esse momento. E assim fez desse modo particular de tratamento das paix\u00f5es, um of\u00edcio; o qual implica um desejo de saber ler os sintomas a partir de uma douta ignor\u00e2ncia sobre os ditos apaixonados. Desse modo surge o <em>dispositivo anal\u00edtico<\/em>, uma forma de tratar sob <em>transfer\u00eancia<\/em> os <em>afetos<\/em> como efeitos no corpo do fato de que, entre n\u00f3s, circula um dizer: padece-se da linguagem. Amor, \u00f3dio, ignor\u00e2ncia, tristeza, felicidade, mania, vergonha, tedio, pregui\u00e7a, mal humor, gaio-saber etc.<\/p>\n<p>A fim de promover uma conversa\u00e7\u00e3o sobre os modos atuais de apresenta\u00e7\u00e3o destes padecimentos e suas formas de tratamento; convidamos cada um dos praticantes da psican\u00e1lise a compartilhar sua experi\u00eancia, verdadeiro fundamento do discurso anal\u00edtico. Deste modo, que cheguem \u00e0 nossa conversa\u00e7\u00e3o os casos atendidos em v\u00e1rios enquadres, em v\u00e1rios momentos do tratamento, conduzidos por v\u00e1rios praticantes que se disp\u00f5em a contribuir, com um fragmento vivo da sua experi\u00eancia cl\u00ednica, para uma elabora\u00e7\u00e3o conjunta provocada pela singularidade com que uma paix\u00e3o \u00e9 tomada no tratamento anal\u00edtico.<\/p>\n<p>Para a elabora\u00e7\u00e3o dos trabalhos da Jornada Cl\u00ednica apresentamos quatro eixos que servem de orienta\u00e7\u00e3o:<\/p>\n<p>&#8211; As paix\u00f5es na experi\u00eancia anal\u00edtica: manejos e arranjos.<\/p>\n<p>&#8211; \u201cUma douta paix\u00e3o\u201d e os afetos na experi\u00eancia anal\u00edtica.<\/p>\n<p>&#8211; O humor e as paix\u00f5es do falasser.<\/p>\n<p>&#8211; Enodamentos e desenodamentos de (a)paix\u00e3o na experi\u00eancia anal\u00edtica.<\/p>\n<p>Al\u00e9m disso orientamos seguir algum dos seguintes formatos:<\/p>\n<ul>\n<li>apresenta\u00e7\u00e3o de um<em> caso<\/em>;<\/li>\n<li>uma <em>vinheta cl\u00ednica<\/em>;<\/li>\n<li>a partir de uma f<em>rase<\/em> dita <em>sob transfer\u00eancia<\/em>, de um fragmento de <em>testemunho de passe<\/em> ou de algum <em>caso<\/em> j\u00e1 <em>publicado<\/em>; extrair alguma articula\u00e7\u00e3o cl\u00ednica com o tema das <em>paix\u00f5es<\/em>;<\/li>\n<li>uma leitura cl\u00ednica provocada por algum <em>filme<\/em>, <em>conto<\/em> ou <em>romance<\/em> etc.<\/li>\n<\/ul>\n<p>Destacamos que ser\u00e3o muito bem-vindos trabalhos surgidos do campo da <em>psican\u00e1lise aplicada <\/em>nos diversos \u00e2mbitos institucionais, como a sa\u00fade mental, escolar, hospitalar, prisional, acad\u00eamico etc., al\u00e9m da pr\u00e1tica em consult\u00f3rio.<\/p>\n<p>Os textos, a serem enviados em formato de arquivo Word, dever\u00e3o ter no m\u00e1ximo\u00a0<strong>5000 caracteres com espa\u00e7o<\/strong>, escritos em fonte Times New Roman 12, com espa\u00e7amento de 1,5.<\/p>\n<p>Antes do t\u00edtulo, solicita-se a inser\u00e7\u00e3o do nome completo do autor, seu e-mail e n\u00famero de WhatsApp.<\/p>\n<p>No assunto do e-mail, dever\u00e3o vir os seguintes dados:\u00a0\u00a0<strong>XXVIII Jornada da Se\u00e7\u00e3o Bahia \u2013 Jornada Cl\u00ednica \u2013 SOBRENOME, Nome.<\/strong><\/p>\n<p>Os textos dever\u00e3o ser enviados at\u00e9 o dia 09\/09, para o e-mail:<a href=\"mailto:\u00a0jornadas@ebpbahia.com.br\">\u00a0jornadas@ebpbahia.com.br<\/a><\/p>\n<p><strong>Observa\u00e7\u00e3o:<\/strong>\u00a0Lembramos que, para o envio de trabalhos endere\u00e7ados \u00e0 Jornada Cl\u00ednica, os autores dever\u00e3o estar previamente inscritos nas Jornadas da Se\u00e7\u00e3o Bahia.<\/p>\n<p dir=\"ltr\"><strong>N\u00facleo da Jornada Cl\u00ednica: <span style=\"color: var(--wpex-heading-color); font-family: var(--wpex-heading-font-family); font-size: 1em; font-style: var(--wpex-heading-font-style); letter-spacing: var(--wpex-heading-letter-spacing); text-transform: var(--wpex-heading-text-transform);\">Pablo Sauce (EBP\/AMP) \u2013\u00a0(Coord.);<\/span>\u00a0<span style=\"color: var(--wpex-heading-color); font-family: var(--wpex-heading-font-family); font-size: 1em; font-style: var(--wpex-heading-font-style); letter-spacing: var(--wpex-heading-letter-spacing); text-transform: var(--wpex-heading-text-transform);\">Fernanda Otoni de Barros Brisset (AME EBP\/AMP) \u2013 Convidada \u00caxtima<br \/>\n<\/span><span style=\"color: var(--wpex-heading-color); font-family: var(--wpex-heading-font-family); font-size: 1em; font-style: var(--wpex-heading-font-style); letter-spacing: var(--wpex-heading-letter-spacing); text-transform: var(--wpex-heading-text-transform);\">Participantes: Al\u00e9ssia Fontenelle (EBP\/AMP);Ana Stela Sande (EBP\/AMP); Lucy de Castro (EBP\/AMP); Nilton Cerqueira (EBP\/AMP)<\/span><\/strong><\/p>\n[\/vc_column_text][\/vc_column][\/vc_row]\n<\/div>","protected":false},"excerpt":{"rendered":"<p>[vc_row][vc_column][vc_column_text css=&#8221;&#8221;] Orienta\u00e7\u00e3o para o envio de trabalhos A paix\u00e3o de Freud pela verdade, no encontro com a-hist\u00e9rica e seus enigm\u00e1ticos sintomas no contexto de uma determinada \u00e9poca, o levaram a cria\u00e7\u00e3o de um discurso novo: o da psican\u00e1lise; o qual foi poss\u00edvel a partir da posta em jogo na cena do mundo de um&hellip;<\/p>\n","protected":false},"author":1,"featured_media":0,"parent":23,"menu_order":0,"comment_status":"closed","ping_status":"closed","template":"templates\/no-sidebar.php","meta":{"_joinchat":[],"footnotes":""},"class_list":["post-40","page","type-page","status-publish","hentry","entry","no-media"],"_links":{"self":[{"href":"https:\/\/ebpbahia.com.br\/jornadas\/2024\/wp-json\/wp\/v2\/pages\/40","targetHints":{"allow":["GET"]}}],"collection":[{"href":"https:\/\/ebpbahia.com.br\/jornadas\/2024\/wp-json\/wp\/v2\/pages"}],"about":[{"href":"https:\/\/ebpbahia.com.br\/jornadas\/2024\/wp-json\/wp\/v2\/types\/page"}],"author":[{"embeddable":true,"href":"https:\/\/ebpbahia.com.br\/jornadas\/2024\/wp-json\/wp\/v2\/users\/1"}],"replies":[{"embeddable":true,"href":"https:\/\/ebpbahia.com.br\/jornadas\/2024\/wp-json\/wp\/v2\/comments?post=40"}],"version-history":[{"count":12,"href":"https:\/\/ebpbahia.com.br\/jornadas\/2024\/wp-json\/wp\/v2\/pages\/40\/revisions"}],"predecessor-version":[{"id":503,"href":"https:\/\/ebpbahia.com.br\/jornadas\/2024\/wp-json\/wp\/v2\/pages\/40\/revisions\/503"}],"up":[{"embeddable":true,"href":"https:\/\/ebpbahia.com.br\/jornadas\/2024\/wp-json\/wp\/v2\/pages\/23"}],"wp:attachment":[{"href":"https:\/\/ebpbahia.com.br\/jornadas\/2024\/wp-json\/wp\/v2\/media?parent=40"}],"curies":[{"name":"wp","href":"https:\/\/api.w.org\/{rel}","templated":true}]}}