{"id":38,"date":"2024-04-26T15:50:10","date_gmt":"2024-04-26T18:50:10","guid":{"rendered":"https:\/\/ebpbahia.com.br\/jornadas\/2024\/?page_id=38"},"modified":"2024-09-16T16:54:59","modified_gmt":"2024-09-16T19:54:59","slug":"atividades-preparatorias","status":"publish","type":"page","link":"https:\/\/ebpbahia.com.br\/jornadas\/2024\/a-jornada\/atividades-preparatorias\/","title":{"rendered":"Atividades Preparat\u00f3rias"},"content":{"rendered":"<div class=\"wpb-content-wrapper\">[vc_row][vc_column width=&#8221;1\/2&#8243;][vc_column_text css=&#8221;&#8221;]\n<h3><span style=\"color: #333399;\">MAR\u00c7O<\/span><\/h3>\n<p><strong>06.03.2024<\/strong><\/p>\n<ul>\n<li>Introdu\u00e7\u00e3o ao SFP \u2013 Paix\u00f5es do falasser<\/li>\n<\/ul>\n<p><strong>13.03.2024<\/strong><\/p>\n<ul>\n<li><strong>O real da paix\u00e3o<\/strong><\/li>\n<li><em>Autor: Marcus Andr\u00e9 Vieria<\/em>\n<ul>\n<li>VIEIRA, M. A. . O real da paix\u00e3o. Op\u00e7\u00e3o Lacaniana, S\u00e3o Paulo, v. 31, p. 42-47, 2001.<\/li>\n<\/ul>\n<\/li>\n<li>Convidado: Marcus Andr\u00e9 Vieria<\/li>\n<\/ul>\n<p><strong>20.03.2024<\/strong><\/p>\n<ul>\n<li><strong>As paix\u00f5es do ser<\/strong><\/li>\n<li><em>Autor: Eric Laurent<\/em>\n<ul>\n<li>As paix\u00f5es do ser. Escola Brasileira de Psican\u00e1lise \u2013 Se\u00e7\u00e3o Bahia e Instituto de Psican\u00e1lise da Bahia, Salvador: nov. 2000<\/li>\n<\/ul>\n<\/li>\n<li>Convidada: S\u00f4nia Vicente<\/li>\n<\/ul>\n<hr \/>\n<h3><span style=\"color: #333399;\">ABRIL<\/span><\/h3>\n<p><strong>10.04.2024<\/strong><\/p>\n<ul>\n<li><strong>Paix\u00f5es do ser, paix\u00f5es da alma<\/strong><\/li>\n<li><em>Autora: Carolina Koretzky<\/em>\n<ul>\n<li>Fonte: Revista Le cause du desir, nr. 93<\/li>\n<\/ul>\n<\/li>\n<li>Convidado: Rog\u00e9rio Barros<\/li>\n<\/ul>\n<p><strong>17.04.2024<\/strong><\/p>\n<ul>\n<li><strong>Las pasiones del cuerpo en el siglo XXI<\/strong><\/li>\n<li><em>Autora: Clotilde Leguil<\/em>\n<ul>\n<li>Fonte: Revista Freudiana. Nr.73<\/li>\n<\/ul>\n<\/li>\n<li>Convidado: Luiz Felipe Monteiro<\/li>\n<\/ul>\n<p><strong>24.04.2024\u00a0\u00a0\u00a0\u00a0\u00a0\u00a0\u00a0\u00a0<\/strong>\u00a0\u2013<\/p>\n<hr \/>\n<h3><span style=\"color: #333399;\">MAIO<\/span><\/h3>\n<p><strong>15.05.2024<\/strong><\/p>\n<ul>\n<li><strong>Paix\u00f5es Lacanianas 1 \u2013 Cuerpos Afectados<\/strong><\/li>\n<li><em>Autora: Graciela Brodsky\u00a0 e et. al.<\/em>\n<ul>\n<li>Fonte: Pasiones Lacanianas. Buenos Aires, Grama, 2019<\/li>\n<\/ul>\n<\/li>\n<li>Convidada: Anal\u00edcea Calmon<\/li>\n<\/ul>\n<p><strong>22.05.2024<\/strong><\/p>\n<ul>\n<li><strong>Paix\u00f5es Lacanianas 2 \u2013 Lo indecible<\/strong><\/li>\n<li><em>Autora: Graciela Brodsky\u00a0 e et. al.<\/em>\n<ul>\n<li>Fonte: Pasiones Lacanianas. Buenos Aires, Grama, 2019<\/li>\n<\/ul>\n<\/li>\n<li>Convidada: C\u00e9lia Salles<\/li>\n<\/ul>\n<hr \/>\n<h3><span style=\"color: #333399;\">JUNHO<\/span><\/h3>\n<p><strong>05.06.2024<\/strong><\/p>\n<ul>\n<li><strong>Atividade Biblioteca: \u201cA morte de si\u201d \u2013 Marcelo Veras<\/strong><\/li>\n<\/ul>\n<p><strong>12.06.2024<\/strong><\/p>\n<ul>\n<li><strong>Paix\u00f5es Lacanianas 3 \u2013 Las desgracias del ser<\/strong><\/li>\n<li><em>Autora: Graciela Brodsky\u00a0 e et. al.<\/em>\n<ul>\n<li>Fonte: Pasiones Lacanianas. Buenos Aires, Grama, 2019<\/li>\n<\/ul>\n<\/li>\n<li>Convidada: Marta Restrepo<\/li>\n<\/ul>\n<p><strong>19.06.2024<\/strong><\/p>\n<ul>\n<li><strong>Paix\u00f5es Lacanianas 4 \u2013 Entre demonstraci\u00f3n y charlataner\u00eda: el chiste<\/strong><\/li>\n<li><em>Autora: Graciela Brodsky\u00a0 e et. al.<\/em>\n<ul>\n<li>Fonte: Pasiones Lacanianas. Buenos Aires, Grama, 2019<\/li>\n<\/ul>\n<\/li>\n<li>Convidada: Lucy de Castro<\/li>\n<\/ul>\n<hr \/>\n<h3><span style=\"color: #333399;\">JULHO<\/span><\/h3>\n<p><strong>10.07.2024<\/strong><\/p>\n<ul>\n<li><strong>Paix\u00f5es religiosas do falasser<\/strong><\/li>\n<li><em>Autor: \u00c9ric Laurent<\/em>\n<ul>\n<li>Fonte: Revista: Op\u00e7\u00e3o Lacaniana, n\u00ba 75\/76<\/li>\n<\/ul>\n<\/li>\n<li>Convidada: Marcela Antelo<\/li>\n<\/ul>\n<p><strong>17.07.2024<\/strong><\/p>\n<ul>\n<li><strong>Pasiones Dantescas<\/strong><\/li>\n<li><em>Autor: F. Reganault<\/em>\n<ul>\n<li>Fonte: Revista Virtualia, nr. 13<\/li>\n<\/ul>\n<\/li>\n<li>Convidado: Paulo Gabrielli<\/li>\n<\/ul>\n<p><strong>24.07.2024<\/strong><\/p>\n<ul>\n<li><strong>Paix\u00f5es Lacanianas 5 \u2013 P\u00e1sion l\u00facida<\/strong><\/li>\n<li><em>Autora: Graciela Brodsky\u00a0 e et. al.<\/em>\n<ul>\n<li>Fonte: Pasiones Lacanianas. Buenos Aires, Grama, 2019<\/li>\n<\/ul>\n<\/li>\n<li>Convidado: Pablo Sauce<\/li>\n<\/ul>\n<p><strong>31.07.2024<\/strong><\/p>\n<ul>\n<li><strong>Paix\u00f5es Lacanianas 6 \u2013 La transfer\u00eancia negativa<\/strong><\/li>\n<li><em>Autora: Graciela Brodsky\u00a0 e et. al.<\/em>\n<ul>\n<li>Fonte: Pasiones Lacanianas. Buenos Aires, Grama, 2019<\/li>\n<\/ul>\n<\/li>\n<li>Convidado: Nilton Cerqueira<\/li>\n<\/ul>\n<hr \/>\n<h3><span style=\"color: #333399;\">AGOSTO<\/span><\/h3>\n<p><strong>07.08.2024<\/strong><\/p>\n<ul>\n<li><strong>A prop\u00f3sito de los afectos en la experiencia anal\u00edtica<\/strong><\/li>\n<li><em>Autor: J. A. Miller<\/em>\n<ul>\n<li>Fonte: Matemas II. Buenos Aires, Manatial, 1990<\/li>\n<\/ul>\n<\/li>\n<li>Convidada: Maria Luiza Sarno<\/li>\n<\/ul>\n<p><strong>14.08.2024<\/strong><\/p>\n<ul>\n<li><strong>Da emo\u00e7\u00e3o ao afeto<\/strong><\/li>\n<li><em>Autora: Patr\u00edcia Bosquin-Caroz<\/em>\n<ul>\n<li>Fonte: Revista Le cause du desir, nr. 93<\/li>\n<\/ul>\n<\/li>\n<li>Convidada: Carla Fernandes<\/li>\n<\/ul>\n<p><strong>21.08.2024<\/strong><\/p>\n<ul>\n<li><strong>Paix\u00f5es Lacanianas 7 \u2013 Enredados en el \u00f3dio + El odio a s\u00ed mismo<\/strong><\/li>\n<li><em>Autora: Graciela Brodsky\u00a0 e et. al.<\/em>\n<ul>\n<li>Fonte: Pasiones Lacanianas. Buenos Aires, Grama, 2019<\/li>\n<\/ul>\n<\/li>\n<li>Convidada: Ana Stela Sande<\/li>\n<\/ul>\n<p><strong>28.08.2024<\/strong><\/p>\n<ul>\n<li><strong>Paix\u00f5es Lacanianas 8 \u2013 El goce del sacrif\u00edcio<\/strong><\/li>\n<li><em>Autora: Graciela Brodsky\u00a0 e et. al.<\/em>\n<ul>\n<li>Fonte: Pasiones Lacanianas. Buenos Aires, Grama, 2019<\/li>\n<\/ul>\n<\/li>\n<li>Convidado: Marcelo Magnelli<\/li>\n<\/ul>\n<hr \/>\n<h3><span style=\"color: #333399;\">SETEMBRO<\/span><\/h3>\n<p><strong>18.09.2024<\/strong><\/p>\n<ul>\n<li><strong>Paix\u00f5es Lacanianas 9 \u2013 Dulce Melancolia<\/strong><\/li>\n<li><em>Autora: Graciela Brodsky\u00a0 e et. al.<\/em>\n<ul>\n<li>Fonte: Pasiones Lacanianas. Buenos Aires, Grama, 2019<\/li>\n<\/ul>\n<\/li>\n<li>Convidado: Marcelo Veras<\/li>\n<\/ul>\n<p><strong>25.09.2024<\/strong><\/p>\n<ul>\n<li><strong>Paix\u00f5es Lacanianas 10 \u2013 C\u00f3lera e sexuaci\u00f3n<\/strong><\/li>\n<li><em>Autora: Graciela Brodsky\u00a0 e et. al.<\/em>\n<ul>\n<li>Fonte: Pasiones Lacanianas. Buenos Aires, Grama, 2019<\/li>\n<\/ul>\n<\/li>\n<li>Convidada: Daniela Araujo<\/li>\n<\/ul>\n<hr \/>\n<h3><span style=\"color: #333399;\">OUTUBRO<\/span><\/h3>\n<p><strong>02.10.2024<\/strong><\/p>\n<ul>\n<li><strong>Tristeza: \u00bfenfermedad o cobard\u00eda moral?<\/strong><\/li>\n<li><em>Autora: Rosa L\u00f3pez<\/em>\n<ul>\n<li>Fonte: Revista El Psicoanalisis, nr. 37<\/li>\n<\/ul>\n<\/li>\n<li>Convidada: M\u00f4nica Hage<\/li>\n<\/ul>\n<p><strong>09.10.2024<\/strong><\/p>\n<ul>\n<li><strong>De pecados y pasiones \u2013 La envidia<\/strong><\/li>\n<li><em>Autora: Ana Ruth Najiles<\/em>\n<ul>\n<li>Fonte: Revista Enlaces On line N\u00b027<\/li>\n<\/ul>\n<\/li>\n<li>Convidada: F\u00e1tima Sarmento<\/li>\n<\/ul>\n<p><strong>16.10.2024<\/strong><\/p>\n<ul>\n<li><strong>Paix\u00f5es Lacanianas 11 \u2013 Celos<\/strong><\/li>\n<li><em>Autora: Graciela Brodsky\u00a0 e et. al.<\/em>\n<ul>\n<li>Fonte: Pasiones Lacanianas. Buenos Aires, Grama, 2019<\/li>\n<\/ul>\n<\/li>\n<li>Convidada: Al\u00e9ssia Fontenelle<\/li>\n<\/ul>\n<p><strong>23.10.2024<\/strong><\/p>\n<ul>\n<li><strong>Paix\u00f5es Lacanianas 12 \u2013 Un saber alegre<\/strong><\/li>\n<li><em>Autora: Graciela Brodsky\u00a0 e et. al.<\/em>\n<ul>\n<li>Fonte: Pasiones Lacanianas. Buenos Aires, Grama, 2019<\/li>\n<\/ul>\n<\/li>\n<li>Convidada: T\u00e2nia Abreu<\/li>\n<\/ul>\n<p><strong>25.10.2024<\/strong><\/p>\n<ul>\n<li><strong>Jornadas EBP\/IPB \u2013 As paix\u00f5es do falasser<\/strong><\/li>\n<\/ul>\n<p><strong>26.10.2024<\/strong><\/p>\n<ol>\n<li><strong>Jornadas EBP\/IPB \u2013 As paix\u00f5es do falasser<\/strong><\/li>\n<\/ol>\n<hr \/>\n<h3><span style=\"color: #333399;\">NOVEMBRO<\/span><\/h3>\n<p><strong>13.11.2024<\/strong><\/p>\n<ul>\n<li><strong>O que ficou\u2026 \u2013 \u201cSobre o SFP, as Jornadas e EBCF\u201d<\/strong><\/li>\n<\/ul>\n[\/vc_column_text][\/vc_column][vc_column width=&#8221;1\/2&#8243;][vc_single_image image=&#8221;463&#8243; css=&#8221;&#8221;]<div class=\"vcex-spacing wpex-w-100 wpex-clear\"><\/div><a href=\"https:\/\/ebpbahia.com.br\/jornadas\/2024\/wp-content\/uploads\/2024\/08\/PROGRAMA.pdf\" class=\"vcex-button theme-button inline\" target=\"_blank\" rel=\"noopener noreferrer\"><span class=\"vcex-button-inner theme-button-inner\">Download PDF<\/span><\/a> <div class=\"vcex-spacing wpex-w-100 wpex-clear\"><\/div>[vc_single_image image=&#8221;559&#8243; css=&#8221;&#8221;]<div class=\"vcex-spacing wpex-w-100 wpex-clear\"><\/div>[vc_single_image image=&#8221;560&#8243; css=&#8221;&#8221;][\/vc_column][\/vc_row]\n<\/div>","protected":false},"excerpt":{"rendered":"<p>[vc_row][vc_column width=&#8221;1\/2&#8243;][vc_column_text css=&#8221;&#8221;] MAR\u00c7O 06.03.2024 Introdu\u00e7\u00e3o ao SFP \u2013 Paix\u00f5es do falasser 13.03.2024 O real da paix\u00e3o Autor: Marcus Andr\u00e9 Vieria VIEIRA, M. A. . O real da paix\u00e3o. Op\u00e7\u00e3o Lacaniana, S\u00e3o Paulo, v. 31, p. 42-47, 2001. Convidado: Marcus Andr\u00e9 Vieria 20.03.2024 As paix\u00f5es do ser Autor: Eric Laurent As paix\u00f5es do ser. Escola&hellip;<\/p>\n","protected":false},"author":1,"featured_media":0,"parent":23,"menu_order":0,"comment_status":"closed","ping_status":"closed","template":"templates\/no-sidebar.php","meta":{"_joinchat":[],"footnotes":""},"class_list":["post-38","page","type-page","status-publish","hentry","entry","no-media"],"_links":{"self":[{"href":"https:\/\/ebpbahia.com.br\/jornadas\/2024\/wp-json\/wp\/v2\/pages\/38","targetHints":{"allow":["GET"]}}],"collection":[{"href":"https:\/\/ebpbahia.com.br\/jornadas\/2024\/wp-json\/wp\/v2\/pages"}],"about":[{"href":"https:\/\/ebpbahia.com.br\/jornadas\/2024\/wp-json\/wp\/v2\/types\/page"}],"author":[{"embeddable":true,"href":"https:\/\/ebpbahia.com.br\/jornadas\/2024\/wp-json\/wp\/v2\/users\/1"}],"replies":[{"embeddable":true,"href":"https:\/\/ebpbahia.com.br\/jornadas\/2024\/wp-json\/wp\/v2\/comments?post=38"}],"version-history":[{"count":5,"href":"https:\/\/ebpbahia.com.br\/jornadas\/2024\/wp-json\/wp\/v2\/pages\/38\/revisions"}],"predecessor-version":[{"id":562,"href":"https:\/\/ebpbahia.com.br\/jornadas\/2024\/wp-json\/wp\/v2\/pages\/38\/revisions\/562"}],"up":[{"embeddable":true,"href":"https:\/\/ebpbahia.com.br\/jornadas\/2024\/wp-json\/wp\/v2\/pages\/23"}],"wp:attachment":[{"href":"https:\/\/ebpbahia.com.br\/jornadas\/2024\/wp-json\/wp\/v2\/media?parent=38"}],"curies":[{"name":"wp","href":"https:\/\/api.w.org\/{rel}","templated":true}]}}