{"id":371,"date":"2024-07-31T06:31:21","date_gmt":"2024-07-31T09:31:21","guid":{"rendered":"https:\/\/ebpbahia.com.br\/jornadas\/2024\/?page_id=371"},"modified":"2024-08-21T09:08:27","modified_gmt":"2024-08-21T12:08:27","slug":"boletim-phatos-extra-01","status":"publish","type":"page","link":"https:\/\/ebpbahia.com.br\/jornadas\/2024\/boletim-phatos\/boletim-phatos-extra-01\/","title":{"rendered":"Boletim PH\u00c1TOS EXTRA #01"},"content":{"rendered":"<div class=\"wpb-content-wrapper\">[vc_row][vc_column][vc_single_image image=&#8221;369&#8243; css=&#8221;&#8221;][vc_empty_space][vc_column_text css=&#8221;&#8221;]\n<h6 style=\"text-align: center;\">EXTRA 001 &#8211; AGOSTO 2024<\/h6>\n[\/vc_column_text][\/vc_column][\/vc_row][vc_row][vc_column][vc_separator color=&#8221;mulled_wine&#8221; css=&#8221;&#8221;][\/vc_column][\/vc_row][vc_row][vc_column][vc_column_text css=&#8221;&#8221;]\n<h3>EDITORIAL<\/h3>\n[\/vc_column_text][vc_empty_space][vc_column_text css=&#8221;&#8221;]\n<h6><em>Por Julia Solano (EBP\/AMP)<\/em><\/h6>\n<p>Essa edi\u00e7\u00e3o extra ser\u00e1 dedicada a comiss\u00e3o cient\u00edfica das nossas jornadas que, neste ano, se dividiu em grupos de trabalhos.\u00a0 Cada grupo de trabalho est\u00e1 respons\u00e1vel pela produ\u00e7\u00e3o de um relat\u00f3rio que ser\u00e1 apresentado nas plen\u00e1rias. Para os que ainda n\u00e3o sabem, as jornadas deste ano ser\u00e3o compostas por dois momentos; plen\u00e1rias e jornada cl\u00ednica. Neste boletim, conheceremos um pouco sobre o tema de cada grupo de trabalho e poderemos acompanhar um pouco da sua pesquisa atrav\u00e9s da bibliografia compartilhada. Boa leitura![\/vc_column_text][vc_empty_space][\/vc_column][\/vc_row][vc_row][vc_column][vc_separator color=&#8221;mulled_wine&#8221; css=&#8221;&#8221;][vc_single_image image=&#8221;400&#8243; add_caption=&#8221;yes&#8221; css=&#8221;&#8221;][\/vc_column][\/vc_row][vc_row][vc_column][vc_column_text css=&#8221;&#8221;]\n<h3>APRESENTA\u00c7\u00c3O<\/h3>\n[\/vc_column_text][vc_empty_space][vc_column_text css=&#8221;&#8221;]\n<h6><em>Marcelo Veras AME (EBP\/AMP) &#8211; Coordenador da Comiss\u00e3o Cient\u00edfica<\/em><\/h6>\n<p>Esse ano as Jornadas da Se\u00e7\u00e3o Bahia seguir\u00e3o um modelo diferente. As plen\u00e1rias s\u00e3o concebidas como a exposi\u00e7\u00e3o das discuss\u00f5es de grupos de trabalho sobre o tema As paix\u00f5es do falasser. S\u00e3o quatro GTs que, juntos, mobilizam quase quarenta integrantes. H\u00e1 igualmente em cada GT um \u00eaxtimo, um colega de outra Escola para contribuir na elabora\u00e7\u00e3o do relat\u00f3rio. Os quatro textos dessas plen\u00e1rias ser\u00e3o divulgados duas semanas antes da jornada para que todos os inscritos possam ler e participar do debate. A ideia \u00e9 fazer um trabalho de Escola, contando com a transfer\u00eancia de trabalho para termos um debate de excel\u00eancia sobre as paix\u00f5es do falasser. Vale a pena apostar nessa novidade.[\/vc_column_text][vc_empty_space][\/vc_column][\/vc_row][vc_row][vc_column][vc_separator color=&#8221;mulled_wine&#8221; css=&#8221;&#8221;][\/vc_column][\/vc_row][vc_row][vc_column width=&#8221;2\/3&#8243;][vc_column_text css=&#8221;&#8221;]\n<h3>Tema 1: As paix\u00f5es na experi\u00eancia anal\u00edtica: manejos e arranjos<\/h3>\n<h5>Sonia Vicente AME (EBP\/AMP)- Coordenadora; Marina Recalde AME (EOL\/AMP) -\u00caxtima<br \/>\nParticipantes \u2013 Anal\u00edcea Calmon AME (EBP\/AMP), Clara Melo (IPB), Ethel Poll(IPB), Luiz Felipe Monteiro (EBP\/AMP), Maria Luiza Miranda (EBP\/AMP), Rog\u00e9rio Barros(EBP\/AMP), Samyra Assad(EBP\/AMP) e Waldomiro Silva Filho.<\/h5>\n<p>Estamos nos dedicando a um percurso cujo in\u00edcio parte da indaga\u00e7\u00e3o &#8211; &#8220;o que \u00e9 o falasser?&#8221; Essa quest\u00e3o nos levar\u00e1, portanto, \u00e0 abordagem das paix\u00f5es do ser: amor, \u00f3dio e ignor\u00e2ncia, e, se elas s\u00e3o guiadas pela transfer\u00eancia, na dire\u00e7\u00e3o do final de uma an\u00e1lise, o amor e o \u00f3dio v\u00e3o adquirindo outro estatuto. Resta a paix\u00e3o da ignor\u00e2ncia, que \u00e9 transmutada em desejo de saber, ponto no qual se sustenta o desejo do analista.[\/vc_column_text][vc_empty_space][vc_btn title=&#8221;Leia mais&#8221; color=&#8221;black&#8221; size=&#8221;xs&#8221; css=&#8221;&#8221; link=&#8221;url:https%3A%2F%2Febpbahia.com.br%2Fjornadas%2F2024%2Fa-jornada%2Fgrupos-de-trabalho-apresentacao%2Ftema-1-as-paixoes-na-experiencia-analitica-manejos-e-arranjos%2F|target:_blank&#8221;][vc_btn title=&#8221;Bibliografia&#8221; color=&#8221;black&#8221; size=&#8221;xs&#8221; css=&#8221;&#8221; link=&#8221;url:https%3A%2F%2Febpbahia.com.br%2Fjornadas%2F2024%2Fa-jornada%2Fbibliografia%2Ftema-1-as-paixoes-na-experiencia-analitica-manejos-e-arranjos%2F|target:_blank&#8221;][\/vc_column][vc_column width=&#8221;1\/3&#8243;][vc_single_image image=&#8221;409&#8243; css=&#8221;&#8221;][\/vc_column][\/vc_row][vc_row][vc_column][vc_separator color=&#8221;mulled_wine&#8221; css=&#8221;&#8221;][\/vc_column][\/vc_row][vc_row][vc_column width=&#8221;2\/3&#8243;][vc_column_text css=&#8221;&#8221;]\n<h3><strong>Tema 2: \u201cUma douta paix\u00e3o\u201d e os afetos na experi\u00eancia anal\u00edtica<\/strong><\/h3>\n<h5>M\u00f4nica Hage (EBP\/AMP) &#8211; Coordenadora, Gerardo Arenas (EOL\/AMP) &#8211; \u00caxtimo<br \/>\nParticipantes: Alice Munguba (IPB), Carla Fernandes (EBP\/AMP), F\u00e1tima Sarmento AME (EBP\/AMP), Graziela Pires (IPB), J\u00falia Solano (EBP\/AMP), Klaus Seydel (IPB), Kleyanne Lima (IPB), T\u00e2nia Porto (IPB).<\/h5>\n<p>O tema dessas Jornadas \u2013 As Paix\u00f5es do Falasser, nos levou a interrogar o fazer e o que se passa do lado do analista. \u201cCaberia falar em paix\u00e3o do lado de quem conduz uma an\u00e1lise?\u201d Quando Lacan apresenta as paix\u00f5es do ser em jogo em uma an\u00e1lise \u2013 amor, \u00f3dio e ignor\u00e2ncia, j\u00e1 anuncia o que est\u00e1 do lado do analista: \u201cno analista tamb\u00e9m conv\u00e9m considerar a ignor\u00e2ncia\u201d. E traz uma p\u00e9rola, \u201ca posi\u00e7\u00e3o do analista deve ser a de uma ignor\u00e2ncia douta&#8230;[\/vc_column_text][vc_empty_space][vc_btn title=&#8221;Leia mais&#8221; color=&#8221;black&#8221; size=&#8221;xs&#8221; css=&#8221;&#8221; link=&#8221;url:https%3A%2F%2Febpbahia.com.br%2Fjornadas%2F2024%2Fa-jornada%2Fgrupos-de-trabalho-apresentacao%2Ftema-2-uma-douta-paixao-e-os-afetos-na-experiencia-analitica%2F|target:_blank&#8221;][vc_btn title=&#8221;Bibliografia&#8221; color=&#8221;black&#8221; size=&#8221;xs&#8221; css=&#8221;&#8221; link=&#8221;url:https%3A%2F%2Febpbahia.com.br%2Fjornadas%2F2024%2Fa-jornada%2Fbibliografia%2Ftema-2-uma-douta-paixao-e-os-afetos-na-experiencia-analitica%2F|title:Paix%C3%B5es%20do%20falasser%20%E2%80%93%20mortific(a)r%20ou%20vivific(a)r|target:_blank&#8221;][\/vc_column][vc_column width=&#8221;1\/3&#8243;][vc_single_image image=&#8221;408&#8243; css=&#8221;&#8221;][\/vc_column][\/vc_row][vc_row][vc_column][vc_separator color=&#8221;mulled_wine&#8221; css=&#8221;&#8221;][\/vc_column][\/vc_row][vc_row][vc_column width=&#8221;2\/3&#8243;][vc_column_text css=&#8221;&#8221;]\n<h3>Tema 3: Enodamentos e Desenodamentos de (a)paix\u00e3o na Experi\u00eancia Anal\u00edtica<\/h3>\n<h5>C\u00e9lia Salles (EBP\/AMP) &#8211; Coordenadora, Fabi\u00e1n Schejtman (EOL\/AMP) -\u00caxtimo<br \/>\nParticipantes: Camilla Costa (IPB), Cl\u00e1udio Melo (IPB), Concei\u00e7\u00e3o Andrade (IPB), Cristina Maia (EBP\/AMP), Graziela Vasconcelos (IPB), Marcelo Magnelli (EBP\/AMP), Mar\u00edlia Santiago (IPB), Nelson Matheus (IPB), Paulo Dantas (IPB).<\/h5>\n<p>A paix\u00e3o na dobradi\u00e7a do ser-falasser nos colocou diante das diferentes vers\u00f5es do objeto a, sejaele como objeto que falta desde sempre, como furo que denota a falta radical na estrutura, como plus de gozo (objetos pulsionais), como causa de desejo, ou como objeto de amor. A partir dessa abertura nossa dire\u00e7\u00e3o seguiu aos enodamentos e desenodamentos que as paix\u00f5es operam.[\/vc_column_text][vc_empty_space][vc_btn title=&#8221;Leia mais&#8221; color=&#8221;black&#8221; size=&#8221;xs&#8221; css=&#8221;&#8221; link=&#8221;url:https%3A%2F%2Febpbahia.com.br%2Fjornadas%2F2024%2Fa-jornada%2Fgrupos-de-trabalho-apresentacao%2Ftema-3-enodamentos-e-desenodamentos-de-apaixao-na-experiencia-analitica%2F|target:_blank&#8221;][vc_btn title=&#8221;Bibliografia&#8221; color=&#8221;black&#8221; size=&#8221;xs&#8221; css=&#8221;&#8221; link=&#8221;url:https%3A%2F%2Febpbahia.com.br%2Fjornadas%2F2024%2Fa-jornada%2Fbibliografia%2Ftema-3-enodamentos-e-desenodamentos-de-apaixao-na-experiencia-analitica%2F|title:Paix%C3%B5es%20do%20falasser%20%E2%80%93%20mortific(a)r%20ou%20vivific(a)r|target:_blank&#8221;][\/vc_column][vc_column width=&#8221;1\/3&#8243;][vc_single_image image=&#8221;407&#8243; css=&#8221;&#8221;][\/vc_column][\/vc_row][vc_row][vc_column][vc_separator color=&#8221;mulled_wine&#8221; css=&#8221;&#8221;][\/vc_column][\/vc_row][vc_row][vc_column width=&#8221;2\/3&#8243;][vc_column_text css=&#8221;&#8221;]\n<h3>Tema 4: Os usos do humor na experi\u00eancia anal\u00edtica<\/h3>\n<h5>T\u00e2nia Abreu (EBP\/AMP) &#8211; Coordenadora), Fabian Naparstek AME (EOL\/AMP) -\u00caxtimo<br \/>\nParticipantes: Bruno Oliveira (IPB) ,Daniela Nunes Ara\u00fajo (EBP\/AMP), J\u00falia Jones (IPB), Karynna N\u00f3brega (EBP\/AMP), Luiz Mena (EBP\/AMP), Virg\u00ednia Dazzani (IPB) e Wilker Fran\u00e7a (IPB).<\/h5>\n<p>Atendendo ao chamado da Comiss\u00e3o Cient\u00edfica da XXVIII Jornada DA EBP BAHIA E XXIV do IPB constitu\u00edmos um GT para trabalharmos o tema O HUMOR E AS PAIX\u00d5ES DO FALASSER e suas declina\u00e7\u00f5es. Dentre elas destacamos: as varia\u00e7\u00f5es do humor nas psicoses, as paix\u00f5es do objeto com destaque ao mau humor, a segrega\u00e7\u00e3o e o \u00f3dio que se manifestam na contemporaneidade como no bullying e o destino do humor no final de an\u00e1lise&#8230;[\/vc_column_text][vc_empty_space][vc_btn title=&#8221;Leia mais&#8221; color=&#8221;black&#8221; size=&#8221;xs&#8221; css=&#8221;&#8221; link=&#8221;url:https%3A%2F%2Febpbahia.com.br%2Fjornadas%2F2024%2Fa-jornada%2Fgrupos-de-trabalho-apresentacao%2Ftema-4-o-humor-e-as-paixoes-do-falasser-e-suas-declinacoes%2F|target:_blank&#8221;][vc_btn title=&#8221;Bibliografia&#8221; color=&#8221;black&#8221; size=&#8221;xs&#8221; css=&#8221;&#8221; link=&#8221;url:https%3A%2F%2Febpbahia.com.br%2Fjornadas%2F2024%2Fa-jornada%2Fbibliografia%2Ftema-4-o-humor-e-as-paixoes-do-falasser-e-suas-declinacoes%2F|target:_blank&#8221;][\/vc_column][vc_column width=&#8221;1\/3&#8243;][vc_single_image image=&#8221;406&#8243; css=&#8221;&#8221;][\/vc_column][\/vc_row][vc_row][vc_column][vc_separator color=&#8221;mulled_wine&#8221; css=&#8221;&#8221;][\/vc_column][\/vc_row][vc_row][vc_column][vc_column_text css=&#8221;&#8221;]\n<h3 style=\"text-align: center;\">INSCRI\u00c7\u00d5ES<\/h3>\n[\/vc_column_text][vc_empty_space][vc_single_image image=&#8221;145&#8243; css=&#8221;&#8221;][vc_empty_space][vc_raw_html css=&#8221;&#8221;]JTIwJTIwJTIwJTIwJTIwJTIwJTIwJTIwJTIwJTIwJTIwJTIwJTIwJTIwJTIwJTIwJTIwJTIwJTIwJTIwJTIwJTIwJTIwJTIwJTNDdGFibGUlMjB3aWR0aCUzRCUyMjkwJTI1JTIyJTIwYm9yZGVyJTNEJTIyMCUyMiUyMGFsaWduJTNEJTIyY2VudGVyJTIyJTIwY2VsbHBhZGRpbmclM0QlMjIwJTIyJTIwY2VsbHNwYWNpbmclM0QlMjIzJTIyJTNFJTBBJTIwJTIwJTIwJTIwJTIwJTIwJTIwJTIwJTIwJTIwJTIwJTIwJTIwJTIwJTIwJTIwJTIwJTIwJTIwJTIwJTIwJTIwJTIwJTIwJTIwJTIwJTNDdGJvZHklM0UlMEElMjAlMjAlMjAlMjAlMjAlMjAlMjAlMjAlMjAlMjAlMjAlMjAlMjAlMjAlMjAlMjAlMjAlMjAlMjAlMjAlMjAlMjAlMjAlMjAlMjAlMjAlMjAlMjAlM0N0ciUzRSUwQSUyMCUyMCUyMCUyMCUyMCUyMCUyMCUyMCUyMCUyMCUyMCUyMCUyMCUyMCUyMCUyMCUyMCUyMCUyMCUyMCUyMCUyMCUyMCUyMCUyMCUyMCUyMCUyMCUyMCUyMCUzQ3RkJTIwd2lkdGglM0QlMjIyNSUyNSUyMiUyMHZhbGlnbiUzRCUyMmJvdHRvbSUyMiUzRSUzQ3AlMjBzdHlsZSUzRCUyMmZvbnQtZmFtaWx5JTNBJTIwU2Vnb2UlMkMlMjAlMjdTZWdvZSUyMFVJJTI3JTJDJTIwJTI3RGVqYVZ1JTIwU2FucyUyNyUyQyUyMCUyN1RyZWJ1Y2hldCUyME1TJTI3JTJDJTIwVmVyZGFuYSUyQyUyMCUyN3NhbnMtc2VyaWYlMjclM0IlMjBmb250LXNpemUlM0ElMjAxMnB4JTNCJTIwY29sb3IlM0ElMjAlMjMwMDAwMDAlM0IlMjB0ZXh0LWFsaWduJTNBJTIwY2VudGVyJTNCJTIyJTNFTUVNQlJPUyUzQyUyRnAlM0UlM0MlMkZ0ZCUzRSUwQSUyMCUyMCUyMCUyMCUyMCUyMCUyMCUyMCUyMCUyMCUyMCUyMCUyMCUyMCUyMCUyMCUyMCUyMCUyMCUyMCUyMCUyMCUyMCUyMCUyMCUyMCUyMCUyMCUyMCUyMCUzQ3RkJTIwd2lkdGglM0QlMjIyNSUyNSUyMiUyMHZhbGlnbiUzRCUyMmJvdHRvbSUyMiUzRSUzQ3AlMjBzdHlsZSUzRCUyMmZvbnQtZmFtaWx5JTNBJTIwU2Vnb2UlMkMlMjAlMjdTZWdvZSUyMFVJJTI3JTJDJTIwJTI3RGVqYVZ1JTIwU2FucyUyNyUyQyUyMCUyN1RyZWJ1Y2hldCUyME1TJTI3JTJDJTIwVmVyZGFuYSUyQyUyMCUyN3NhbnMtc2VyaWYlMjclM0IlMjBmb250LXNpemUlM0ElMjAxMnB4JTNCJTIwY29sb3IlM0ElMjAlMjMwMDAwMDAlM0IlMjB0ZXh0LWFsaWduJTNBJTIwY2VudGVyJTNCJTIyJTNFQVNTT0NJQURPUyUyMEUlMjBUUE9MJTNDJTJGcCUzRSUzQyUyRnRkJTNFJTBBJTIwJTIwJTIwJTIwJTIwJTIwJTIwJTIwJTIwJTIwJTIwJTIwJTIwJTIwJTIwJTIwJTIwJTIwJTIwJTIwJTIwJTIwJTIwJTIwJTIwJTIwJTIwJTIwJTIwJTIwJTNDdGQlMjB3aWR0aCUzRCUyMjI1JTI1JTIyJTIwdmFsaWduJTNEJTIyYm90dG9tJTIyJTNFJTNDcCUyMHN0eWxlJTNEJTIyZm9udC1mYW1pbHklM0ElMjBTZWdvZSUyQyUyMCUyN1NlZ29lJTIwVUklMjclMkMlMjAlMjdEZWphVnUlMjBTYW5zJTI3JTJDJTIwJTI3VHJlYnVjaGV0JTIwTVMlMjclMkMlMjBWZXJkYW5hJTJDJTIwJTI3c2Fucy1zZXJpZiUyNyUzQiUyMGZvbnQtc2l6ZSUzQSUyMDEycHglM0IlMjBjb2xvciUzQSUyMCUyMzAwMDAwMCUzQiUyMHRleHQtYWxpZ24lM0ElMjBjZW50ZXIlM0IlMjIlM0VQUk9GSVNTSU9OQUlTJTNDJTJGcCUzRSUzQyUyRnRkJTNFJTBBJTIwJTIwJTIwJTIwJTIwJTIwJTIwJTIwJTIwJTIwJTIwJTIwJTIwJTIwJTIwJTIwJTIwJTIwJTIwJTIwJTIwJTIwJTIwJTIwJTIwJTIwJTIwJTIwJTIwJTIwJTNDdGQlMjB3aWR0aCUzRCUyMjI1JTI1JTIyJTIwdmFsaWduJTNEJTIyYm90dG9tJTIyJTNFJTNDcCUyMHN0eWxlJTNEJTIyZm9udC1mYW1pbHklM0ElMjBTZWdvZSUyQyUyMCUyN1NlZ29lJTIwVUklMjclMkMlMjAlMjdEZWphVnUlMjBTYW5zJTI3JTJDJTIwJTI3VHJlYnVjaGV0JTIwTVMlMjclMkMlMjBWZXJkYW5hJTJDJTIwJTI3c2Fucy1zZXJpZiUyNyUzQiUyMGZvbnQtc2l6ZSUzQSUyMDEycHglM0IlMjBjb2xvciUzQSUyMCUyMzAwMDAwMCUzQiUyMHRleHQtYWxpZ24lM0ElMjBjZW50ZXIlM0IlMjIlM0VBTFVOT1MlMjBERSUyMEdSQURVQSVDMyU4NyVDMyU4M08lMjBFJTIwQ1VSU08lMjBSRUdVTEFSJTNDJTJGcCUzRSUzQyUyRnRkJTNFJTBBJTIwJTIwJTIwJTIwJTIwJTIwJTIwJTIwJTIwJTIwJTIwJTIwJTIwJTIwJTIwJTIwJTIwJTIwJTIwJTIwJTIwJTIwJTIwJTIwJTIwJTIwJTIwJTIwJTNDJTJGdHIlM0UlMEElMjAlMjAlMjAlMjAlMjAlMjAlMjAlMjAlMjAlMjAlMjAlMjAlMjAlMjAlMjAlMjAlMjAlMjAlMjAlMjAlMjAlMjAlMjAlMjAlMjAlMjAlMjAlMjAlM0N0ciUzRSUwQSUyMCUyMCUyMCUyMCUyMCUyMCUyMCUyMCUyMCUyMCUyMCUyMCUyMCUyMCUyMCUyMCUyMCUyMCUyMCUyMCUyMCUyMCUyMCUyMCUyMCUyMCUyMCUyMCUyMCUyMCUzQ3RkJTIwd2lkdGglM0QlMjIyNSUyNSUyMiUyMGJnY29sb3IlM0QlMjIlMjNGMUYxRjElMjIlM0UlM0NwJTIwc3R5bGUlM0QlMjJmb250LWZhbWlseSUzQSUyMFNlZ29lJTJDJTIwJTI3U2Vnb2UlMjBVSSUyNyUyQyUyMCUyN0RlamFWdSUyMFNhbnMlMjclMkMlMjAlMjdUcmVidWNoZXQlMjBNUyUyNyUyQyUyMFZlcmRhbmElMkMlMjAlMjdzYW5zLXNlcmlmJTI3JTNCJTIwZm9udC1zaXplJTNBJTIwMTZweCUzQiUyMGNvbG9yJTNBJTIwJTIzMDBBRUVGJTNCJTIwdGV4dC1hbGlnbiUzQSUyMGNlbnRlciUzQiUyMiUzRVIlMjQlMjA0MDAlMkMwMCUzQyUyRnAlM0UlM0MlMkZ0ZCUzRSUwQSUyMCUyMCUyMCUyMCUyMCUyMCUyMCUyMCUyMCUyMCUyMCUyMCUyMCUyMCUyMCUyMCUyMCUyMCUyMCUyMCUyMCUyMCUyMCUyMCUyMCUyMCUyMCUyMCUyMCUyMCUzQ3RkJTIwd2lkdGglM0QlMjIyNSUyNSUyMiUyMGJnY29sb3IlM0QlMjIlMjNGMUYxRjElMjIlM0UlM0NwJTIwc3R5bGUlM0QlMjJmb250LWZhbWlseSUzQSUyMFNlZ29lJTJDJTIwJTI3U2Vnb2UlMjBVSSUyNyUyQyUyMCUyN0RlamFWdSUyMFNhbnMlMjclMkMlMjAlMjdUcmVidWNoZXQlMjBNUyUyNyUyQyUyMFZlcmRhbmElMkMlMjAlMjdzYW5zLXNlcmlmJTI3JTNCJTIwZm9udC1zaXplJTNBJTIwMTZweCUzQiUyMGNvbG9yJTNBJTIwJTIzMDBBRUVGJTNCJTIwdGV4dC1hbGlnbiUzQSUyMGNlbnRlciUzQiUyMiUzRVIlMjQlMjAyNDAlMkMwMCUzQyUyRnAlM0UlM0MlMkZ0ZCUzRSUwQSUyMCUyMCUyMCUyMCUyMCUyMCUyMCUyMCUyMCUyMCUyMCUyMCUyMCUyMCUyMCUyMCUyMCUyMCUyMCUyMCUyMCUyMCUyMCUyMCUyMCUyMCUyMCUyMCUyMCUyMCUzQ3RkJTIwd2lkdGglM0QlMjIyNSUyNSUyMiUyMGJnY29sb3IlM0QlMjIlMjNGMUYxRjElMjIlM0UlM0NwJTIwc3R5bGUlM0QlMjJmb250LWZhbWlseSUzQSUyMFNlZ29lJTJDJTIwJTI3U2Vnb2UlMjBVSSUyNyUyQyUyMCUyN0RlamFWdSUyMFNhbnMlMjclMkMlMjAlMjdUcmVidWNoZXQlMjBNUyUyNyUyQyUyMFZlcmRhbmElMkMlMjAlMjdzYW5zLXNlcmlmJTI3JTNCJTIwZm9udC1zaXplJTNBJTIwMTZweCUzQiUyMGNvbG9yJTNBJTIwJTIzMDBBRUVGJTNCJTIwdGV4dC1hbGlnbiUzQSUyMGNlbnRlciUzQiUyMiUzRVIlMjQlMjAzMjAlMkMwMCUzQyUyRnAlM0UlM0MlMkZ0ZCUzRSUwQSUyMCUyMCUyMCUyMCUyMCUyMCUyMCUyMCUyMCUyMCUyMCUyMCUyMCUyMCUyMCUyMCUyMCUyMCUyMCUyMCUyMCUyMCUyMCUyMCUyMCUyMCUyMCUyMCUyMCUyMCUzQ3RkJTIwd2lkdGglM0QlMjIyNSUyNSUyMiUyMGJnY29sb3IlM0QlMjIlMjNGMUYxRjElMjIlM0UlM0NwJTIwc3R5bGUlM0QlMjJmb250LWZhbWlseSUzQSUyMFNlZ29lJTJDJTIwJTI3U2Vnb2UlMjBVSSUyNyUyQyUyMCUyN0RlamFWdSUyMFNhbnMlMjclMkMlMjAlMjdUcmVidWNoZXQlMjBNUyUyNyUyQyUyMFZlcmRhbmElMkMlMjAlMjdzYW5zLXNlcmlmJTI3JTNCJTIwZm9udC1zaXplJTNBJTIwMTZweCUzQiUyMGNvbG9yJTNBJTIwJTIzMDBBRUVGJTNCJTIwdGV4dC1hbGlnbiUzQSUyMGNlbnRlciUzQiUyMiUzRVIlMjQlMjAxNDAlMkMwMCUzQyUyRnAlM0UlM0MlMkZ0ZCUzRSUwQSUyMCUyMCUyMCUyMCUyMCUyMCUyMCUyMCUyMCUyMCUyMCUyMCUyMCUyMCUyMCUyMCUyMCUyMCUyMCUyMCUyMCUyMCUyMCUyMCUyMCUyMCUyMCUyMCUzQyUyRnRyJTNFJTBBJTIwJTIwJTIwJTIwJTIwJTIwJTIwJTIwJTIwJTIwJTIwJTIwJTIwJTIwJTIwJTIwJTIwJTIwJTIwJTIwJTIwJTIwJTIwJTIwJTIwJTIwJTIwJTIwJTNDdHIlM0UlMEElMjAlMjAlMjAlMjAlMjAlMjAlMjAlMjAlMjAlMjAlMjAlMjAlMjAlMjAlMjAlMjAlMjAlMjAlMjAlMjAlMjAlMjAlMjAlMjAlMjAlMjAlMjAlMjAlMjAlMjAlM0N0ZCUyMHdpZHRoJTNEJTIyMjUlMjUlMjIlM0UlMjZuYnNwJTNCJTNDJTJGdGQlM0UlMEElMjAlMjAlMjAlMjAlMjAlMjAlMjAlMjAlMjAlMjAlMjAlMjAlMjAlMjAlMjAlMjAlMjAlMjAlMjAlMjAlMjAlMjAlMjAlMjAlMjAlMjAlMjAlMjAlMjAlMjAlM0N0ZCUyMHdpZHRoJTNEJTIyMjUlMjUlMjIlM0UlMjZuYnNwJTNCJTNDJTJGdGQlM0UlMEElMjAlMjAlMjAlMjAlMjAlMjAlMjAlMjAlMjAlMjAlMjAlMjAlMjAlMjAlMjAlMjAlMjAlMjAlMjAlMjAlMjAlMjAlMjAlMjAlMjAlMjAlMjAlMjAlMjAlMjAlM0N0ZCUyMHdpZHRoJTNEJTIyMjUlMjUlMjIlM0UlMjZuYnNwJTNCJTNDJTJGdGQlM0UlMEElMjAlMjAlMjAlMjAlMjAlMjAlMjAlMjAlMjAlMjAlMjAlMjAlMjAlMjAlMjAlMjAlMjAlMjAlMjAlMjAlMjAlMjAlMjAlMjAlMjAlMjAlMjAlMjAlMjAlMjAlM0N0ZCUyMHdpZHRoJTNEJTIyMjUlMjUlMjIlM0UlMjZuYnNwJTNCJTNDJTJGdGQlM0UlMEElMjAlMjAlMjAlMjAlMjAlMjAlMjAlMjAlMjAlMjAlMjAlMjAlMjAlMjAlMjAlMjAlMjAlMjAlMjAlMjAlMjAlMjAlMjAlMjAlMjAlMjAlMjAlMjAlM0MlMkZ0ciUzRSUwQSUyMCUyMCUyMCUyMCUyMCUyMCUyMCUyMCUyMCUyMCUyMCUyMCUyMCUyMCUyMCUyMCUyMCUyMCUyMCUyMCUyMCUyMCUyMCUyMCUyMCUyMCUzQyUyRnRib2R5JTNFJTBBJTIwJTIwJTIwJTIwJTIwJTIwJTIwJTIwJTIwJTIwJTIwJTIwJTIwJTIwJTIwJTIwJTIwJTIwJTIwJTIwJTIwJTIwJTNDJTJGdGFibGUlM0U=[\/vc_raw_html][vc_empty_space][vc_btn title=&#8221;INSCRI\u00c7\u00d5ES&#8221; color=&#8221;sky&#8221; size=&#8221;lg&#8221; align=&#8221;center&#8221; css=&#8221;&#8221; link=&#8221;url:https%3A%2F%2Febpbahia.com.br%2Fjornadas%2F2024%2Finscricoes%2F|title:Inscri%C3%A7%C3%B5es&#8221;][\/vc_column][\/vc_row][vc_row css=&#8221;.vc_custom_1715165963575{margin-top: 0px !important;margin-right: 0px !important;margin-bottom: 0px !important;margin-left: 0px !important;border-top-width: 0px !important;border-right-width: 0px !important;border-bottom-width: 0px !important;border-left-width: 0px !important;padding-top: 0px !important;padding-right: 0px !important;padding-bottom: 0px !important;padding-left: 0px !important;background-color: #000000 !important;}&#8221;][vc_column][vc_single_image image=&#8221;370&#8243; css=&#8221;&#8221;][vc_column_text css=&#8221;&#8221;]\n<p style=\"text-align: center;\"><span style=\"color: #ffffff;\"><strong>Diretor Se\u00e7\u00e3o<\/strong> &#8211; Luiz Felipe Monteiro | <strong>Diretora do IPB<\/strong> &#8211; Analicea Calmon<\/span><\/p>\n<p style=\"text-align: center;\"><span style=\"color: #ffffff;\"><strong>Coordenador Geral da Jornada<\/strong> &#8211; Iordan Gurgel<\/span><\/p>\n<p style=\"text-align: center;\"><span style=\"color: #ffffff;\"><strong>Coordenador da Comiss\u00e3o de Comunica\u00e7\u00e3o<\/strong> &#8211; Marcelo Magnelli<\/span><\/p>\n<p style=\"text-align: center;\"><span style=\"color: #ffffff;\"><strong>Comiss\u00e3o de Boletim:<\/strong> Julia Solano(Coord.), Luiz Mena, Claudio Melo, Graziela Vasconcelos,<\/span><br \/>\n<span style=\"color: #ffffff;\">Guacira Cavalcanti, Kleyanne Lima, Liliane Sales, Mar\u00edlia Santiago.<\/span><\/p>\n<p style=\"text-align: center;\"><span style=\"color: #ffffff;\"><strong>Cria\u00e7\u00e3o e Editora\u00e7\u00e3o:<\/strong> Bruno Senna &#8211; <a style=\"color: #ffffff;\" href=\"mailto:sennabruno@gmail.com\">sennabruno@gmail.com<\/a><\/span><\/p>\n[\/vc_column_text][\/vc_column][\/vc_row]\n<\/div>","protected":false},"excerpt":{"rendered":"<p>[vc_row][vc_column][vc_single_image image=&#8221;369&#8243; css=&#8221;&#8221;][vc_empty_space][vc_column_text css=&#8221;&#8221;] EXTRA 001 &#8211; AGOSTO 2024 [\/vc_column_text][\/vc_column][\/vc_row][vc_row][vc_column][vc_separator color=&#8221;mulled_wine&#8221; css=&#8221;&#8221;][\/vc_column][\/vc_row][vc_row][vc_column][vc_column_text css=&#8221;&#8221;] EDITORIAL [\/vc_column_text][vc_empty_space][vc_column_text css=&#8221;&#8221;] Por Julia Solano (EBP\/AMP) Essa edi\u00e7\u00e3o extra ser\u00e1 dedicada a comiss\u00e3o cient\u00edfica das nossas jornadas que, neste ano, se dividiu em grupos de trabalhos.\u00a0 Cada grupo de trabalho est\u00e1 respons\u00e1vel pela produ\u00e7\u00e3o de um relat\u00f3rio que ser\u00e1 apresentado nas&hellip;<\/p>\n","protected":false},"author":1,"featured_media":0,"parent":54,"menu_order":0,"comment_status":"closed","ping_status":"closed","template":"templates\/no-sidebar.php","meta":{"_joinchat":[],"footnotes":""},"class_list":["post-371","page","type-page","status-publish","hentry","entry","no-media"],"_links":{"self":[{"href":"https:\/\/ebpbahia.com.br\/jornadas\/2024\/wp-json\/wp\/v2\/pages\/371","targetHints":{"allow":["GET"]}}],"collection":[{"href":"https:\/\/ebpbahia.com.br\/jornadas\/2024\/wp-json\/wp\/v2\/pages"}],"about":[{"href":"https:\/\/ebpbahia.com.br\/jornadas\/2024\/wp-json\/wp\/v2\/types\/page"}],"author":[{"embeddable":true,"href":"https:\/\/ebpbahia.com.br\/jornadas\/2024\/wp-json\/wp\/v2\/users\/1"}],"replies":[{"embeddable":true,"href":"https:\/\/ebpbahia.com.br\/jornadas\/2024\/wp-json\/wp\/v2\/comments?post=371"}],"version-history":[{"count":8,"href":"https:\/\/ebpbahia.com.br\/jornadas\/2024\/wp-json\/wp\/v2\/pages\/371\/revisions"}],"predecessor-version":[{"id":473,"href":"https:\/\/ebpbahia.com.br\/jornadas\/2024\/wp-json\/wp\/v2\/pages\/371\/revisions\/473"}],"up":[{"embeddable":true,"href":"https:\/\/ebpbahia.com.br\/jornadas\/2024\/wp-json\/wp\/v2\/pages\/54"}],"wp:attachment":[{"href":"https:\/\/ebpbahia.com.br\/jornadas\/2024\/wp-json\/wp\/v2\/media?parent=371"}],"curies":[{"name":"wp","href":"https:\/\/api.w.org\/{rel}","templated":true}]}}