{"id":345,"date":"2024-07-31T05:53:54","date_gmt":"2024-07-31T08:53:54","guid":{"rendered":"https:\/\/ebpbahia.com.br\/jornadas\/2024\/?page_id=345"},"modified":"2024-10-17T18:49:50","modified_gmt":"2024-10-17T21:49:50","slug":"tema-3-enodamentos-e-desenodamentos-de-apaixao-na-experiencia-analitica","status":"publish","type":"page","link":"https:\/\/ebpbahia.com.br\/jornadas\/2024\/a-jornada\/grupos-de-trabalho-apresentacao\/tema-3-enodamentos-e-desenodamentos-de-apaixao-na-experiencia-analitica\/","title":{"rendered":"GT 1: apaix\u00e3o e seus efeitos na Cl\u00ednica\u00a0das\u00a0Psicoses"},"content":{"rendered":"<div class=\"wpb-content-wrapper\">[vc_row][vc_column][vc_column_text css=&#8221;&#8221;]\n<h3><span style=\"color: #000080;\">GT 1: <em>a<\/em>paix\u00e3o e seus efeitos na Cl\u00ednica\u00a0das\u00a0Psicoses<\/span><\/h3>\n<h5><strong>Coordena\u00e7\u00e3o: <\/strong>C\u00e9lia Salles (EBP\/AMP)<\/h5>\n<h5><strong>\u00caxtimo Convidado: <\/strong>Fabi\u00e1n Schejtman (EOL\/AMP)<\/h5>\n<h5><strong>Participantes:<\/strong> Camilla Costa (IPB), Cl\u00e1udio Melo (IPB), Concei\u00e7\u00e3o Andrade (IPB), Cristina Maia (EBP\/AMP), Graziela Vasconcelos (IPB), Marcelo Magnelli (EBP\/AMP), Mar\u00edlia Santiago (IPB), Nelson Matheus (IPB) e Paulo Dantas (IPB).<\/h5>\n<p>A paix\u00e3o na dobradi\u00e7a do ser-falasser nos colocou diante das diferentes vers\u00f5es do objeto <em>a, <\/em>seja ele como objeto que falta desde sempre, como furo que denota a falta radical na estrutura, como plus de gozo (objetos pulsionais), como causa de desejo, ou como objeto de amor. A partir dessa abertura nossa dire\u00e7\u00e3o seguiu aos enodamentos e desenodamentos que as paix\u00f5es operam.<\/p>\n<p>Assim, de uma paix\u00e3o a outra, aludir ao que podemos nomear de \u2018as paix\u00f5es femininas\u2019 que apontam ao gozo n\u00e3o-todo, uma paix\u00e3o que aponta ao real do significante da falta do Outro. Nesse caminho nos deparamos com o amor como paix\u00e3o imagin\u00e1ria no Semin\u00e1rio 1 ao amor aberto a conting\u00eancia, um amor que aponta ao real. Como nos adverte Miller (2004) \u201ctemos, ent\u00e3o, o amor do real, que s\u00f3 se obt\u00e9m sem d\u00favida depois de um longo trabalho. Temos o horror do real evocado por Lacan. E h\u00e1 outras rela\u00e7\u00f5es de\u00a0afeto com o real.\u201d (p. 180).[\/vc_column_text][vc_empty_space]<a href=\"https:\/\/ebpbahia.com.br\/jornadas\/2024\/a-jornada\/bibliografia\/tema-3-enodamentos-e-desenodamentos-de-apaixao-na-experiencia-analitica\/\" class=\"vcex-button theme-button blue inline\"><span class=\"vcex-button-inner theme-button-inner\">Bibliografia<span class=\"vcex-button-icon vcex-icon-wrap theme-button-icon-right\"><span class=\"ticon ticon-book\" aria-hidden=\"true\"><\/span><\/span><\/span><\/a> [\/vc_column][\/vc_row]\n<\/div>","protected":false},"excerpt":{"rendered":"<p>[vc_row][vc_column][vc_column_text css=&#8221;&#8221;] GT 1: apaix\u00e3o e seus efeitos na Cl\u00ednica\u00a0das\u00a0Psicoses Coordena\u00e7\u00e3o: C\u00e9lia Salles (EBP\/AMP) \u00caxtimo Convidado: Fabi\u00e1n Schejtman (EOL\/AMP) Participantes: Camilla Costa (IPB), Cl\u00e1udio Melo (IPB), Concei\u00e7\u00e3o Andrade (IPB), Cristina Maia (EBP\/AMP), Graziela Vasconcelos (IPB), Marcelo Magnelli (EBP\/AMP), Mar\u00edlia Santiago (IPB), Nelson Matheus (IPB) e Paulo Dantas (IPB). A paix\u00e3o na dobradi\u00e7a do ser-falasser nos&hellip;<\/p>\n","protected":false},"author":1,"featured_media":0,"parent":30,"menu_order":0,"comment_status":"closed","ping_status":"closed","template":"templates\/no-sidebar.php","meta":{"_joinchat":[],"footnotes":""},"class_list":["post-345","page","type-page","status-publish","hentry","entry","no-media"],"_links":{"self":[{"href":"https:\/\/ebpbahia.com.br\/jornadas\/2024\/wp-json\/wp\/v2\/pages\/345","targetHints":{"allow":["GET"]}}],"collection":[{"href":"https:\/\/ebpbahia.com.br\/jornadas\/2024\/wp-json\/wp\/v2\/pages"}],"about":[{"href":"https:\/\/ebpbahia.com.br\/jornadas\/2024\/wp-json\/wp\/v2\/types\/page"}],"author":[{"embeddable":true,"href":"https:\/\/ebpbahia.com.br\/jornadas\/2024\/wp-json\/wp\/v2\/users\/1"}],"replies":[{"embeddable":true,"href":"https:\/\/ebpbahia.com.br\/jornadas\/2024\/wp-json\/wp\/v2\/comments?post=345"}],"version-history":[{"count":4,"href":"https:\/\/ebpbahia.com.br\/jornadas\/2024\/wp-json\/wp\/v2\/pages\/345\/revisions"}],"predecessor-version":[{"id":712,"href":"https:\/\/ebpbahia.com.br\/jornadas\/2024\/wp-json\/wp\/v2\/pages\/345\/revisions\/712"}],"up":[{"embeddable":true,"href":"https:\/\/ebpbahia.com.br\/jornadas\/2024\/wp-json\/wp\/v2\/pages\/30"}],"wp:attachment":[{"href":"https:\/\/ebpbahia.com.br\/jornadas\/2024\/wp-json\/wp\/v2\/media?parent=345"}],"curies":[{"name":"wp","href":"https:\/\/api.w.org\/{rel}","templated":true}]}}