{"id":34,"date":"2024-04-26T15:49:23","date_gmt":"2024-04-26T18:49:23","guid":{"rendered":"https:\/\/ebpbahia.com.br\/jornadas\/2024\/?page_id=34"},"modified":"2024-08-29T18:13:37","modified_gmt":"2024-08-29T21:13:37","slug":"convidado","status":"publish","type":"page","link":"https:\/\/ebpbahia.com.br\/jornadas\/2024\/a-jornada\/convidado\/","title":{"rendered":"Convidado"},"content":{"rendered":"<div class=\"wpb-content-wrapper\">[vc_row][vc_column width=&#8221;1\/2&#8243;]<style> style=\"height:35px;\"<\/style><div class=\"vcex-spacing wpex-w-100 wpex-clear\" style=\"height:35px;\"><\/div>[vc_single_image image=&#8221;506&#8243; alignment=&#8221;left&#8221; css=&#8221;&#8221;][\/vc_column][vc_column width=&#8221;1\/2&#8243;][vc_column_text css=&#8221;&#8221;]\n<h3><span style=\"color: #000080;\">MARCUS ANDR\u00c9 VIEIRA<\/span><\/h3>\n<p>AME (Analista Membro da Escola) da EBP e da AMP.<\/p>\n<p>AE de 2012-2015<\/p>\n<p>Analista na cidade do Rio de Janeiro.<\/p>\n<p>Gradua\u00e7\u00e3o em Medicina pela Universidade Federal do Rio de Janeiro,<\/p>\n<p>Dipl\u00f4me Universitaire en Psychiatrie &#8211; Universit\u00e9 de Paris VII,<\/p>\n<p>Dipl\u00f4me D&#8217;\u00e9tudes Approfondies en Psychanalyse &#8211; Universit\u00e9 de Paris VIII e doutorado em Psican\u00e1lise &#8211; Universit\u00e9 de Paris VIII.<\/p>\n<p>Professor adjunto da Pontif\u00edcia Universidade Cat\u00f3lica do Rio de Janeiro (PUC-Rio).[\/vc_column_text][\/vc_column][\/vc_row]\n<\/div>","protected":false},"excerpt":{"rendered":"<p>[vc_row][vc_column width=&#8221;1\/2&#8243;][vc_single_image image=&#8221;506&#8243; alignment=&#8221;left&#8221; css=&#8221;&#8221;][\/vc_column][vc_column width=&#8221;1\/2&#8243;][vc_column_text css=&#8221;&#8221;] MARCUS ANDR\u00c9 VIEIRA AME (Analista Membro da Escola) da EBP e da AMP. AE de 2012-2015 Analista na cidade do Rio de Janeiro. Gradua\u00e7\u00e3o em Medicina pela Universidade Federal do Rio de Janeiro, Dipl\u00f4me Universitaire en Psychiatrie &#8211; Universit\u00e9 de Paris VII, Dipl\u00f4me D&#8217;\u00e9tudes Approfondies en Psychanalyse &#8211;&hellip;<\/p>\n","protected":false},"author":1,"featured_media":0,"parent":23,"menu_order":0,"comment_status":"closed","ping_status":"closed","template":"templates\/no-sidebar.php","meta":{"_joinchat":[],"footnotes":""},"class_list":["post-34","page","type-page","status-publish","hentry","entry","no-media"],"_links":{"self":[{"href":"https:\/\/ebpbahia.com.br\/jornadas\/2024\/wp-json\/wp\/v2\/pages\/34","targetHints":{"allow":["GET"]}}],"collection":[{"href":"https:\/\/ebpbahia.com.br\/jornadas\/2024\/wp-json\/wp\/v2\/pages"}],"about":[{"href":"https:\/\/ebpbahia.com.br\/jornadas\/2024\/wp-json\/wp\/v2\/types\/page"}],"author":[{"embeddable":true,"href":"https:\/\/ebpbahia.com.br\/jornadas\/2024\/wp-json\/wp\/v2\/users\/1"}],"replies":[{"embeddable":true,"href":"https:\/\/ebpbahia.com.br\/jornadas\/2024\/wp-json\/wp\/v2\/comments?post=34"}],"version-history":[{"count":11,"href":"https:\/\/ebpbahia.com.br\/jornadas\/2024\/wp-json\/wp\/v2\/pages\/34\/revisions"}],"predecessor-version":[{"id":510,"href":"https:\/\/ebpbahia.com.br\/jornadas\/2024\/wp-json\/wp\/v2\/pages\/34\/revisions\/510"}],"up":[{"embeddable":true,"href":"https:\/\/ebpbahia.com.br\/jornadas\/2024\/wp-json\/wp\/v2\/pages\/23"}],"wp:attachment":[{"href":"https:\/\/ebpbahia.com.br\/jornadas\/2024\/wp-json\/wp\/v2\/media?parent=34"}],"curies":[{"name":"wp","href":"https:\/\/api.w.org\/{rel}","templated":true}]}}