{"id":337,"date":"2024-07-31T05:49:26","date_gmt":"2024-07-31T08:49:26","guid":{"rendered":"https:\/\/ebpbahia.com.br\/jornadas\/2024\/?page_id=337"},"modified":"2024-10-17T19:15:16","modified_gmt":"2024-10-17T22:15:16","slug":"tema-4-o-humor-e-as-paixoes-do-falasser-e-suas-declinacoes","status":"publish","type":"page","link":"https:\/\/ebpbahia.com.br\/jornadas\/2024\/a-jornada\/bibliografia\/tema-4-o-humor-e-as-paixoes-do-falasser-e-suas-declinacoes\/","title":{"rendered":"GT 4: O Humor e as Paix\u00f5es do Falasser e suas declina\u00e7\u00f5es"},"content":{"rendered":"<div class=\"wpb-content-wrapper\">[vc_row][vc_column][vc_column_text css=&#8221;&#8221;]<strong>Bibliografia:<\/strong><\/p>\n<p><strong><span style=\"color: #000080;\"> Se\u00e7\u00e3o Freud<\/span> <\/strong><\/p>\n<p>FREUD, S. <strong>Os chistes e sua rela\u00e7\u00e3o com o inconsciente<\/strong> (1905) vol. VIII n: Edi\u00e7\u00e3o Standard brasileira das obras psicol\u00f3gicas completas Rio de Janeiro: Imago, 1996.<\/p>\n<p>FREUD, S. <strong>O humor<\/strong> (1927) in: Edi\u00e7\u00e3o Standard brasileira das obras psicol\u00f3gicas completas vol.XXI Rio de Janeiro: Imago, 1996.<\/p>\n<p>FREUD, S.<strong> Inibi<\/strong><strong>\u00e7\u00e3<\/strong><strong>o, sintoma e ang<\/strong><strong>\u00fa<\/strong><strong>stia <\/strong>(1926) vol. Vol.17 in: Edi\u00e7\u00e3o Standard brasileira das obras psicol\u00f3gicas completas Rio de Janeiro: Companhia das Letras.<\/p>\n<p><span style=\"color: #000080;\"><strong> Se\u00e7\u00e3o Lacan<\/strong><\/span><\/p>\n<p>LACAN, J. <strong>O familion<\/strong><strong>\u00e1rio<\/strong><strong>,<\/strong> p\u00e1g. 11 &#8211; 29 in:<strong>O semin\u00e1rio, livro 5: as forma\u00e7\u00f5es do inconsciente <\/strong>Rio de Janeiro: Jorge Zahar, Ed. 1999.<\/p>\n<p>LACAN, J. <strong>A mensagem da tossezinha<\/strong><strong>, <\/strong>p\u00e1g. 151- 169 in: O semin\u00e1rio, livro 6: o desejo e sua interpreta\u00e7\u00e3o Rio de Janeiro: Jorge Zahar, Ed. 2016. p\u00e1g.11-29.<\/p>\n<p>LACAN, J. <strong>Da anedota <\/strong><strong>\u00e0 <\/strong><strong>l<\/strong><strong>\u00f3gica<\/strong><strong>,<\/strong> p\u00e1g. 37- 46 in: O semin\u00e1rio, livro 19: ou pior Rio de Janeiro: Jorge Zahar, Ed. 1999. p\u00e1g.11-29.<\/p>\n<p>LACAN, J. (2003). <strong>Televis<\/strong><strong>\u00e3<\/strong><strong>o.<\/strong> In J. Lacan. <em>Outros escritos<\/em>. Rio de Janeiro: Zahar.<\/p>\n<p><span style=\"color: #000080;\"><strong> Se\u00e7\u00e3o Miller<\/strong><\/span><\/p>\n<p>MILLER, J-A <strong>Variaciones del humor<\/strong> 1\u00aa Ciudad Aut\u00f3noma de Buenas Aires: Paid\u00f3s, 2015.<\/p>\n<p>MILLER, J-A\u00a0 Cl\u00ednica ir\u00f4nica p\u00e1g. 190 in: <strong>Matemas I <\/strong>\u00a0Rio de Janeiro: Zahar, 1996<\/p>\n<p>MILLER, J-A <strong>Extimidad<\/strong> 1\u00aa Ciudad Aut\u00f3noma de Buenas Aires: Paid\u00f3s, 2010.<\/p>\n<p>MILLER, J- A <strong>Nada es sin gozo<\/strong> p\u00e1g. 281- 290 in: Sutilezas anal\u00edticas 1 ed. Buenos Aires: Paid\u00f3s, 2020.<\/p>\n<p><strong>\u00a0<\/strong><span style=\"color: #000080;\"><strong> Se\u00e7\u00e3o outros psicanalistas<\/strong><\/span><\/p>\n<p>CAMPOS, S\u00e9rgio de <strong>A psican<\/strong><strong>\u00e1lise e os transtornos de humor<\/strong> p\u00e1g.287- 301 in: Investiga\u00e7\u00f5es lacanianas sobre as psicoses: volume 1 as psicoses extraordin\u00e1rias Belo Horizonte: Topol\u00f3gica, 2022.<\/p>\n<p>DUNKER, C; THEBAS, C. <strong>O palha\u00e7o e o psicanalista: como escutar os outros pode transformar vidas <\/strong>S\u00e3o Paulo: Planeta do Brasil, 2019.<\/p>\n<p>GOLDENBERG, Mario (Compilador). <strong>Violencia en las escuelas<\/strong>. Buenos Aires: Grama Ediciones, 2011. 168 p.<\/p>\n<p>KUPERMANN, D. <strong>Ousar rir: humor, cria\u00e7\u00e3<\/strong><strong>o e psican<\/strong><strong>\u00e1<\/strong><strong>lise<\/strong> Rio de Janeiro: Civiliza\u00e7\u00e3o brasileira, 2003.<\/p>\n<p>LAURENT, E. <strong>Los objetos de la pasi<\/strong><strong>\u00f3<\/strong><strong>n<\/strong>. Buenos Aires: Tres Haches, 2019.<\/p>\n<p>LAURENT, E. <strong>A sociedade do sintoma: a psican\u00e1lise hoje. <\/strong>Rio de Janeiro: Contracapa livraria, 2017.<\/p>\n<p>Slavutzky, Abr\u00e3o e Kupermann,\u00a0 Daniel <strong>Seria tr<\/strong><strong>\u00e1<\/strong><strong>gico<\/strong><strong>\u2026 <\/strong><strong>se n<\/strong><strong>\u00e3<\/strong><strong>o fosse c<\/strong><strong>\u00f4mico: humor e psican\u00e1<\/strong><strong>lise<\/strong> Rio de Janeiro: Civiliza\u00e7\u00e3o brasileira, 2005<\/p>\n<p>VERAS, M.\u00a0 <strong>A dor de existir<\/strong> p\u00e1g. 125-\u00a0 167 A morte de si. S\u00e3o Paulo: Editora Bregantini, 2023.<\/p>\n<p>VIEIRA, M.A. <strong>A paix\u00e3<\/strong><strong>o<\/strong> Rio de Janeiro: Zahar, 2012<\/p>\n<p><strong><span style=\"color: #000080;\"> Se\u00e7\u00e3o artigos de revistas<\/span> <\/strong><\/p>\n<p>BERENGUER, E. <strong>Testemunho: ensino ir\u00f4<\/strong><strong>nico<\/strong> p\u00e1g. 67- 74 Revista brasileira internacional de psican\u00e1lise. Op\u00e7\u00e3o lacaniana: As pris\u00f5es do gozo n\u00ba 54, maio de 2009.<\/p>\n<p>BERGER, V. <strong>Afeto e humor<\/strong> p\u00e1g 35-37 Revista Scilicet: As psicoses ordin\u00e1rias e as outras- sob transfer\u00eancia S\u00e3o Paulo: Escola Brasileira de Psican\u00e1lise, 2018.<\/p>\n<p>DAIBERT, Daniela de Oliveira Martins Mendes\u00a0 <strong>O supereu no discurso politicamente correto<\/strong> Dispon\u00edvel em: <a href=\"http:\/\/www.opcaolacaniana.com.br\/nranterior\/numero16\/texto8.html\">http:\/\/www.opcaolacaniana.com.br\/nranterior\/numero16\/texto8.html<\/a> in: Op\u00e7\u00e3o Lacaniana online nova s\u00e9rie Ano 6 \u2022 N\u00famero 16 \u2022 mar\u00e7o 2015 \u2022 ISSN 2177-2673<\/p>\n<p>DICKER, S.; BADARI, P.; CALDAS <strong>Entre as paix\u00f5es do Outro e do falasser. Sobre o <\/strong><strong>\u00ea<\/strong><strong>xtimo e a paix\u00e3<\/strong><strong>o<\/strong> Revista Op\u00e7\u00e3o lacaniana online ano7, n\u00ba21, novembro de 2016.[\/vc_column_text][\/vc_column][\/vc_row][vc_row][vc_column][vc_empty_space][vc_empty_space]<a href=\"https:\/\/ebpbahia.com.br\/jornadas\/2024\/a-jornada\/grupos-de-trabalho\/tema-4-o-humor-e-as-paixoes-do-falasser-e-suas-declinacoes\/\" class=\"vcex-button theme-button blue inline\"><span class=\"vcex-button-inner theme-button-inner\">Confira mais sobre o tema<span class=\"vcex-button-icon vcex-icon-wrap theme-button-icon-right\"><span class=\"ticon ticon-search-plus\" aria-hidden=\"true\"><\/span><\/span><\/span><\/a> [\/vc_column][\/vc_row]\n<\/div>","protected":false},"excerpt":{"rendered":"<p>[vc_row][vc_column][vc_column_text css=&#8221;&#8221;]Bibliografia: Se\u00e7\u00e3o Freud FREUD, S. Os chistes e sua rela\u00e7\u00e3o com o inconsciente (1905) vol. VIII n: Edi\u00e7\u00e3o Standard brasileira das obras psicol\u00f3gicas completas Rio de Janeiro: Imago, 1996. FREUD, S. O humor (1927) in: Edi\u00e7\u00e3o Standard brasileira das obras psicol\u00f3gicas completas vol.XXI Rio de Janeiro: Imago, 1996. FREUD, S. Inibi\u00e7\u00e3o, sintoma e ang\u00fastia&hellip;<\/p>\n","protected":false},"author":1,"featured_media":0,"parent":32,"menu_order":0,"comment_status":"closed","ping_status":"closed","template":"","meta":{"_joinchat":[],"footnotes":""},"class_list":["post-337","page","type-page","status-publish","hentry","entry","no-media"],"_links":{"self":[{"href":"https:\/\/ebpbahia.com.br\/jornadas\/2024\/wp-json\/wp\/v2\/pages\/337","targetHints":{"allow":["GET"]}}],"collection":[{"href":"https:\/\/ebpbahia.com.br\/jornadas\/2024\/wp-json\/wp\/v2\/pages"}],"about":[{"href":"https:\/\/ebpbahia.com.br\/jornadas\/2024\/wp-json\/wp\/v2\/types\/page"}],"author":[{"embeddable":true,"href":"https:\/\/ebpbahia.com.br\/jornadas\/2024\/wp-json\/wp\/v2\/users\/1"}],"replies":[{"embeddable":true,"href":"https:\/\/ebpbahia.com.br\/jornadas\/2024\/wp-json\/wp\/v2\/comments?post=337"}],"version-history":[{"count":3,"href":"https:\/\/ebpbahia.com.br\/jornadas\/2024\/wp-json\/wp\/v2\/pages\/337\/revisions"}],"predecessor-version":[{"id":718,"href":"https:\/\/ebpbahia.com.br\/jornadas\/2024\/wp-json\/wp\/v2\/pages\/337\/revisions\/718"}],"up":[{"embeddable":true,"href":"https:\/\/ebpbahia.com.br\/jornadas\/2024\/wp-json\/wp\/v2\/pages\/32"}],"wp:attachment":[{"href":"https:\/\/ebpbahia.com.br\/jornadas\/2024\/wp-json\/wp\/v2\/media?parent=337"}],"curies":[{"name":"wp","href":"https:\/\/api.w.org\/{rel}","templated":true}]}}