{"id":333,"date":"2024-07-31T05:47:24","date_gmt":"2024-07-31T08:47:24","guid":{"rendered":"https:\/\/ebpbahia.com.br\/jornadas\/2024\/?page_id=333"},"modified":"2024-10-17T19:14:57","modified_gmt":"2024-10-17T22:14:57","slug":"tema-2-uma-douta-paixao-e-os-afetos-na-experiencia-analitica","status":"publish","type":"page","link":"https:\/\/ebpbahia.com.br\/jornadas\/2024\/a-jornada\/bibliografia\/tema-2-uma-douta-paixao-e-os-afetos-na-experiencia-analitica\/","title":{"rendered":"GT 2: \u201cUma douta paix\u00e3o\u201d e os afetos na experi\u00eancia anal\u00edtica"},"content":{"rendered":"<div class=\"wpb-content-wrapper\">[vc_row][vc_column][vc_column_text css=&#8221;&#8221;]<strong>Bibliografia:<\/strong><\/p>\n<p><strong>\u00a0<\/strong><\/p>\n<p>Arenas, Gerardo. <strong>Discursos que atrapan cuerpos<\/strong>. Xoroi Edicions, Barcelona, 2024.<\/p>\n<p>Arenas, Gerardo. <strong>L<\/strong><strong>\u00f3<\/strong><strong>gica, saber y deseo del analista<\/strong>. In: El Psicoan\u00e1lisis: Revista de la escuela lacaniana de Psicoan\u00e1lisis. n. 43, 2016. Dispon\u00edvel em: https:\/\/elpsicoanalisis.elp.org.es\/numero-43\/logica-saber-y-deseo-del-analista\/<\/p>\n<p>Barros, R. R. <strong>Da douta ignor\u00e2ncia ao desejo in\u00e9<\/strong><strong>dito<\/strong>. <em>In<\/em>:\u00a0<em>O jogo das paix\u00f5es na experi\u00ea<\/em><em>ncia anal<\/em><em>\u00ed<\/em><em>tica<\/em> (in\u00e9dito). Correio 82, EBP, 2019.<\/p>\n<p>Brodsky, G. e et. al. <strong>Pasiones Lacanianas<\/strong>. Grama Ediciones, Buenos Aires, 2019.<\/p>\n<p>Durand, I. <strong>La investigaci<\/strong><strong>\u00f3<\/strong><strong>n en psicoan<\/strong><strong>\u00e1<\/strong><strong>lisis, una pasi<\/strong><strong>\u00f3<\/strong><strong>n de la ignor<\/strong><strong>\u00e2<\/strong><strong>ncia<\/strong>. Freudiana. n\u00ba 56. Barcelona: Escuela Lacaniana de Psicoan\u00e1lisis, 2024.<\/p>\n<p>Lacan, J. <strong>Variantes do tratamento padr\u00e3<\/strong><strong>o<\/strong>. <em>In:<\/em>\u00a0Escritos. (pp. 323-365). Rio de Janeiro: Jorge Zahar, 1998. (Trabalho Originalmente Publicado em 1955).<\/p>\n<p>Lacan, J. (1958). <strong>A dire\u00e7\u00e3o do tratamento e os princ\u00edpios de seu poder<\/strong>. In: Escritos. Rio de Janeiro: Jorge Zahar, 1998.<\/p>\n<p><em>Lacan, J. <\/em>Li\u00e7\u00e3o IV \u2013 <strong>Da necessidade \u00e0 <\/strong><strong>inexist<\/strong><strong>\u00ea<\/strong><strong>ncia<\/strong>. <em>In: O semin\u00e1<\/em><em>rio,<\/em><em>\u00a0livro 19: \u2026 ou pior. <\/em>Rio de Janeiro: Jorge Zahar Editor, 2011. <em>(Trabalho originalmente publicado em\u00a0<\/em>1971-1972<em>).<\/em><\/p>\n<p>Lacan, J. <strong>Nota italiana<\/strong>. <em>In:<\/em> J. Lacan, Outros escritos (V. Ribeiro, Trad., 307-317 pp.). Rio de Janeiro: Jorge Zahar Editor, 2001. (Trabalho Originalmente Publicado em 1973).<\/p>\n<p>Lacan, J. <strong>O saber do psicanalista<\/strong>: Semin\u00e1rio 1971-1972. Centro de Estudos Freudianos de Recife, 1997.<\/p>\n<p>Lacan, J. <strong>O semin\u00e1rio, livro 1: Os escritos de Freud<\/strong>. pp. 193-309. Rio de Janeiro: Jorge Zahar, 1979 [1953-54]\n<p>Lacan, J. <strong>Proposi<\/strong><strong>\u00e7\u00e3o de 9 de outubro de 1967 sobre o psicanalista da Escola<\/strong>. <em>In:<\/em> J. Lacan.\u00a0<em>Outros escritos<\/em>\u00a0(Vera Ribeiro, Trad.) (pp. 243-265). Rio de Janeiro: Jorge Zahar. (2003).<\/p>\n<p>Lacan, J. <strong>Televis<\/strong><strong>\u00e3<\/strong><strong>o<\/strong>. <em>In:<\/em> J. Lacan.\u00a0<em>Outros escritos<\/em>. Rio de Janeiro: Zahar, 2003 (Trabalho original publicado em 1973)<\/p>\n<p>Laurent, E. <strong><em>A<\/em><\/strong><strong>s paix<\/strong><strong>\u00f5es do ser<\/strong><strong><em>.<\/em><\/strong>\u00a0VII Jornada da EBP\/Bahia. III Jornada do Instituto de Psican\u00e1lise da Bahia. Salvador: EBP\/Bahia, 2000.<\/p>\n<p>Laurent, E. <strong>Los objetos de la pasi<\/strong><strong>\u00f3<\/strong><strong>n<\/strong>. Traducci\u00f3n Marcela Antelo. Buenos Aires: Tres Haches, 2012.<\/p>\n<p>Lispector, C. <strong>A paix\u00e3o segundo G.H<\/strong>. p. 14. 1\u00b0 ed. Rio de Janeiro: Rocco, 2020.<\/p>\n<p>Mac\u00eado, L. <strong>O jogo das paix\u00f5es na experi\u00eancia psicanal\u00ed<\/strong><strong>tica<\/strong>. XIII Congresso de Membros da EBP. S\u00e3o Paulo: Escola Brasileira de Psican\u00e1lise, 2019.<\/p>\n<p>Miller, J.-A<strong>. El ser, es el deseo. El sue<\/strong><strong>\u00f1<\/strong><strong>o su interpretaci<\/strong><strong>\u00f3<\/strong><strong>n y su uso em la cura lacaniana<\/strong>. XII Congresso asocioaci\u00f3n mundial de psicoan\u00e1lisis. Bueno Aires. Del 14 al 18 de Diciembre de 2020.\u00a0 Congresso AMP. Dispon\u00edvel em: <a href=\"https:\/\/congresoamp2020.com\/es\/articulos.php?sec=el-tema&amp;sub=textos-de-orientacion&amp;file=el-tema\/textos-de-orientacion\/el-ser-es-el-deseo.html\">https:\/\/congresoamp2020.com\/es\/articulos.php?sec=el-tema&amp;sub=textos-de-orientacion&amp;file=el-tema\/textos-de-orientacion\/el-ser-es-el-deseo.html<\/a>. Acesso em: 14 de junho de 2024.<\/p>\n<p>Miller, J-A. <strong><em>As paix\u00f5es do ser<\/em><\/strong>. Escola Brasileira de Psican\u00e1lise. Karlimeros, Rio de Janeiro, 1998.<\/p>\n<p>Miller, J-A. <strong>L<\/strong><strong>\u00f3gicas do n\u00e3o-saber em psican\u00e1lise. O paradoxo de um saber sobre a verdade.<\/strong> Op\u00e7\u00e3o Lacaniana, n. 61, p. 9-24, nov. 2011.<\/p>\n<p>Miller, J-A. <strong>O paradoxo de um saber sobre a verdade<\/strong>. Op\u00e7\u00e3o Lacaniana, n. 61, p. 25-40, nov. 2011.<\/p>\n<p>Miller, J-A. <strong>Opera<\/strong><strong>\u00e7\u00e3<\/strong><strong>o anal<\/strong><strong>\u00ed<\/strong><strong>tica, opera<\/strong><strong>\u00e7\u00e3o feminina<\/strong>. Rede Psicanal\u00edtica. Rio Grande do sul. 9 de janeiro de 2019. Dispon\u00edvel em: <a href=\"https:\/\/redpsicoanalitica.org\/2019\/01\/09\/operacion-analitica-operacion-femenina\/\">https:\/\/redpsicoanalitica.org\/2019\/01\/09\/operacion-analitica-operacion-femenina\/<\/a>. Acesso em: 20 abril de 2024.<\/p>\n<p>Miller, J-A.\u00a0<strong>Los signos del goce<\/strong>. Pp. 219 \u2013 235. Buenos Aires: Paid\u00f3s, 1988.<\/p>\n<p>Miller, J-A. <strong>O Ser e o Um<\/strong> (2010-2011). Li\u00e7\u00e3o XII. In\u00e9dito.<\/p>\n<p>Sosa, J. <strong>La docta ignor<\/strong><strong>\u00e2<\/strong><strong>ncia del psicoanalista<\/strong>. Revista Freudiana. n\u00ba 27. Barcelona: Escuela Lacaniana de Psicoan\u00e1lisis, 2024.<\/p>\n<p>Vieira, M. A. <strong>La Pasi<\/strong><strong>\u00f3<\/strong><strong>n de la Ignor<\/strong><strong>\u00e2<\/strong><strong>ncia entre el Saber y el Sentido<\/strong>. Uno por Uno: Revista Mundial de Psican\u00e1lisis<em>. <\/em>Bueno Aires, n. 44, p. 76-82, 1997.<\/p>\n<p>Vieira, M. A. <strong>O analista multiuso (ou o santo e o objeto)<\/strong>. Latusa n. 14, pp. 23-\u00a0\u00a0\u00a0 38. Rio de Janeiro, EBP, 2009.<\/p>\n<p>Vieira, M. A. <strong>O ser da paix\u00e3<\/strong><strong>o<\/strong>. In: Leal, C. E.; Holck, A. L. (Org.) As paix\u00f5es do ser. Rio de Janeiro: Contra Capa, 1998, v. , p.75-90.<\/p>\n<p>Vieira, M.A. <strong>A Paix\u00e3<\/strong><strong>o<\/strong>. <em>In<\/em>: Psican\u00e1lise passo-a-passo. v, 95. Rio de Janeiro: Jorge Zahar, 2011.<\/p>\n<p>Vieira, M.A. <strong>O real da paix\u00e3<\/strong><strong>o<\/strong>. Op\u00e7\u00e3o Lacaniana. S\u00e3o Paulo, v. 31, 2001.[\/vc_column_text][\/vc_column][\/vc_row][vc_row][vc_column][vc_empty_space][vc_empty_space]<a href=\"https:\/\/ebpbahia.com.br\/jornadas\/2024\/a-jornada\/grupos-de-trabalho\/tema-2-uma-douta-paixao-e-os-afetos-na-experiencia-analitica\/\" class=\"vcex-button theme-button blue inline\"><span class=\"vcex-button-inner theme-button-inner\">Confira mais sobre o tema<span class=\"vcex-button-icon vcex-icon-wrap theme-button-icon-right\"><span class=\"ticon ticon-search-plus\" aria-hidden=\"true\"><\/span><\/span><\/span><\/a> [\/vc_column][\/vc_row]\n<\/div>","protected":false},"excerpt":{"rendered":"<p>[vc_row][vc_column][vc_column_text css=&#8221;&#8221;]Bibliografia: \u00a0 Arenas, Gerardo. Discursos que atrapan cuerpos. Xoroi Edicions, Barcelona, 2024. Arenas, Gerardo. L\u00f3gica, saber y deseo del analista. In: El Psicoan\u00e1lisis: Revista de la escuela lacaniana de Psicoan\u00e1lisis. n. 43, 2016. Dispon\u00edvel em: https:\/\/elpsicoanalisis.elp.org.es\/numero-43\/logica-saber-y-deseo-del-analista\/ Barros, R. R. Da douta ignor\u00e2ncia ao desejo in\u00e9dito. In:\u00a0O jogo das paix\u00f5es na experi\u00eancia anal\u00edtica (in\u00e9dito). Correio&hellip;<\/p>\n","protected":false},"author":1,"featured_media":0,"parent":32,"menu_order":0,"comment_status":"closed","ping_status":"closed","template":"","meta":{"_joinchat":[],"footnotes":""},"class_list":["post-333","page","type-page","status-publish","hentry","entry","no-media"],"_links":{"self":[{"href":"https:\/\/ebpbahia.com.br\/jornadas\/2024\/wp-json\/wp\/v2\/pages\/333","targetHints":{"allow":["GET"]}}],"collection":[{"href":"https:\/\/ebpbahia.com.br\/jornadas\/2024\/wp-json\/wp\/v2\/pages"}],"about":[{"href":"https:\/\/ebpbahia.com.br\/jornadas\/2024\/wp-json\/wp\/v2\/types\/page"}],"author":[{"embeddable":true,"href":"https:\/\/ebpbahia.com.br\/jornadas\/2024\/wp-json\/wp\/v2\/users\/1"}],"replies":[{"embeddable":true,"href":"https:\/\/ebpbahia.com.br\/jornadas\/2024\/wp-json\/wp\/v2\/comments?post=333"}],"version-history":[{"count":3,"href":"https:\/\/ebpbahia.com.br\/jornadas\/2024\/wp-json\/wp\/v2\/pages\/333\/revisions"}],"predecessor-version":[{"id":717,"href":"https:\/\/ebpbahia.com.br\/jornadas\/2024\/wp-json\/wp\/v2\/pages\/333\/revisions\/717"}],"up":[{"embeddable":true,"href":"https:\/\/ebpbahia.com.br\/jornadas\/2024\/wp-json\/wp\/v2\/pages\/32"}],"wp:attachment":[{"href":"https:\/\/ebpbahia.com.br\/jornadas\/2024\/wp-json\/wp\/v2\/media?parent=333"}],"curies":[{"name":"wp","href":"https:\/\/api.w.org\/{rel}","templated":true}]}}