{"id":235,"date":"2024-07-08T11:54:24","date_gmt":"2024-07-08T14:54:24","guid":{"rendered":"https:\/\/ebpbahia.com.br\/jornadas\/2024\/?page_id=235"},"modified":"2024-07-08T11:57:28","modified_gmt":"2024-07-08T14:57:28","slug":"jornadas-clinicas","status":"publish","type":"page","link":"https:\/\/ebpbahia.com.br\/jornadas\/2024\/jornadas-clinicas\/","title":{"rendered":"Jornadas Cl\u00ednicas"},"content":{"rendered":"<h6>Equipe organizadora<br \/>\nAl\u00e9ssia Fontenelle (EBP\/AMP); Ana Stela Sande (EBP\/AMP); Lucy de Castro (EBP\/AMP); Nilton Cerqueira (EBP\/AMP) e Pablo Sauce (EBP\/AMP). \u00caxtimo: Fernanda Otoni de Barros Brisset (AME EBP\/AMP).<\/h6>\n<p><img loading=\"lazy\" decoding=\"async\" class=\"alignnone wp-image-183 size-full\" src=\"https:\/\/ebpbahia.com.br\/jornadas\/2024\/wp-content\/uploads\/2024\/06\/boletim001_006.jpg\" alt=\"\" width=\"1280\" height=\"720\" srcset=\"https:\/\/ebpbahia.com.br\/jornadas\/2024\/wp-content\/uploads\/2024\/06\/boletim001_006.jpg 1280w, https:\/\/ebpbahia.com.br\/jornadas\/2024\/wp-content\/uploads\/2024\/06\/boletim001_006-300x169.jpg 300w, https:\/\/ebpbahia.com.br\/jornadas\/2024\/wp-content\/uploads\/2024\/06\/boletim001_006-1024x576.jpg 1024w, https:\/\/ebpbahia.com.br\/jornadas\/2024\/wp-content\/uploads\/2024\/06\/boletim001_006-768x432.jpg 768w\" sizes=\"auto, (max-width: 1280px) 100vw, 1280px\" \/><\/p>\n<p><strong><em>Uma elabora\u00e7\u00e3o Provocada<\/em><\/strong><\/p>\n<h6><strong><em>Nilton Cerqueira \u00a0(EBP\/AMP)<\/em><\/strong><\/h6>\n<p>Se a paix\u00e3o \u00e9 uma experi\u00eancia que marca os corpos com acentos, tempos e matizes discursivas t\u00e3o m\u00faltiplas, onde situarmos um ponto que nos d\u00ea, a n\u00f3s, que nos pomos a par destes casos onde quer que ocorram, ao menos uma orienta\u00e7\u00e3o?<\/p>\n<p>No come\u00e7o desta orienta\u00e7\u00e3o est\u00e1 a transfer\u00eancia, ponto-piv\u00f4 que dar\u00e1 suporte ao elenco de nomes que essas paix\u00f5es encarnam na cena anal\u00edtica. O padecimento que pesa como paix\u00e3o errante num corpo falante j\u00e1 n\u00e3o ser\u00e1 mais o mesmo se o acontecimento da transfer\u00eancia se faz presente.<\/p>\n<p>Que saber novo esse acontecimento incita? Quais afetos a abertura deste campo in\u00e9dito mobiliza? Que resson\u00e2ncias deste acontecimento um praticante tocado pela psican\u00e1lise pode acolher, com sua escuta-leitura, e fazer eco, com seu ato, num caso?<\/p>\n<p>Quem, se n\u00e3o cada um de n\u00f3s (e precisamente quando algo em n\u00f3s opera para al\u00e9m do sentido comum das paix\u00f5es) pode consentir com o bem-dizer, que surpreende essa pr\u00e1tica impregnada de corpos falantes que padecem de paix\u00f5es?<\/p>\n<p>Eis o voto expresso lan\u00e7ado junto com nossas jornadas cl\u00ednicas:<\/p>\n<p>Que cheguem \u00e0 nossa conversa\u00e7\u00e3o os casos atendidos em v\u00e1rios enquadres, em v\u00e1rios momentos do tratamento, conduzidos por v\u00e1rios praticantes que se disp\u00f5em a contribuir, com um fragmento vivo da sua experi\u00eancia cl\u00ednica, para uma elabora\u00e7\u00e3o conjunta provocada pela singularidade com que uma paix\u00e3o \u00e9 tomada no tratamento anal\u00edtico.<\/p>\n<p>Que venham os registros dessas experi\u00eancias com o esfor\u00e7o de elabora\u00e7\u00e3o necess\u00e1rio para que possamos acompanhar as voltas de um caso acossado pelas paix\u00f5es, mas que venham despidos dos conceitos preconcebidos pelo excesso de confian\u00e7a na doutrina que o ensino da psican\u00e1lise sustenta, afinal, s\u00e3o estes casos mesmos que interrogam a doutrina e que emprestam a ela, como no caso de uma conversa\u00e7\u00e3o, vivacidade e efic\u00e1cia cl\u00ednica.<\/p>\n<p>A transmiss\u00e3o de uma experi\u00eancia, com suas voltas em torno das paix\u00f5es, pode fazer vibrar as notas que Freud e Lacan nos ensinam a escutar e extrair de uma maneira que produza consequ\u00eancias fecundas.<\/p>\n<p>Esta \u00e9 nossa aposta posta como convite a cada um de voc\u00eas, leitores da experi\u00eancia apaixonante que a psican\u00e1lise introduz no mundo.<\/p>\n<p>Ao argumento lan\u00e7ado pela comiss\u00e3o ser\u00e3o agregados novos argumentos, seja brotando ao sabor do improviso engajado, nas discuss\u00f5es do Semin\u00e1rio de Forma\u00e7\u00e3o Permanente, seja advindo do rigor decidido de escrita nas publica\u00e7\u00f5es pr\u00e9vias \u00e0 jornada, seja, por fim, mas n\u00e3o menos importante, pelos casos que, trazido \u00e0 luz, possam se fazer argumento cl\u00ednico da fun\u00e7\u00e3o que nos interessa, a fun\u00e7\u00e3o do analista.<\/p>\n<p>&nbsp;<\/p>\n","protected":false},"excerpt":{"rendered":"<p>Equipe organizadora Al\u00e9ssia Fontenelle (EBP\/AMP); Ana Stela Sande (EBP\/AMP); Lucy de Castro (EBP\/AMP); Nilton Cerqueira (EBP\/AMP) e Pablo Sauce (EBP\/AMP). \u00caxtimo: Fernanda Otoni de Barros Brisset (AME EBP\/AMP). Uma elabora\u00e7\u00e3o Provocada Nilton Cerqueira \u00a0(EBP\/AMP) Se a paix\u00e3o \u00e9 uma experi\u00eancia que marca os corpos com acentos, tempos e matizes discursivas t\u00e3o m\u00faltiplas, onde situarmos um&hellip;<\/p>\n","protected":false},"author":1,"featured_media":0,"parent":0,"menu_order":0,"comment_status":"closed","ping_status":"closed","template":"","meta":{"_joinchat":[],"footnotes":""},"class_list":["post-235","page","type-page","status-publish","hentry","entry","no-media"],"_links":{"self":[{"href":"https:\/\/ebpbahia.com.br\/jornadas\/2024\/wp-json\/wp\/v2\/pages\/235","targetHints":{"allow":["GET"]}}],"collection":[{"href":"https:\/\/ebpbahia.com.br\/jornadas\/2024\/wp-json\/wp\/v2\/pages"}],"about":[{"href":"https:\/\/ebpbahia.com.br\/jornadas\/2024\/wp-json\/wp\/v2\/types\/page"}],"author":[{"embeddable":true,"href":"https:\/\/ebpbahia.com.br\/jornadas\/2024\/wp-json\/wp\/v2\/users\/1"}],"replies":[{"embeddable":true,"href":"https:\/\/ebpbahia.com.br\/jornadas\/2024\/wp-json\/wp\/v2\/comments?post=235"}],"version-history":[{"count":2,"href":"https:\/\/ebpbahia.com.br\/jornadas\/2024\/wp-json\/wp\/v2\/pages\/235\/revisions"}],"predecessor-version":[{"id":238,"href":"https:\/\/ebpbahia.com.br\/jornadas\/2024\/wp-json\/wp\/v2\/pages\/235\/revisions\/238"}],"wp:attachment":[{"href":"https:\/\/ebpbahia.com.br\/jornadas\/2024\/wp-json\/wp\/v2\/media?parent=235"}],"curies":[{"name":"wp","href":"https:\/\/api.w.org\/{rel}","templated":true}]}}