{"id":136,"date":"2024-05-08T07:43:27","date_gmt":"2024-05-08T10:43:27","guid":{"rendered":"https:\/\/ebpbahia.com.br\/jornadas\/2024\/?page_id=136"},"modified":"2024-07-08T12:05:26","modified_gmt":"2024-07-08T15:05:26","slug":"boletim-phatos-00","status":"publish","type":"page","link":"https:\/\/ebpbahia.com.br\/jornadas\/2024\/boletim-phatos\/boletim-phatos-00\/","title":{"rendered":"Boletim PH\u00c1TOS #00"},"content":{"rendered":"<div class=\"wpb-content-wrapper\">[vc_row][vc_column][vc_single_image image=&#8221;138&#8243; css=&#8221;&#8221;][vc_empty_space][vc_column_text css=&#8221;&#8221;]\n<h6 style=\"text-align: center;\">#00 &#8211; MAIO 2024<\/h6>\n[\/vc_column_text][\/vc_column][\/vc_row][vc_row][vc_column][vc_separator color=&#8221;mulled_wine&#8221; css=&#8221;&#8221;][\/vc_column][\/vc_row][vc_row][vc_column][vc_column_text css=&#8221;&#8221;]\n<h3>EDITORIAL<\/h3>\n<h6><em>Por Marcelo Magnelli (Coord. da Comiss\u00e3o de Comunica\u00e7\u00e3o) e Julia Solano<\/em><\/h6>\n[\/vc_column_text][vc_empty_space][vc_single_image image=&#8221;142&#8243; css=&#8221;&#8221;][vc_empty_space][vc_column_text css=&#8221;&#8221;]\n<h6><em>por Marcelo Magnelli e Julia Solano<\/em><\/h6>\n<p>Do P\u00e1thos, significante que representa as paix\u00f5es, a \u03a0\u03b1\u03c4\u03b7\u03bf\u03c3, letra grega que escreve o imposs\u00edvel de dizer do pathos que faz padecer os apaixonados. Ou seria, ao contr\u00e1rio?<\/p>\n<p>O afeto \u00e9 a fa\u00edsca produtora do fogo das paix\u00f5es. Lacan toma as paix\u00f5es, em um primeiro momento do seu ensino, como paix\u00f5es do ser. Ao se constituir a partir da linguagem, o sujeito dividido paga um pre\u00e7o com seu ser. \u00c9 um sujeito marcado pela falta a ser. As paix\u00f5es entram a\u00ed como efeitos do padecimento desse sujeito na sua rela\u00e7\u00e3o com o Outro, oferecendo-lhe uma ilus\u00e3o de completude.[\/vc_column_text][vc_empty_space][vc_btn title=&#8221;Leia mais&#8221; color=&#8221;black&#8221; size=&#8221;xs&#8221; css=&#8221;&#8221; link=&#8221;url:https%3A%2F%2Febpbahia.com.br%2Fjornadas%2F2024%2Feditorial-boletim-phatos-01%2F|title:Editorial%20Boletim%20PH%C3%81TOS%20%2301&#8243;][\/vc_column][\/vc_row][vc_row][vc_column][vc_separator color=&#8221;mulled_wine&#8221; css=&#8221;&#8221;][\/vc_column][\/vc_row][vc_row][vc_column][vc_column_text css=&#8221;&#8221;]\n<h3>APRESENTA\u00c7\u00c3O<\/h3>\n<h6><em>Iordan Gurgel &#8211; Coordenador Geral da Jornada<\/em><\/h6>\n[\/vc_column_text][vc_empty_space][vc_single_image image=&#8221;143&#8243; css=&#8221;&#8221;][vc_empty_space][vc_column_text css=&#8221;&#8221;]A Escola, antes de ser um sujeito de direito, adv\u00e9m sob a forma de desejo, que se expressa como acontecimentos de Escola. As Jornadas s\u00e3o da ordem destes acontecimentos. S\u00e3o espa\u00e7os institucionais onde os psicanalistas s\u00e3o convocados a apresentar, formalizar e discutir os efeitos de sua experi\u00eancia com a psican\u00e1lise \u2013 s\u00e3o eventos de pesquisa e transmiss\u00e3o.<\/p>\n<p>Se, por um lado, \u201ca experi\u00eancia anal\u00edtica \u00e9 uma experi\u00eancia coletiva de dois\u201d, a Escola \u2013\u00a0 e aqui nos referimos a Escola Brasileira de Psican\u00e1lise e, por extens\u00e3o, ao Instituto de Psican\u00e1lise da Bahia \u2013\u00a0 obedece a uma \u201cl\u00f3gica coletiva\u201d;\u00a0 o que quer dizer, seguindo Freud e Lacan, que\u00a0 \u2013\u00a0 \u201co coletivo n\u00e3o \u00e9 nada sen\u00e3o o sujeito do individual\u201d. Mas, tamb\u00e9m, quer dizer que a psican\u00e1lise n\u00e3o est\u00e1 confinada ao consult\u00f3rio do psicanalista.[\/vc_column_text][vc_empty_space][vc_btn title=&#8221;Leia mais&#8221; color=&#8221;black&#8221; size=&#8221;xs&#8221; css=&#8221;&#8221; link=&#8221;url:https%3A%2F%2Febpbahia.com.br%2Fjornadas%2F2024%2Fa-jornada%2Fapresentacao%2F|title:Editorial%20Boletim%20PH%C3%81TOS%20%2301&#8243;][\/vc_column][\/vc_row][vc_row][vc_column][vc_separator color=&#8221;mulled_wine&#8221; css=&#8221;&#8221;][\/vc_column][\/vc_row][vc_row][vc_column][vc_column_text css=&#8221;&#8221;]\n<h3>ARGUMENTO<\/h3>\n<h6><em>Comiss\u00e3o cient\u00edfica: Marcelo Veras &#8211; Coordenador, C\u00e9lia Salles, M\u00f4nica Hage, Pablo Sauce, Sonia Vicente, T\u00e2nia Abreu<\/em><\/h6>\n[\/vc_column_text][vc_empty_space][vc_single_image image=&#8221;144&#8243; css=&#8221;&#8221;][vc_empty_space][vc_column_text css=&#8221;&#8221;]O tema das XXVIII Jornadas da EBP \u2013 Ba e XXIV Jornadas do IPB de 2024 foi definido h\u00e1 muitos anos, em novembro de 2000, quando \u00c9ric Laurent realizou um semin\u00e1rio na Se\u00e7\u00e3o Bahia com o t\u00edtulo: As paix\u00f5es do ser: o amor, o \u00f3dio e a ignor\u00e2ncia. Ao final de seu Semin\u00e1rio, ele nos convidou a retomar posteriormente o tema a partir das paix\u00f5es do falasser.<\/p>\n<p>O termo de Lacan, parl\u00eatre, traduzido entre n\u00f3s por falasser, aponta para uma nova conex\u00e3o entre as palavras e as coisas, que se ancora fundamentalmente na articula\u00e7\u00e3o entre lalangue e o real do gozo, constitutivo do inconsciente real. Esse termo surge ap\u00f3s a renova\u00e7\u00e3o da cl\u00ednica psicanal\u00edtica atrav\u00e9s dos n\u00f3s borromeus, cujas bases se encontram no Semin\u00e1rio 20 de Lacan, Mais, ainda&#8230;[\/vc_column_text][vc_btn title=&#8221;Leia mais&#8221; color=&#8221;black&#8221; size=&#8221;xs&#8221; css=&#8221;&#8221; link=&#8221;url:https%3A%2F%2Febpbahia.com.br%2Fjornadas%2F2024%2Fa-jornada%2Fargumento%2F|title:Editorial%20Boletim%20PH%C3%81TOS%20%2301&#8243;][\/vc_column][\/vc_row][vc_row][vc_column][vc_separator color=&#8221;mulled_wine&#8221; css=&#8221;&#8221;][\/vc_column][\/vc_row][vc_row][vc_column][vc_column_text css=&#8221;&#8221;]\n<h3 style=\"text-align: center;\">INSCRI\u00c7\u00d5ES<\/h3>\n<p style=\"text-align: center;\"><strong>VALORES PROMOCIONAIS DE 08 a 11 de MAIO<\/strong><\/p>\n[\/vc_column_text][vc_empty_space][vc_single_image image=&#8221;145&#8243; css=&#8221;&#8221;][vc_empty_space][vc_raw_html css=&#8221;&#8221;]JTNDdGFibGUlMjB3aWR0aCUzRCUyMjkwJTI1JTIyJTIwYm9yZGVyJTNEJTIyMCUyMiUyMGFsaWduJTNEJTIyY2VudGVyJTIyJTIwY2VsbHBhZGRpbmclM0QlMjIwJTIyJTIwY2VsbHNwYWNpbmclM0QlMjIzJTIyJTNFJTBBJTIwJTIwJTIwJTIwJTIwJTIwJTIwJTIwJTIwJTIwJTIwJTIwJTIwJTIwJTIwJTIwJTIwJTIwJTIwJTIwJTIwJTIwJTIwJTIwJTNDdGJvZHklM0UlMEElMjAlMjAlMjAlMjAlMjAlMjAlMjAlMjAlMjAlMjAlMjAlMjAlMjAlMjAlMjAlMjAlMjAlMjAlMjAlMjAlMjAlMjAlMjAlMjAlMjAlMjAlM0N0ciUzRSUwQSUyMCUyMCUyMCUyMCUyMCUyMCUyMCUyMCUyMCUyMCUyMCUyMCUyMCUyMCUyMCUyMCUyMCUyMCUyMCUyMCUyMCUyMCUyMCUyMCUyMCUyMCUyMCUyMCUzQ3RkJTIwd2lkdGglM0QlMjIyNSUyNSUyMiUyMHZhbGlnbiUzRCUyMmJvdHRvbSUyMiUzRSUzQ3AlMjBzdHlsZSUzRCUyMmZvbnQtZmFtaWx5JTNBJTIwU2Vnb2UlMkMlMjAlMjdTZWdvZSUyMFVJJTI3JTJDJTIwJTI3RGVqYVZ1JTIwU2FucyUyNyUyQyUyMCUyN1RyZWJ1Y2hldCUyME1TJTI3JTJDJTIwVmVyZGFuYSUyQyUyMCUyN3NhbnMtc2VyaWYlMjclM0IlMjBmb250LXNpemUlM0ElMjAxMnB4JTNCJTIwY29sb3IlM0ElMjAlMjMwMDAwMDAlM0IlMjB0ZXh0LWFsaWduJTNBJTIwY2VudGVyJTNCJTIyJTNFJTNDc3Ryb25nJTNFTUVNQlJPUyUzQyUyRnN0cm9uZyUzRSUzQyUyRnAlM0UlM0MlMkZ0ZCUzRSUwQSUyMCUyMCUyMCUyMCUyMCUyMCUyMCUyMCUyMCUyMCUyMCUyMCUyMCUyMCUyMCUyMCUyMCUyMCUyMCUyMCUyMCUyMCUyMCUyMCUyMCUyMCUyMCUyMCUzQ3RkJTIwd2lkdGglM0QlMjIyNSUyNSUyMiUyMHZhbGlnbiUzRCUyMmJvdHRvbSUyMiUzRSUzQ3AlMjBzdHlsZSUzRCUyMmZvbnQtZmFtaWx5JTNBJTIwU2Vnb2UlMkMlMjAlMjdTZWdvZSUyMFVJJTI3JTJDJTIwJTI3RGVqYVZ1JTIwU2FucyUyNyUyQyUyMCUyN1RyZWJ1Y2hldCUyME1TJTI3JTJDJTIwVmVyZGFuYSUyQyUyMCUyN3NhbnMtc2VyaWYlMjclM0IlMjBmb250LXNpemUlM0ElMjAxMnB4JTNCJTIwY29sb3IlM0ElMjAlMjMwMDAwMDAlM0IlMjB0ZXh0LWFsaWduJTNBJTIwY2VudGVyJTNCJTIyJTNFJTNDc3Ryb25nJTNFQVNTT0NJQURPUyUyMEUlMjBUUE9MJTNDJTJGc3Ryb25nJTNFJTNDJTJGcCUzRSUzQyUyRnRkJTNFJTBBJTIwJTIwJTIwJTIwJTIwJTIwJTIwJTIwJTIwJTIwJTIwJTIwJTIwJTIwJTIwJTIwJTIwJTIwJTIwJTIwJTIwJTIwJTIwJTIwJTIwJTIwJTIwJTIwJTNDdGQlMjB3aWR0aCUzRCUyMjI1JTI1JTIyJTIwdmFsaWduJTNEJTIyYm90dG9tJTIyJTNFJTNDcCUyMHN0eWxlJTNEJTIyZm9udC1mYW1pbHklM0ElMjBTZWdvZSUyQyUyMCUyN1NlZ29lJTIwVUklMjclMkMlMjAlMjdEZWphVnUlMjBTYW5zJTI3JTJDJTIwJTI3VHJlYnVjaGV0JTIwTVMlMjclMkMlMjBWZXJkYW5hJTJDJTIwJTI3c2Fucy1zZXJpZiUyNyUzQiUyMGZvbnQtc2l6ZSUzQSUyMDEycHglM0IlMjBjb2xvciUzQSUyMCUyMzAwMDAwMCUzQiUyMHRleHQtYWxpZ24lM0ElMjBjZW50ZXIlM0IlMjIlM0UlM0NzdHJvbmclM0VQUk9GSVNTSU9OQUlTJTNDJTJGc3Ryb25nJTNFJTNDJTJGcCUzRSUzQyUyRnRkJTNFJTBBJTIwJTIwJTIwJTIwJTIwJTIwJTIwJTIwJTIwJTIwJTIwJTIwJTIwJTIwJTIwJTIwJTIwJTIwJTIwJTIwJTIwJTIwJTIwJTIwJTIwJTIwJTIwJTIwJTNDdGQlMjB3aWR0aCUzRCUyMjI1JTI1JTIyJTIwdmFsaWduJTNEJTIyYm90dG9tJTIyJTNFJTNDcCUyMHN0eWxlJTNEJTIyZm9udC1mYW1pbHklM0ElMjBTZWdvZSUyQyUyMCUyN1NlZ29lJTIwVUklMjclMkMlMjAlMjdEZWphVnUlMjBTYW5zJTI3JTJDJTIwJTI3VHJlYnVjaGV0JTIwTVMlMjclMkMlMjBWZXJkYW5hJTJDJTIwJTI3c2Fucy1zZXJpZiUyNyUzQiUyMGZvbnQtc2l6ZSUzQSUyMDEycHglM0IlMjBjb2xvciUzQSUyMCUyMzAwMDAwMCUzQiUyMHRleHQtYWxpZ24lM0ElMjBjZW50ZXIlM0IlMjIlM0UlM0NzdHJvbmclM0VBTFVOT1MlMjBERSUyMEdSQURVQSVDMyU4NyVDMyU4M08lMjBFJTIwQ1VSU08lMjBSRUdVTEFSJTNDJTJGc3Ryb25nJTNFJTNDJTJGcCUzRSUzQyUyRnRkJTNFJTBBJTIwJTIwJTIwJTIwJTIwJTIwJTIwJTIwJTIwJTIwJTIwJTIwJTIwJTIwJTIwJTIwJTIwJTIwJTIwJTIwJTIwJTIwJTIwJTIwJTIwJTIwJTNDJTJGdHIlM0UlMEElMjAlMjAlMjAlMjAlMjAlMjAlMjAlMjAlMjAlMjAlMjAlMjAlMjAlMjAlMjAlMjAlMjAlMjAlMjAlMjAlMjAlMjAlMjAlMjAlMjAlMjAlM0N0ciUzRSUwQSUyMCUyMCUyMCUyMCUyMCUyMCUyMCUyMCUyMCUyMCUyMCUyMCUyMCUyMCUyMCUyMCUyMCUyMCUyMCUyMCUyMCUyMCUyMCUyMCUyMCUyMCUyMCUyMCUzQ3RkJTIwd2lkdGglM0QlMjIyNSUyNSUyMiUyMGJnY29sb3IlM0QlMjIlMjNGMUYxRjElMjIlM0UlM0NwJTIwc3R5bGUlM0QlMjJmb250LWZhbWlseSUzQSUyMFNlZ29lJTJDJTIwJTI3U2Vnb2UlMjBVSSUyNyUyQyUyMCUyN0RlamFWdSUyMFNhbnMlMjclMkMlMjAlMjdUcmVidWNoZXQlMjBNUyUyNyUyQyUyMFZlcmRhbmElMkMlMjAlMjdzYW5zLXNlcmlmJTI3JTNCJTIwZm9udC1zaXplJTNBJTIwMjVweCUzQiUyMGNvbG9yJTNBJTIwJTIzMDBBRUVGJTNCJTIwdGV4dC1hbGlnbiUzQSUyMGNlbnRlciUzQiUyMiUzRSUzQ3N0cm9uZyUzRVIlMjQlMjAzMjAlMkMwMCUzQyUyRnN0cm9uZyUzRSUzQyUyRnAlM0UlM0MlMkZ0ZCUzRSUwQSUyMCUyMCUyMCUyMCUyMCUyMCUyMCUyMCUyMCUyMCUyMCUyMCUyMCUyMCUyMCUyMCUyMCUyMCUyMCUyMCUyMCUyMCUyMCUyMCUyMCUyMCUyMCUyMCUzQ3RkJTIwd2lkdGglM0QlMjIyNSUyNSUyMiUyMGJnY29sb3IlM0QlMjIlMjNGMUYxRjElMjIlM0UlM0NwJTIwc3R5bGUlM0QlMjJmb250LWZhbWlseSUzQSUyMFNlZ29lJTJDJTIwJTI3U2Vnb2UlMjBVSSUyNyUyQyUyMCUyN0RlamFWdSUyMFNhbnMlMjclMkMlMjAlMjdUcmVidWNoZXQlMjBNUyUyNyUyQyUyMFZlcmRhbmElMkMlMjAlMjdzYW5zLXNlcmlmJTI3JTNCJTIwZm9udC1zaXplJTNBJTIwMjVweCUzQiUyMGNvbG9yJTNBJTIwJTIzMDBBRUVGJTNCJTIwdGV4dC1hbGlnbiUzQSUyMGNlbnRlciUzQiUyMiUzRSUzQ3N0cm9uZyUzRVIlMjQlMjAyMDAlMkMwMCUzQyUyRnN0cm9uZyUzRSUzQyUyRnAlM0UlM0MlMkZ0ZCUzRSUwQSUyMCUyMCUyMCUyMCUyMCUyMCUyMCUyMCUyMCUyMCUyMCUyMCUyMCUyMCUyMCUyMCUyMCUyMCUyMCUyMCUyMCUyMCUyMCUyMCUyMCUyMCUyMCUyMCUzQ3RkJTIwd2lkdGglM0QlMjIyNSUyNSUyMiUyMGJnY29sb3IlM0QlMjIlMjNGMUYxRjElMjIlM0UlM0NwJTIwc3R5bGUlM0QlMjJmb250LWZhbWlseSUzQSUyMFNlZ29lJTJDJTIwJTI3U2Vnb2UlMjBVSSUyNyUyQyUyMCUyN0RlamFWdSUyMFNhbnMlMjclMkMlMjAlMjdUcmVidWNoZXQlMjBNUyUyNyUyQyUyMFZlcmRhbmElMkMlMjAlMjdzYW5zLXNlcmlmJTI3JTNCJTIwZm9udC1zaXplJTNBJTIwMjVweCUzQiUyMGNvbG9yJTNBJTIwJTIzMDBBRUVGJTNCJTIwdGV4dC1hbGlnbiUzQSUyMGNlbnRlciUzQiUyMiUzRSUzQ3N0cm9uZyUzRVIlMjQlMjAyNDAlMkMwMCUzQyUyRnN0cm9uZyUzRSUzQyUyRnAlM0UlM0MlMkZ0ZCUzRSUwQSUyMCUyMCUyMCUyMCUyMCUyMCUyMCUyMCUyMCUyMCUyMCUyMCUyMCUyMCUyMCUyMCUyMCUyMCUyMCUyMCUyMCUyMCUyMCUyMCUyMCUyMCUyMCUyMCUzQ3RkJTIwd2lkdGglM0QlMjIyNSUyNSUyMiUyMGJnY29sb3IlM0QlMjIlMjNGMUYxRjElMjIlM0UlM0NwJTIwc3R5bGUlM0QlMjJmb250LWZhbWlseSUzQSUyMFNlZ29lJTJDJTIwJTI3U2Vnb2UlMjBVSSUyNyUyQyUyMCUyN0RlamFWdSUyMFNhbnMlMjclMkMlMjAlMjdUcmVidWNoZXQlMjBNUyUyNyUyQyUyMFZlcmRhbmElMkMlMjAlMjdzYW5zLXNlcmlmJTI3JTNCJTIwZm9udC1zaXplJTNBJTIwMjVweCUzQiUyMGNvbG9yJTNBJTIwJTIzMDBBRUVGJTNCJTIwdGV4dC1hbGlnbiUzQSUyMGNlbnRlciUzQiUyMiUzRSUzQ3N0cm9uZyUzRVIlMjQlMjAxMDAlMkMwMCUzQyUyRnN0cm9uZyUzRSUzQyUyRnAlM0UlM0MlMkZ0ZCUzRSUwQSUyMCUyMCUyMCUyMCUyMCUyMCUyMCUyMCUyMCUyMCUyMCUyMCUyMCUyMCUyMCUyMCUyMCUyMCUyMCUyMCUyMCUyMCUyMCUyMCUyMCUyMCUzQyUyRnRyJTNFJTBBJTIwJTIwJTIwJTIwJTIwJTIwJTIwJTIwJTIwJTIwJTIwJTIwJTIwJTIwJTIwJTIwJTIwJTIwJTIwJTIwJTIwJTIwJTIwJTIwJTIwJTIwJTNDdHIlM0UlMEElMjAlMjAlMjAlMjAlMjAlMjAlMjAlMjAlMjAlMjAlMjAlMjAlMjAlMjAlMjAlMjAlMjAlMjAlMjAlMjAlMjAlMjAlMjAlMjAlMjAlMjAlMjAlMjAlM0N0ZCUyMHdpZHRoJTNEJTIyMjUlMjUlMjIlM0UlMjZuYnNwJTNCJTNDJTJGdGQlM0UlMEElMjAlMjAlMjAlMjAlMjAlMjAlMjAlMjAlMjAlMjAlMjAlMjAlMjAlMjAlMjAlMjAlMjAlMjAlMjAlMjAlMjAlMjAlMjAlMjAlMjAlMjAlMjAlMjAlM0N0ZCUyMHdpZHRoJTNEJTIyMjUlMjUlMjIlM0UlMjZuYnNwJTNCJTNDJTJGdGQlM0UlMEElMjAlMjAlMjAlMjAlMjAlMjAlMjAlMjAlMjAlMjAlMjAlMjAlMjAlMjAlMjAlMjAlMjAlMjAlMjAlMjAlMjAlMjAlMjAlMjAlMjAlMjAlMjAlMjAlM0N0ZCUyMHdpZHRoJTNEJTIyMjUlMjUlMjIlM0UlMjZuYnNwJTNCJTNDJTJGdGQlM0UlMEElMjAlMjAlMjAlMjAlMjAlMjAlMjAlMjAlMjAlMjAlMjAlMjAlMjAlMjAlMjAlMjAlMjAlMjAlMjAlMjAlMjAlMjAlMjAlMjAlMjAlMjAlMjAlMjAlM0N0ZCUyMHdpZHRoJTNEJTIyMjUlMjUlMjIlM0UlMjZuYnNwJTNCJTNDJTJGdGQlM0UlMEElMjAlMjAlMjAlMjAlMjAlMjAlMjAlMjAlMjAlMjAlMjAlMjAlMjAlMjAlMjAlMjAlMjAlMjAlMjAlMjAlMjAlMjAlMjAlMjAlMjAlMjAlM0MlMkZ0ciUzRSUwQSUyMCUyMCUyMCUyMCUyMCUyMCUyMCUyMCUyMCUyMCUyMCUyMCUyMCUyMCUyMCUyMCUyMCUyMCUyMCUyMCUyMCUyMCUyMCUyMCUzQyUyRnRib2R5JTNFJTBBJTIwJTIwJTIwJTIwJTIwJTIwJTIwJTIwJTIwJTIwJTIwJTIwJTIwJTIwJTIwJTIwJTIwJTIwJTIwJTIwJTIwJTIwJTNDJTJGdGFibGUlM0U=[\/vc_raw_html][vc_empty_space][vc_btn title=&#8221;INSCRI\u00c7\u00d5ES&#8221; color=&#8221;sky&#8221; size=&#8221;lg&#8221; align=&#8221;center&#8221; css=&#8221;&#8221; link=&#8221;url:https%3A%2F%2Febpbahia.com.br%2Fjornadas%2F2024%2Finscricoes%2F|title:Inscri%C3%A7%C3%B5es&#8221;][\/vc_column][\/vc_row][vc_row css=&#8221;.vc_custom_1715165963575{margin-top: 0px !important;margin-right: 0px !important;margin-bottom: 0px !important;margin-left: 0px !important;border-top-width: 0px !important;border-right-width: 0px !important;border-bottom-width: 0px !important;border-left-width: 0px !important;padding-top: 0px !important;padding-right: 0px !important;padding-bottom: 0px !important;padding-left: 0px !important;background-color: #000000 !important;}&#8221;][vc_column][vc_single_image image=&#8221;139&#8243; css=&#8221;&#8221;][vc_column_text css=&#8221;&#8221;]\n<p style=\"text-align: center;\"><span style=\"color: #ffffff;\"><strong>Diretor Se\u00e7\u00e3o<\/strong> &#8211; Luiz Felipe Monteiro | <strong>Diretora do IPB<\/strong> &#8211; Analicea Calmon<\/span><\/p>\n<p style=\"text-align: center;\"><span style=\"color: #ffffff;\"><strong>Coordenador Geral da Jornada<\/strong> &#8211; Iordan Gurgel<\/span><\/p>\n<p style=\"text-align: center;\"><span style=\"color: #ffffff;\"><strong>Coordenador da Comiss\u00e3o de Comunica\u00e7\u00e3o<\/strong> &#8211; Marcelo Magnelli<\/span><\/p>\n<p style=\"text-align: center;\"><span style=\"color: #ffffff;\"><strong>Comiss\u00e3o de Boletim:<\/strong> Julia Solano(Coord.), Luiz Mena (Coord. Adj.), Claudio Melo, Graziela Vasconcelos,<\/span><br \/>\n<span style=\"color: #ffffff;\">Guacira Cavalcanti, Kleyanne Lima, Liliane Sales, Mar\u00edlia Santiago.<\/span><\/p>\n<p style=\"text-align: center;\"><span style=\"color: #ffffff;\"><strong>Cria\u00e7\u00e3o e Editora\u00e7\u00e3o:<\/strong> Bruno Senna &#8211; <a style=\"color: #ffffff;\" href=\"mailto:sennabruno@gmail.com\">sennabruno@gmail.com<\/a><\/span><\/p>\n[\/vc_column_text][\/vc_column][\/vc_row]\n<\/div>","protected":false},"excerpt":{"rendered":"<p>[vc_row][vc_column][vc_single_image image=&#8221;138&#8243; css=&#8221;&#8221;][vc_empty_space][vc_column_text css=&#8221;&#8221;] #00 &#8211; MAIO 2024 [\/vc_column_text][\/vc_column][\/vc_row][vc_row][vc_column][vc_separator color=&#8221;mulled_wine&#8221; css=&#8221;&#8221;][\/vc_column][\/vc_row][vc_row][vc_column][vc_column_text css=&#8221;&#8221;] EDITORIAL Por Marcelo Magnelli (Coord. da Comiss\u00e3o de Comunica\u00e7\u00e3o) e Julia Solano [\/vc_column_text][vc_empty_space][vc_single_image image=&#8221;142&#8243; css=&#8221;&#8221;][vc_empty_space][vc_column_text css=&#8221;&#8221;] por Marcelo Magnelli e Julia Solano Do P\u00e1thos, significante que representa as paix\u00f5es, a \u03a0\u03b1\u03c4\u03b7\u03bf\u03c3, letra grega que escreve o imposs\u00edvel de dizer do pathos que faz&hellip;<\/p>\n","protected":false},"author":1,"featured_media":0,"parent":54,"menu_order":0,"comment_status":"closed","ping_status":"closed","template":"templates\/no-sidebar.php","meta":{"_joinchat":[],"footnotes":""},"class_list":["post-136","page","type-page","status-publish","hentry","entry","no-media"],"_links":{"self":[{"href":"https:\/\/ebpbahia.com.br\/jornadas\/2024\/wp-json\/wp\/v2\/pages\/136","targetHints":{"allow":["GET"]}}],"collection":[{"href":"https:\/\/ebpbahia.com.br\/jornadas\/2024\/wp-json\/wp\/v2\/pages"}],"about":[{"href":"https:\/\/ebpbahia.com.br\/jornadas\/2024\/wp-json\/wp\/v2\/types\/page"}],"author":[{"embeddable":true,"href":"https:\/\/ebpbahia.com.br\/jornadas\/2024\/wp-json\/wp\/v2\/users\/1"}],"replies":[{"embeddable":true,"href":"https:\/\/ebpbahia.com.br\/jornadas\/2024\/wp-json\/wp\/v2\/comments?post=136"}],"version-history":[{"count":16,"href":"https:\/\/ebpbahia.com.br\/jornadas\/2024\/wp-json\/wp\/v2\/pages\/136\/revisions"}],"predecessor-version":[{"id":242,"href":"https:\/\/ebpbahia.com.br\/jornadas\/2024\/wp-json\/wp\/v2\/pages\/136\/revisions\/242"}],"up":[{"embeddable":true,"href":"https:\/\/ebpbahia.com.br\/jornadas\/2024\/wp-json\/wp\/v2\/pages\/54"}],"wp:attachment":[{"href":"https:\/\/ebpbahia.com.br\/jornadas\/2024\/wp-json\/wp\/v2\/media?parent=136"}],"curies":[{"name":"wp","href":"https:\/\/api.w.org\/{rel}","templated":true}]}}