{"id":510088,"date":"2022-04-28T18:53:37","date_gmt":"2022-04-28T21:53:37","guid":{"rendered":"https:\/\/ebpbahia.com.br\/jornadas\/2022\/?page_id=510088"},"modified":"2022-06-27T09:40:24","modified_gmt":"2022-06-27T12:40:24","slug":"argumento-3","status":"publish","type":"page","link":"https:\/\/ebpbahia.com.br\/jornadas\/2022\/argumento-3\/","title":{"rendered":"Bibliografia"},"content":{"rendered":"[vc_row][vc_column]\n\t\t\t<!-- START pages REVOLUTION SLIDER 6.5.20 --><p class=\"rs-p-wp-fix\"><\/p>\n\t\t\t<rs-module-wrap id=\"rev_slider_2_1_wrapper\" data-source=\"gallery\" style=\"visibility:hidden;background:transparent;padding:0;margin:0px auto;margin-top:0;margin-bottom:0;\">\n\t\t\t\t<rs-module id=\"rev_slider_2_1\" style=\"\" data-version=\"6.5.20\">\n\t\t\t\t\t<rs-slides>\n\t\t\t\t\t\t<rs-slide style=\"position: absolute;\" data-key=\"rs-2\" data-title=\"Slide\" data-anim=\"d:20;ms:1300;f:slidebased;\" data-in=\"o:0;x:ran(-20|20);y:ran(-20|20);r:120;sx:10;sy:10;e:expo.inOut;row:5;col:5;\" data-out=\"a:false;\">\n\t\t\t\t\t\t\t<img src=\"\/\/ebpbahia.com.br\/jornadas\/2022\/wp-content\/plugins\/slider-revolution\/public\/assets\/assets\/dummy.png\" alt=\"\" title=\"banner_bg\" width=\"1240\" height=\"600\" class=\"rev-slidebg tp-rs-img rs-lazyload\" data-lazyload=\"\/\/ebpbahia.com.br\/jornadas\/2022\/wp-content\/uploads\/2022\/04\/banner_bg.png\" data-no-retina>\n<!--\n\t\t\t\t\t\t\t--><rs-layer\n\t\t\t\t\t\t\t\tid=\"slider-2-slide-2-layer-0\" \n\t\t\t\t\t\t\t\tdata-type=\"image\"\n\t\t\t\t\t\t\t\tdata-rsp_ch=\"on\"\n\t\t\t\t\t\t\t\tdata-xy=\"y:c;yo:30px;\"\n\t\t\t\t\t\t\t\tdata-text=\"w:normal;\"\n\t\t\t\t\t\t\t\tdata-dim=\"w:464px;h:300px;\"\n\t\t\t\t\t\t\t\tdata-frame_0=\"x:right;\"\n\t\t\t\t\t\t\t\tdata-frame_1=\"st:840;sp:1000;sR:840;\"\n\t\t\t\t\t\t\t\tdata-frame_999=\"o:0;st:w;sR:7160;\"\n\t\t\t\t\t\t\t\tstyle=\"z-index:5;\"\n\t\t\t\t\t\t\t><img src=\"\/\/ebpbahia.com.br\/jornadas\/2022\/wp-content\/plugins\/slider-revolution\/public\/assets\/assets\/dummy.png\" alt=\"\" class=\"tp-rs-img rs-lazyload\" width=\"759\" height=\"491\" data-lazyload=\"\/\/ebpbahia.com.br\/jornadas\/2022\/wp-content\/uploads\/2022\/04\/banner_mao.png\" data-no-retina> \n\t\t\t\t\t\t\t<\/rs-layer><!--\n\n\t\t\t\t\t\t\t--><rs-layer\n\t\t\t\t\t\t\t\tid=\"slider-2-slide-2-layer-1\" \n\t\t\t\t\t\t\t\tdata-type=\"image\"\n\t\t\t\t\t\t\t\tdata-rsp_ch=\"on\"\n\t\t\t\t\t\t\t\tdata-xy=\"x:r;xo:1px;y:226px;\"\n\t\t\t\t\t\t\t\tdata-text=\"w:normal;\"\n\t\t\t\t\t\t\t\tdata-dim=\"w:598px;h:19px;\"\n\t\t\t\t\t\t\t\tdata-frame_0=\"y:top;\"\n\t\t\t\t\t\t\t\tdata-frame_1=\"st:1280;sp:1000;sR:1280;\"\n\t\t\t\t\t\t\t\tdata-frame_999=\"o:0;st:w;sR:6720;\"\n\t\t\t\t\t\t\t\tstyle=\"z-index:6;\"\n\t\t\t\t\t\t\t><img src=\"\/\/ebpbahia.com.br\/jornadas\/2022\/wp-content\/plugins\/slider-revolution\/public\/assets\/assets\/dummy.png\" alt=\"\" class=\"tp-rs-img rs-lazyload\" width=\"598\" height=\"19\" data-lazyload=\"\/\/ebpbahia.com.br\/jornadas\/2022\/wp-content\/uploads\/2022\/04\/banner_ebp_ipb.png\" data-no-retina> \n\t\t\t\t\t\t\t<\/rs-layer><!--\n\n\t\t\t\t\t\t\t--><rs-layer\n\t\t\t\t\t\t\t\tid=\"slider-2-slide-2-layer-2\" \n\t\t\t\t\t\t\t\tdata-type=\"image\"\n\t\t\t\t\t\t\t\tdata-rsp_ch=\"on\"\n\t\t\t\t\t\t\t\tdata-xy=\"x:r;y:c;yo:20px;\"\n\t\t\t\t\t\t\t\tdata-text=\"w:normal;\"\n\t\t\t\t\t\t\t\tdata-dim=\"w:536px;h:145px;\"\n\t\t\t\t\t\t\t\tdata-frame_0=\"x:right;\"\n\t\t\t\t\t\t\t\tdata-frame_1=\"st:1850;sp:1000;sR:1850;\"\n\t\t\t\t\t\t\t\tdata-frame_999=\"o:0;st:w;sR:6150;\"\n\t\t\t\t\t\t\t\tstyle=\"z-index:7;\"\n\t\t\t\t\t\t\t><img src=\"\/\/ebpbahia.com.br\/jornadas\/2022\/wp-content\/plugins\/slider-revolution\/public\/assets\/assets\/dummy.png\" alt=\"\" class=\"tp-rs-img rs-lazyload\" width=\"536\" height=\"145\" data-lazyload=\"\/\/ebpbahia.com.br\/jornadas\/2022\/wp-content\/uploads\/2022\/04\/banner_titulo.png\" data-no-retina> \n\t\t\t\t\t\t\t<\/rs-layer><!--\n\n\t\t\t\t\t\t\t--><rs-layer\n\t\t\t\t\t\t\t\tid=\"slider-2-slide-2-layer-3\" \n\t\t\t\t\t\t\t\tdata-type=\"image\"\n\t\t\t\t\t\t\t\tdata-rsp_ch=\"on\"\n\t\t\t\t\t\t\t\tdata-xy=\"x:r;y:404px;\"\n\t\t\t\t\t\t\t\tdata-text=\"w:normal;\"\n\t\t\t\t\t\t\t\tdata-dim=\"w:555px;h:59px;\"\n\t\t\t\t\t\t\t\tdata-frame_0=\"y:100%;\"\n\t\t\t\t\t\t\t\tdata-frame_1=\"e:power4.inOut;st:2330;sp:1200;sR:2330;\"\n\t\t\t\t\t\t\t\tdata-frame_999=\"o:0;st:w;sR:5470;\"\n\t\t\t\t\t\t\t\tstyle=\"z-index:8;\"\n\t\t\t\t\t\t\t><img src=\"\/\/ebpbahia.com.br\/jornadas\/2022\/wp-content\/plugins\/slider-revolution\/public\/assets\/assets\/dummy.png\" alt=\"\" class=\"tp-rs-img rs-lazyload\" width=\"555\" height=\"59\" data-lazyload=\"\/\/ebpbahia.com.br\/jornadas\/2022\/wp-content\/uploads\/2022\/04\/banner_data.png\" data-no-retina> \n\t\t\t\t\t\t\t<\/rs-layer><!--\n\n\t\t\t\t\t\t\t--><rs-layer\n\t\t\t\t\t\t\t\tid=\"slider-2-slide-2-layer-4\" \n\t\t\t\t\t\t\t\tdata-type=\"image\"\n\t\t\t\t\t\t\t\tdata-rsp_ch=\"on\"\n\t\t\t\t\t\t\t\tdata-xy=\"y:c;yo:20px;\"\n\t\t\t\t\t\t\t\tdata-text=\"w:normal;\"\n\t\t\t\t\t\t\t\tdata-dim=\"w:9px;h:92px;\"\n\t\t\t\t\t\t\t\tdata-frame_1=\"e:power4.inOut;st:2860;sp:1500;sR:2860;\"\n\t\t\t\t\t\t\t\tdata-frame_999=\"o:0;st:w;sR:4640;\"\n\t\t\t\t\t\t\t\tstyle=\"z-index:9;\"\n\t\t\t\t\t\t\t><img src=\"\/\/ebpbahia.com.br\/jornadas\/2022\/wp-content\/plugins\/slider-revolution\/public\/assets\/assets\/dummy.png\" alt=\"\" class=\"tp-rs-img rs-lazyload\" width=\"9\" height=\"92\" data-lazyload=\"\/\/ebpbahia.com.br\/jornadas\/2022\/wp-content\/uploads\/2022\/04\/banner_artista.png\" data-no-retina> \n\t\t\t\t\t\t\t<\/rs-layer><!--\n-->\t\t\t\t\t\t<\/rs-slide>\n\t\t\t\t\t<\/rs-slides>\n\t\t\t\t<\/rs-module>\n\t\t\t\t<script>\n\t\t\t\t\tsetREVStartSize({c: 'rev_slider_2_1',rl:[1240,1024,778,480],el:[300],gw:[1240],gh:[300],type:'standard',justify:'',layout:'fullwidth',mh:\"0\"});if (window.RS_MODULES!==undefined && window.RS_MODULES.modules!==undefined && window.RS_MODULES.modules[\"revslider21\"]!==undefined) {window.RS_MODULES.modules[\"revslider21\"].once = false;window.revapi2 = undefined;if (window.RS_MODULES.checkMinimal!==undefined) window.RS_MODULES.checkMinimal()}\n\t\t\t\t<\/script>\n\t\t\t<\/rs-module-wrap>\n\t\t\t<!-- END REVOLUTION SLIDER -->\n[vc_empty_space]<div class=\"norebro-heading-sc heading text-left\"\n\tid=\"norebro-custom-69dedefa480fc\" \n\t \n\t>\n\t\n\t\n\t\n\t<h3 class=\"title\">\n\t\tBibliografia\t<\/h3>\n\n\t\n\t\t\t<p class=\"subtitle\">\n\t\t\t\t\t<\/p>\n\t\t\n<\/div>[vc_single_image image=&#8221;510219&#8243; img_size=&#8221;full&#8221;][\/vc_column][\/vc_row][vc_row][vc_column width=&#8221;5\/6&#8243;]<div class=\"norebro-text-sc \" \n\tid=\"norebro-custom-69dedefa48244\" \n\t \n\t>\n\n\t<p>ALBERTI, C. A mulher n\u00e3o existe \u2013 Argumento do Congresso AMP 2022. Dispon\u00edvel em: https:\/\/ebp.org.br\/nordeste\/jornadas\/2021\/mulher-nao-existe-argumento-do-congresso-amp-2022\/?print=print.<\/p>\n<p>ALBERTI, C. O amor nos tempos de \u201cA mulher n\u00e3o existe\u201d. Publica\u00e7\u00e3o eletr\u00f4nica \u2013 X Enapol. Dispon\u00edvel em: https:\/\/www.grandesassisesamp2022.com\/pt-br\/lamour-au-temps-de-la-femme-nexiste-pas\/.<\/p>\n<p>AVEGGIO, R. A fun\u00e7\u00e3o do amor e a \u00e9poca neoliberal. <strong>Lacan XXI \u2013 Revista FAPOL On-line<\/strong>, Buenos Aires, v. 10, p. 57-59, maio 2021. Dispon\u00edvel em: <a href=\"http:\/\/www.lacan21.com\/sitio\/wp-content\/uploads\/2021\/05\/Lacan-21-n10-maio-2021-PORT.pdf\">http:\/\/www.lacan21.com\/sitio\/wp-content\/uploads\/2021\/05\/Lacan-21-n10-maio-2021-PORT.pdf<\/a>.<\/p>\n<p>BARTHES, R. <strong>Fragmentos de um discurso amoroso<\/strong>. (1977) Trad. M. V. de Aguiar. S\u00e3o Paulo: Martins Fontes, 2003.<\/p>\n<p>BAUMAN, Z. <strong>Amor l\u00edquido<\/strong>: sobre a fragilidade dos la\u00e7os humanos. Rio de Janeiro: Jorge Zahar Ed., 2004.<\/p>\n<p>BELLOU, M. Beyond the fantasy principle. <strong>Lacanian Review On-line<\/strong>, n. 37, June 11th, 2016. Dispon\u00edvel em: <a href=\"http:\/\/www.thelacanianreviews.com\/beyond-the-fantasy-principle\/\">http:\/\/www.thelacanianreviews.com\/beyond-the-fantasy-principle\/<\/a>.<\/p>\n<p>BERENGUER, E.; REITER, G. Usos del amor psico\u0301tico y su tratamiento en la cura: el caso Amador. In: MILLER, J.-A. <em>et al<\/em>. <strong>La pareja y el amor<\/strong>: conversaciones cli\u0301nicas con Jacques-Alain Miller en Barcelona. Buenos Aires: Paido\u0301s, 2003. p. 318-351.<\/p>\n<p>FAJNWAKS, F. Lo real del amor. Transmiss\u00e3o pelo canal Yoica AC no YouTube. s\/d. Dispon\u00edvel em: <a href=\"https:\/\/www.youtube.com\/watch?v=OnFnLfriEjY\">https:\/\/www.youtube.com\/watch?v=OnFnLfriEjY<\/a>.<\/p>\n<p>FAJNWAKS, F. El discurso capitalista y lo imposible. Jornadas EBP-Bahia, 2021. In\u00e9dito.<\/p>\n<p>FREUD, S. Um tipo especial de escolha de objeto feita pelos homens (Contribui\u00e7\u00f5es \u00e0 psicologia do amor I). (1910) In: FREUD, S. <strong>Cinco li\u00e7\u00f5es de psican\u00e1lise, Leonardo da Vinci e outros trabalhos<\/strong>. Rio de Janeiro: Imago, 1996. p. 147-157. (Edi\u00e7\u00e3o Standard Brasileira das Obras Psicol\u00f3gicas Completas de Sigmund Freud, XI)<\/p>\n<p>FREUD, S. Sobre a tend\u00eancia universal \u00e0 deprecia\u00e7\u00e3o na esfera do amor (Contribui\u00e7\u00f5es \u00e0 psicologia do amor II). (1912) In: FREUD, S. <strong>Cinco li\u00e7\u00f5es de psican\u00e1lise, Leonardo da Vinci e outros trabalhos<\/strong>. Rio de Janeiro: Imago, 1996. p. 159-173. (Edi\u00e7\u00e3o Standard Brasileira das Obras Psicol\u00f3gicas Completas de Sigmund Freud, XI)<\/p>\n<p>FREUD, S. Sobre a mais geral degrada\u00e7\u00e3o da vida amorosa (Contribui\u00e7\u00f5es \u00e0 psicologia da vida amorosa II). (1912) In: FREUD, S. <strong>Amor, sexualidade, feminilidade<\/strong>. Belo Horizonte: Aut\u00eantica Editora, 2018. p.137-153. (Obras Incompletas de Sigmund Freud)<\/p>\n<p>FREUD, S. Sobre o narcisismo: uma introdu\u00e7\u00e3o. (1914) In: FREUD, S. <strong>A hist\u00f3ria do movimento psicanal\u00edtico, artigos sobre metapsicologia e outros trabalhos<\/strong>. Rio de Janeiro: Imago, 1996. p. 89-119. (Edi\u00e7\u00e3o Standard Brasileira das Obras Psicol\u00f3gicas Completas de Sigmund Freud, XIV)<\/p>\n<p>FREUD, S. Observa\u00e7\u00f5es sobre o amor transferencial (novas recomenda\u00e7\u00f5es sobre a t\u00e9cnica da psican\u00e1lise III). (1915) In: FREUD, S.<strong> O caso Schreber, artigos sobre t\u00e9cnica e outros trabalhos<\/strong>. Rio de Janeiro: Imago, 1996. (Edi\u00e7\u00e3o Standard Brasileira das Obras Psicol\u00f3gicas Completas de Sigmund Freud, XII)<\/p>\n<p>FREUD, S. O tabu da virgindade (Contribui\u00e7\u00f5es a\u0300 psicologia do amor III). (1917) In: FREUD, S. <strong>Cinco li\u00e7\u00f5es de psican\u00e1lise, Leonardo da Vinci e outros trabalhos<\/strong>. Rio de Janeiro: Imago, 1996. (Edi\u00e7\u00e3o Standard Brasileira das Obras Psicol\u00f3gicas Completas de Sigmund Freud, XI)<\/p>\n<p>FREUD, S. O mal-estar na civiliza\u00e7\u00e3o. (1930) In: FREUD, S. <strong>O futuro de uma ilus\u00e3o, O mal-estar na civiliza\u00e7\u00e3o e outros trabalhos<\/strong>. Rio de Janeiro: Imago, 2002. (Edi\u00e7\u00e3o Standard Brasileira das Obras Psicol\u00f3gicas Completas de Sigmund Freud, XXI)<\/p>\n<p>GIDDENS, A. <strong>A transforma\u00e7\u00e3o da intimidade<\/strong>: sexualidade, amor e erotismo nas sociedades modernas. Trad. Magda Lopes. S\u00e3o Paulo: UNESP, 1993.<\/p>\n<p>GOLDENBERG, M. Isto \u00e9 amor? Seu signo em psican\u00e1lise. <strong>Lacan XXI \u2013 Revista FAPOL On-line<\/strong>, Buenos Aires , v. 10, p. 54-56, maio 2021. Dispon\u00edvel em: <a href=\"http:\/\/www.lacan21.com\/sitio\/wp-content\/uploads\/2021\/05\/Lacan-21-n10-maio-2021-PORT.pdf\">http:\/\/www.lacan21.com\/sitio\/wp-content\/uploads\/2021\/05\/Lacan-21-n10-maio-2021-PORT.pdf<\/a>.<\/p>\n<p>HAN, B.-C. <strong>Agonia do Eros<\/strong>. Petr\u00f3polis: Vozes, 2017.<\/p>\n<p>ILLOUZ, E. No cora\u00e7\u00e3o pulsante da cultura. Entrevista com Eva Illouz. <strong>Contempor\u00e2nea, Revista de Sociologia da UFSCar<\/strong>, S\u00e3o Carlos, v. 6, n. 2, p. 299-308, jul.\/dez. 2016. Dispon\u00edvel em: <a href=\"https:\/\/www.contemporanea.ufscar.br\/index.php\/contemporanea\/article\/view\/423\">https:\/\/www.contemporanea.ufscar.br\/index.php\/contemporanea\/article\/view\/423<\/a>.<\/p>\n<p>LACAN, J. O amor cort\u00eas em anamorfose. (1959) In: LACAN, J. <strong>O semin\u00e1rio<\/strong>, livro 7: <strong>A \u00e9tica da psican\u00e1lise<\/strong>. (1960-1961) Rio de Janeiro: Jorge Zahar Ed., 1988. p. 169-187.<\/p>\n<p>LACAN, J. O amor ao pr\u00f3ximo. (1959) In: LACAN, J. <strong>O semin\u00e1rio<\/strong>, livro 7: \u00a0<strong>A \u00e9tica da psican\u00e1lise<\/strong>. (1960-1961) Rio de Janeiro: Jorge Zahar Ed., 1988. p. 215-228.<\/p>\n<p>LACAN, J. <strong>O semin\u00e1rio<\/strong>, livro 8: <strong>A transfer\u00eancia<\/strong>. (1960-1961) Rio de Janeiro: Jorge Zahar Ed., 1998.<\/p>\n<p>LACAN, J. Conf\u00e9r\u00e9nce \u00e0 l&#8217;Universit\u00e9 de Milan. (1972) <strong>Espaces Lacan<\/strong> \u2013 Lacan en Italie 1953-1978. Dispon\u00edvel em: <a href=\"http:\/\/espace.freud.pagesperso-orange.fr\/topos\/psycha\/psysem\/italie.htm\">http:\/\/espace.freud.pagesperso-orange.fr\/topos\/psycha\/psysem\/italie.htm<\/a>.<\/p>\n<p>LACAN, J. O aturdito. (1972) In: LACAN, J. <strong>Outros escritos<\/strong>. Rio de Janeiro: Jorge Zahar, 2003. p. 448-497.<\/p>\n<p>LACAN, J. <strong>O semin\u00e1rio<\/strong>, livro 19: <strong>&#8230;ou pior<\/strong>. (1971-1972) Rio de Janeiro: Jorge Zahar Ed., 2012.<\/p>\n<p>LACAN, J. <strong>O semin\u00e1rio<\/strong>, livro 20: <strong>Mais, ainda<\/strong>. (1972-1973) Rio de Janeiro: Jorge Zahar Ed., 1985.<\/p>\n<p>LACAN, J. <strong>Estou falando com as paredes<\/strong>: conversas na Capela de Sainte-Anne. Trad. Vera Ribeiro; revis\u00e3o te\u0301cnica: Romildo do Re\u0302go Barros. Rio de Janeiro: Jorge Zahar Ed., 2011. p. 83-103.<\/p>\n<p>LEDUC, C. Seul dans ta zone de tendresse. <strong>Le Diable probablement amoureux<\/strong>, Paris, Verdier, n. 10, p. 30-35, 2012.<\/p>\n<p>LEDUC, C. XXIIIEBCF &#8211; Entrevista Leduc &#8211; Parte 2. Entrevista para o XXIII Encontro Brasileiro do Campo Freudiano. Transmiss\u00e3o pelo canal EBP no YouTube, mar. 2021. Dispon\u00edvel em: <a href=\"https:\/\/www.youtube.com\/watch?v=kYp2BXWDHLc\">https:\/\/www.youtube.com\/watch?v=kYp2BXWDHLc<\/a>.<\/p>\n<p>LEIMANN, D. Nur du, quand Pina Bausch danse l\u2019amour. <strong>Le Diable probablement amoureux<\/strong>, Paris, Verdier, n. 10, p. 23-25, 2012.<\/p>\n<p>LEIMANN, D. Pina de Wim Wenders. In: ANTELO, M. (Org.). <strong>Mulheres de hoje<\/strong>. Petr\u00f3polis: KBR, 2012. p. 71-73.<\/p>\n<p>LIPOVETSKY, G. <strong>A era do vazio<\/strong>: ensaios sobre o individualismo contempor\u00e2neo. (1989) Barueri: Editora Manole, 2005.<\/p>\n<p>MANDIL, R. Conferencia \u2013 Es real el amor? In: <strong>Psicoan\u00e1lisis en tiempo real<\/strong>: urgencias, inercias, precipitaciones. C\u00f3rdoba: Babel Editorial, 2019. p. 13-43.<\/p>\n<p>MILLER, J.-A. A teoria do parceiro. In: ESCOLA BRASILEIRA DE PSICAN\u00c1LISE (Org.). <strong>Os circuitos do desejo na vida e na an\u00e1lise<\/strong>. Rio de Janeiro: ContraCapa, 2000. p. 153-207.<\/p>\n<p>MILLER, J.-A. <strong>El banquete de los analistas<\/strong>. Buenos Aires: Paid\u00f3s. 2011.<\/p>\n<p>MILLER, J.-A. (Org.). <strong>El amor en las psicosis<\/strong>. Buenos Aires: Paid\u00f3s, 2011.<\/p>\n<p>MILLER, J.-A. Problemas de pareja, cinco modelos. In: MILLER, J.-A. <em>et al<\/em>. <strong>La pareja y el amor<\/strong>: conversaciones cli\u0301nicas con Jacques-Alain Miller en Barcelona. Buenos Aires: Paido\u0301s, 2003. p. 15-20.<\/p>\n<p>MILLER, J.-A. Degradaci\u00f3n de la vida amorosa. In: MILLER, J.-A. <strong>Los divinos detalles<\/strong>: los cursos psicoanal\u00edticos de Jacques-Alain Miller. Buenos Aires: Paid\u00f3s, 2010. p. 77-99.<\/p>\n<p>MILLER, J.-A. Uma conversa sobre o amor. <em>Op\u00e7\u00e3o Lacaniana online,<\/em> Nova s\u00e9rie, ano I, n. 2, jul. 2010. Dispon\u00edvel em: <a href=\"http:\/\/www.opcaolacaniana.com.br\/nranterior\/numero2\/texto1.html\">http:\/\/www.opcaolacaniana.com.br\/nranterior\/numero2\/texto1.html<\/a>.<\/p>\n<p><strong>MILLER, J.-A. Minha garota e eu. Op\u00e7\u00e3o Lacaniana online<\/strong><em>,<\/em> Nova s\u00e9rie, ano I<strong>, n. 2, jul. 2010. Dispon\u00edvel em: <\/strong><a href=\"http:\/\/www.opcaolacaniana.com.br\/nranterior\/numero2\/texto3.html\">http:\/\/www.opcaolacaniana.com.br\/nranterior\/numero2\/texto3.html<\/a><\/p>\n<p>MILLER, J.-A. Os seis paradigmas do gozo. <strong>Op\u00e7\u00e3o Lacaniana online<\/strong>, Nova s\u00e9rie, ano 3, n. 7, mar. 2012. Dispon\u00edvel em: <a href=\"http:\/\/www.opcaolacaniana.com.br\/pdf\/numero_7\/Os_seis_paradigmas_do_gozo.pdf\">http:\/\/www.opcaolacaniana.com.br\/pdf\/numero_7\/Os_seis_paradigmas_do_gozo.pdf<\/a><\/p>\n<p>MILLER, J.-A. <strong>O osso de uma an\u00e1lise + O inconsciente e o corpo falante<\/strong>. Rio de Janeiro: Jorge Zahar Ed., 2015.<\/p>\n<p>MILLER, J.-A. Uma partilha sexual. <strong>Op\u00e7\u00e3o Lacaniana online<\/strong>, Nova s\u00e9rie, ano 7, n. 20, jul. 2016. Dispon\u00edvel em: <a href=\"http:\/\/www.opcaolacaniana.com.br\/pdf\/numero_20\/Uma_partilha_sexual.pdf\">www.opcaolacaniana.com.br\/pdf\/numero_20\/Uma_partilha_sexual.pdf<\/a>.<\/p>\n<p>MONTEIRO, C. P. Da solid\u00e3o do <em>Um<\/em> \u00e0s inven\u00e7\u00f5es na parceria amorosa. <strong>Lacan XXI \u2013 Revista FAPOL On-line<\/strong>, Buenos Aires, v. 10, p. 32-34, maio 2021. Dispon\u00edvel em: <a href=\"http:\/\/www.lacan21.com\/sitio\/wp-content\/uploads\/2021\/05\/Lacan-21-n10-maio-2021-PORT.pdf\">http:\/\/www.lacan21.com\/sitio\/wp-content\/uploads\/2021\/05\/Lacan-21-n10-maio-2021-PORT.pdf<\/a>.<\/p>\n<p>NEGRO, M. A. O amor e a ordem de ferro. <strong>Lacan XXI \u2013 Revista FAPOL On-line<\/strong>, Buenos Aires, v. 10, p. 65-67, maio 2021. Dispon\u00edvel em: <a href=\"http:\/\/www.lacan21.com\/sitio\/wp-content\/uploads\/2021\/05\/Lacan-21-n10-maio-2021-PORT.pdf\">http:\/\/www.lacan21.com\/sitio\/wp-content\/uploads\/2021\/05\/Lacan-21-n10-maio-2021-PORT.pdf<\/a>.<\/p>\n<p>PALOMERA, V. Un poco de dos es mucho. In: MILLER, J.-A. <em>et al<\/em>. <strong>La pareja y el amor<\/strong>: conversaciones cl\u00ednicas con Jacques-Alain Miller en Barcelona. Buenos Aires: Paid\u00f3s, 2003. p. 261-283.<\/p>\n<p>PLATA\u0303O. <strong>Banquete, Fe\u0301don, Sofista e Poli\u0301tico<\/strong>. Trad. Jose\u0301 Cavalcante de Souza, Jorge Paleikat e Joa\u0303o Cruz Costa. Sa\u0303o Paulo: Nova Cultural, 1991. (Colec\u0327a\u0303o Os Pensadores)<\/p>\n<p>REQUENA, P. Un amor no tan idiota. <strong>Consecuencias, Revista Digital de Psicoan\u00e1lisis, Arte y Pensamiento<\/strong>, Buenos Aires, ed. 24, 2020. Dispon\u00edvel em: <a href=\"http:\/\/www.revconsecuencias.com.ar\/ediciones\/024\/arts\/derivaciones\/un-amor-no-tan-idiota.html\">http:\/\/www.revconsecuencias.com.ar\/ediciones\/024\/arts\/derivaciones\/un-amor-no-tan-idiota.html<\/a>.<\/p>\n<p>TENDLARZ, S. E.; R\u00cdOS, C. (relatores). O novo no amor e o de sempre. X ENAPOL. Dispon\u00edvel em: <a href=\"http:\/\/enapol.com\/pt\/conversacoes\/as-loucuras-do-amor-devastacoes-arrebatos-paixoes-desbordadas-ciumes-infidelidade\/\">http:\/\/enapol.com\/pt\/conversacoes\/as-loucuras-do-amor-devastacoes-arrebatos-paixoes-desbordadas-ciumes-infidelidade\/<\/a>.<\/p>\n<p>TENENBAUM, T. <strong>El fin del amor<\/strong>: amar y coger en el siglo XXI. Buenos Aires: Ariel, 2019.<\/p>\n<p>T\u00c1BOAS, C. G. <strong>El Amor, A\u00fan<\/strong>: una lectura del Seminario 20 de Lacan y sus fuentes antiguas. Buenos Aires: Grama, 2020.<\/p>\n<p>VIEIRA, M. A. Claro\/oscuro de lo femenino. Entre el falo y el Otro goce. Transmiss\u00e3o do canal Discusiones Cl\u00ednicas no YouTube. 18 mar. 2022. Dispon\u00edvel em: https:\/\/www.youtube.com\/watch?v=XV46Rbarg7Y.<\/p>\n\t\n<\/div>[\/vc_column][vc_column width=&#8221;1\/6&#8243;]<div class=\"norebro-icon-box-sc icon-box text-center\" \n\tid=\"norebro-custom-69dedefa482bc\" \n\t \n\t>\n\n\t<div class=\"icon-wrap\">\n\t\t\t\t\t<span class=\"linea-basic-sheet-pen\"><\/span>\n\t\t\t<\/div>\n\n\t<div class=\"content-wrap\">\n\n\t\t<div class=\"content-center with-full\">\n\t\t\t<div class=\"wrap\">\n\t\t\t\t<h3>DOWNLOAD PDF<\/h3>\n\t\t\t\t\t\t\t<\/div>\n\t\t<\/div>\n\t\t\n\t\t\t<\/div>\n\t\t\n\t\t<p class=\"description content-full\">\n\t\t\t\t\t<\/p>\n\n\t\t\t\t\t<a class=\"btn\" href=\"https:\/\/ebpbahia.com.br\/jornadas\/2022\/wp-content\/uploads\/2022\/06\/Bibliografia.pdf\"\n\t\t\t>\n\t\t\t\tRead more\t\t\t\t\t\t\t<\/a>\n\t\t\n\t\t\n<\/div>[\/vc_column][\/vc_row]\n","protected":false},"excerpt":{"rendered":"<p>[vc_row][vc_column][vc_empty_space][vc_single_image image=&#8221;510219&#8243; img_size=&#8221;full&#8221;][\/vc_column][\/vc_row][vc_row][vc_column width=&#8221;5\/6&#8243;][\/vc_column][vc_column width=&#8221;1\/6&#8243;][\/vc_column][\/vc_row]<\/p>\n","protected":false},"author":2,"featured_media":0,"parent":0,"menu_order":0,"comment_status":"closed","ping_status":"closed","template":"","meta":[],"acf":[],"_links":{"self":[{"href":"https:\/\/ebpbahia.com.br\/jornadas\/2022\/wp-json\/wp\/v2\/pages\/510088"}],"collection":[{"href":"https:\/\/ebpbahia.com.br\/jornadas\/2022\/wp-json\/wp\/v2\/pages"}],"about":[{"href":"https:\/\/ebpbahia.com.br\/jornadas\/2022\/wp-json\/wp\/v2\/types\/page"}],"author":[{"embeddable":true,"href":"https:\/\/ebpbahia.com.br\/jornadas\/2022\/wp-json\/wp\/v2\/users\/2"}],"replies":[{"embeddable":true,"href":"https:\/\/ebpbahia.com.br\/jornadas\/2022\/wp-json\/wp\/v2\/comments?post=510088"}],"version-history":[{"count":9,"href":"https:\/\/ebpbahia.com.br\/jornadas\/2022\/wp-json\/wp\/v2\/pages\/510088\/revisions"}],"predecessor-version":[{"id":510402,"href":"https:\/\/ebpbahia.com.br\/jornadas\/2022\/wp-json\/wp\/v2\/pages\/510088\/revisions\/510402"}],"wp:attachment":[{"href":"https:\/\/ebpbahia.com.br\/jornadas\/2022\/wp-json\/wp\/v2\/media?parent=510088"}],"curies":[{"name":"wp","href":"https:\/\/api.w.org\/{rel}","templated":true}]}}